{"id":548,"date":"2023-05-10T22:00:33","date_gmt":"2023-05-10T20:00:33","guid":{"rendered":"https:\/\/dispear-records.com\/?post_type=product&#038;p=548"},"modified":"2025-12-15T20:33:16","modified_gmt":"2025-12-15T19:33:16","slug":"cassette-abuse-process-of-stupidity","status":"publish","type":"product","link":"https:\/\/dispear-records.com\/index.php\/produit\/cassette-abuse-process-of-stupidity\/","title":{"rendered":"SOLD OUT &#8211; [Cassette] Abuse &#8211;  Process Of Stupidity"},"content":{"rendered":"<p>Les bretons ont le sang chaud ! Cet album du quatuor rennais sonne avec l&rsquo;authenticit\u00e9 d\u2019un punk 77. Une sorte de synth\u00e8se entre le premier album des The Damned ou un bon vieux Peter and the Test Tube Babies, avec la fra\u00eecheur de Youth Avoiders ou Jodie Faster, avec leur son tr\u00e8s actuel ! Grosso modo, t\u2019as une guitare assez claire, un chant tr\u00e8s typ\u00e9 punk 77 avec les choeurs qui vont bien, et un son global qui donne un c\u00f4t\u00e9 garage qui ne sera pas sans nous rappeler \u201cThe Hives\u201d ! Si t\u2019en a marre d\u2019\u00e9couter les m\u00eames albums rinc\u00e9s des Ramones, des Damned ou des Buzzcocks, et si tu crois que le punk rock est n\u00e9 et mort en 77, cet album est l\u00e0 pour te faire changer d\u2019avis !!<\/p>\n<p>Tirage limit\u00e9 \u00e0 50 exemplaires.<\/p>\n<p><em>Enregistr\u00e9 par Jacky Cadiou At The Movies Studio<\/em><\/p>\n<p><iframe style=\"border: 0; width: 400px; height: 472px;\" src=\"https:\/\/bandcamp.com\/EmbeddedPlayer\/album=3239783003\/size=large\/bgcol=ffffff\/linkcol=333333\/artwork=small\/transparent=true\/\" seamless=\"\"><a href=\"https:\/\/abuseabuseabuse.bandcamp.com\/album\/process-of-stupidity\">Process Of Stupidity de Abuse<\/a><\/iframe><\/p>\n","protected":false},"excerpt":{"rendered":"<p><strong>Abuse &#8211; Process Of Stupidity<\/strong><br \/>\n2020 \/\/ 13 tracks<br \/>\nPunk rock<br \/>\nRennes<\/p>\n","protected":false},"featured_media":551,"template":"","meta":[],"product_brand":[],"product_cat":[48,19],"product_tag":[28],"class_list":{"0":"post-548","1":"product","2":"type-product","3":"status-publish","4":"has-post-thumbnail","6":"product_cat-abuse","7":"product_cat-cassettes","8":"product_tag-punk-rock","10":"first","11":"outofstock","12":"shipping-taxable","13":"purchasable","14":"product-type-simple"},"yoast_head":"<!-- This site is optimized with the Yoast SEO plugin v27.5 - https:\/\/yoast.com\/product\/yoast-seo-wordpress\/ -->\n<title>SOLD OUT - [Cassette] Abuse - Process Of Stupidity - Dispear Records<\/title>\n<meta name=\"description\" content=\"Enfin dispo en cassette, l&#039;album Process Of Stupidity des rennais d&#039;Abuse va vous faire ressentir la fraicheur du punk rock 77 sauce actuelle !\" \/>\n<meta name=\"robots\" content=\"index, follow, max-snippet:-1, max-image-preview:large, max-video-preview:-1\" \/>\n<link rel=\"canonical\" href=\"https:\/\/dispear-records.com\/index.php\/produit\/cassette-abuse-process-of-stupidity\/\" \/>\n<meta property=\"og:locale\" content=\"fr_FR\" \/>\n<meta property=\"og:type\" content=\"article\" \/>\n<meta property=\"og:title\" content=\"SOLD OUT - [Cassette] Abuse - Process Of Stupidity - Dispear Records\" \/>\n<meta property=\"og:description\" content=\"Enfin dispo en cassette, l&#039;album Process Of Stupidity des rennais d&#039;Abuse va vous faire ressentir la fraicheur du punk rock 77 sauce actuelle !\" \/>\n<meta property=\"og:url\" content=\"https:\/\/dispear-records.com\/index.php\/produit\/cassette-abuse-process-of-stupidity\/\" \/>\n<meta property=\"og:site_name\" content=\"Dispear Records\" \/>\n<meta property=\"article:modified_time\" content=\"2025-12-15T19:33:16+00:00\" \/>\n<meta property=\"og:image\" content=\"https:\/\/dispear-records.com\/wp-content\/uploads\/2023\/05\/IMG_3542-1000.jpg\" \/>\n\t<meta property=\"og:image:width\" content=\"1000\" \/>\n\t<meta property=\"og:image:height\" content=\"1000\" \/>\n\t<meta property=\"og:image:type\" content=\"image\/jpeg\" \/>\n<meta name=\"twitter:card\" content=\"summary_large_image\" \/>\n<meta name=\"twitter:label1\" content=\"Dur\u00e9e de lecture estim\u00e9e\" \/>\n\t<meta name=\"twitter:data1\" content=\"1 minute\" \/>\n<script type=\"application\/ld+json\" class=\"yoast-schema-graph\">{\"@context\":\"https:\\\/\\\/schema.org\",\"@graph\":[{\"@type\":\"WebPage\",\"@id\":\"https:\\\/\\\/dispear-records.com\\\/index.php\\\/produit\\\/cassette-abuse-process-of-stupidity\\\/\",\"url\":\"https:\\\/\\\/dispear-records.com\\\/index.php\\\/produit\\\/cassette-abuse-process-of-stupidity\\\/\",\"name\":\"SOLD OUT - [Cassette] Abuse - Process Of Stupidity - Dispear Records\",\"isPartOf\":{\"@id\":\"https:\\\/\\\/dispear-records.com\\\/#website\"},\"primaryImageOfPage\":{\"@id\":\"https:\\\/\\\/dispear-records.com\\\/index.php\\\/produit\\\/cassette-abuse-process-of-stupidity\\\/#primaryimage\"},\"image\":{\"@id\":\"https:\\\/\\\/dispear-records.com\\\/index.php\\\/produit\\\/cassette-abuse-process-of-stupidity\\\/#primaryimage\"},\"thumbnailUrl\":\"https:\\\/\\\/dispear-records.com\\\/wp-content\\\/uploads\\\/2023\\\/05\\\/IMG_3542-1000.jpg\",\"datePublished\":\"2023-05-10T20:00:33+00:00\",\"dateModified\":\"2025-12-15T19:33:16+00:00\",\"description\":\"Enfin dispo en cassette, l'album Process Of Stupidity des rennais d'Abuse va vous faire ressentir la fraicheur du punk rock 77 sauce actuelle !\",\"breadcrumb\":{\"@id\":\"https:\\\/\\\/dispear-records.com\\\/index.php\\\/produit\\\/cassette-abuse-process-of-stupidity\\\/#breadcrumb\"},\"inLanguage\":\"fr-FR\",\"potentialAction\":[{\"@type\":\"ReadAction\",\"target\":[\"https:\\\/\\\/dispear-records.com\\\/index.php\\\/produit\\\/cassette-abuse-process-of-stupidity\\\/\"]}]},{\"@type\":\"ImageObject\",\"inLanguage\":\"fr-FR\",\"@id\":\"https:\\\/\\\/dispear-records.com\\\/index.php\\\/produit\\\/cassette-abuse-process-of-stupidity\\\/#primaryimage\",\"url\":\"https:\\\/\\\/dispear-records.com\\\/wp-content\\\/uploads\\\/2023\\\/05\\\/IMG_3542-1000.jpg\",\"contentUrl\":\"https:\\\/\\\/dispear-records.com\\\/wp-content\\\/uploads\\\/2023\\\/05\\\/IMG_3542-1000.jpg\",\"width\":1000,\"height\":1000},{\"@type\":\"BreadcrumbList\",\"@id\":\"https:\\\/\\\/dispear-records.com\\\/index.php\\\/produit\\\/cassette-abuse-process-of-stupidity\\\/#breadcrumb\",\"itemListElement\":[{\"@type\":\"ListItem\",\"position\":1,\"name\":\"Accueil\",\"item\":\"https:\\\/\\\/dispear-records.com\\\/\"},{\"@type\":\"ListItem\",\"position\":2,\"name\":\"Boutique\",\"item\":\"https:\\\/\\\/dispear-records.com\\\/\"},{\"@type\":\"ListItem\",\"position\":3,\"name\":\"SOLD OUT &#8211; [Cassette] Abuse &#8211; Process Of Stupidity\"}]},{\"@type\":\"WebSite\",\"@id\":\"https:\\\/\\\/dispear-records.com\\\/#website\",\"url\":\"https:\\\/\\\/dispear-records.com\\\/\",\"name\":\"Dispear Records\",\"description\":\"DIY punk &amp; hardcore label\",\"publisher\":{\"@id\":\"https:\\\/\\\/dispear-records.com\\\/#organization\"},\"potentialAction\":[{\"@type\":\"SearchAction\",\"target\":{\"@type\":\"EntryPoint\",\"urlTemplate\":\"https:\\\/\\\/dispear-records.com\\\/?s={search_term_string}\"},\"query-input\":{\"@type\":\"PropertyValueSpecification\",\"valueRequired\":true,\"valueName\":\"search_term_string\"}}],\"inLanguage\":\"fr-FR\"},{\"@type\":\"Organization\",\"@id\":\"https:\\\/\\\/dispear-records.com\\\/#organization\",\"name\":\"Dispear Records\",\"url\":\"https:\\\/\\\/dispear-records.com\\\/\",\"logo\":{\"@type\":\"ImageObject\",\"inLanguage\":\"fr-FR\",\"@id\":\"https:\\\/\\\/dispear-records.com\\\/#\\\/schema\\\/logo\\\/image\\\/\",\"url\":\"https:\\\/\\\/dispear-records.com\\\/wp-content\\\/uploads\\\/2021\\\/06\\\/cropped-cropped-dispear.png\",\"contentUrl\":\"https:\\\/\\\/dispear-records.com\\\/wp-content\\\/uploads\\\/2021\\\/06\\\/cropped-cropped-dispear.png\",\"width\":2592,\"height\":709,\"caption\":\"Dispear Records\"},\"image\":{\"@id\":\"https:\\\/\\\/dispear-records.com\\\/#\\\/schema\\\/logo\\\/image\\\/\"}}]}<\/script>\n<!-- \/ Yoast SEO plugin. -->","yoast_head_json":{"title":"SOLD OUT - [Cassette] Abuse - Process Of Stupidity - Dispear Records","description":"Enfin dispo en cassette, l'album Process Of Stupidity des rennais d'Abuse va vous faire ressentir la fraicheur du punk rock 77 sauce actuelle !","robots":{"index":"index","follow":"follow","max-snippet":"max-snippet:-1","max-image-preview":"max-image-preview:large","max-video-preview":"max-video-preview:-1"},"canonical":"https:\/\/dispear-records.com\/index.php\/produit\/cassette-abuse-process-of-stupidity\/","og_locale":"fr_FR","og_type":"article","og_title":"SOLD OUT - [Cassette] Abuse - Process Of Stupidity - Dispear Records","og_description":"Enfin dispo en cassette, l'album Process Of Stupidity des rennais d'Abuse va vous faire ressentir la fraicheur du punk rock 77 sauce actuelle !","og_url":"https:\/\/dispear-records.com\/index.php\/produit\/cassette-abuse-process-of-stupidity\/","og_site_name":"Dispear Records","article_modified_time":"2025-12-15T19:33:16+00:00","og_image":[{"width":1000,"height":1000,"url":"https:\/\/dispear-records.com\/wp-content\/uploads\/2023\/05\/IMG_3542-1000.jpg","type":"image\/jpeg"}],"twitter_card":"summary_large_image","twitter_misc":{"Dur\u00e9e de lecture estim\u00e9e":"1 minute"},"schema":{"@context":"https:\/\/schema.org","@graph":[{"@type":"WebPage","@id":"https:\/\/dispear-records.com\/index.php\/produit\/cassette-abuse-process-of-stupidity\/","url":"https:\/\/dispear-records.com\/index.php\/produit\/cassette-abuse-process-of-stupidity\/","name":"SOLD OUT - [Cassette] Abuse - Process Of Stupidity - Dispear Records","isPartOf":{"@id":"https:\/\/dispear-records.com\/#website"},"primaryImageOfPage":{"@id":"https:\/\/dispear-records.com\/index.php\/produit\/cassette-abuse-process-of-stupidity\/#primaryimage"},"image":{"@id":"https:\/\/dispear-records.com\/index.php\/produit\/cassette-abuse-process-of-stupidity\/#primaryimage"},"thumbnailUrl":"https:\/\/dispear-records.com\/wp-content\/uploads\/2023\/05\/IMG_3542-1000.jpg","datePublished":"2023-05-10T20:00:33+00:00","dateModified":"2025-12-15T19:33:16+00:00","description":"Enfin dispo en cassette, l'album Process Of Stupidity des rennais d'Abuse va vous faire ressentir la fraicheur du punk rock 77 sauce actuelle !","breadcrumb":{"@id":"https:\/\/dispear-records.com\/index.php\/produit\/cassette-abuse-process-of-stupidity\/#breadcrumb"},"inLanguage":"fr-FR","potentialAction":[{"@type":"ReadAction","target":["https:\/\/dispear-records.com\/index.php\/produit\/cassette-abuse-process-of-stupidity\/"]}]},{"@type":"ImageObject","inLanguage":"fr-FR","@id":"https:\/\/dispear-records.com\/index.php\/produit\/cassette-abuse-process-of-stupidity\/#primaryimage","url":"https:\/\/dispear-records.com\/wp-content\/uploads\/2023\/05\/IMG_3542-1000.jpg","contentUrl":"https:\/\/dispear-records.com\/wp-content\/uploads\/2023\/05\/IMG_3542-1000.jpg","width":1000,"height":1000},{"@type":"BreadcrumbList","@id":"https:\/\/dispear-records.com\/index.php\/produit\/cassette-abuse-process-of-stupidity\/#breadcrumb","itemListElement":[{"@type":"ListItem","position":1,"name":"Accueil","item":"https:\/\/dispear-records.com\/"},{"@type":"ListItem","position":2,"name":"Boutique","item":"https:\/\/dispear-records.com\/"},{"@type":"ListItem","position":3,"name":"SOLD OUT &#8211; [Cassette] Abuse &#8211; Process Of Stupidity"}]},{"@type":"WebSite","@id":"https:\/\/dispear-records.com\/#website","url":"https:\/\/dispear-records.com\/","name":"Dispear Records","description":"DIY punk &amp; hardcore label","publisher":{"@id":"https:\/\/dispear-records.com\/#organization"},"potentialAction":[{"@type":"SearchAction","target":{"@type":"EntryPoint","urlTemplate":"https:\/\/dispear-records.com\/?s={search_term_string}"},"query-input":{"@type":"PropertyValueSpecification","valueRequired":true,"valueName":"search_term_string"}}],"inLanguage":"fr-FR"},{"@type":"Organization","@id":"https:\/\/dispear-records.com\/#organization","name":"Dispear Records","url":"https:\/\/dispear-records.com\/","logo":{"@type":"ImageObject","inLanguage":"fr-FR","@id":"https:\/\/dispear-records.com\/#\/schema\/logo\/image\/","url":"https:\/\/dispear-records.com\/wp-content\/uploads\/2021\/06\/cropped-cropped-dispear.png","contentUrl":"https:\/\/dispear-records.com\/wp-content\/uploads\/2021\/06\/cropped-cropped-dispear.png","width":2592,"height":709,"caption":"Dispear Records"},"image":{"@id":"https:\/\/dispear-records.com\/#\/schema\/logo\/image\/"}}]}},"_links":{"self":[{"href":"https:\/\/dispear-records.com\/index.php\/wp-json\/wp\/v2\/product\/548","targetHints":{"allow":["GET"]}}],"collection":[{"href":"https:\/\/dispear-records.com\/index.php\/wp-json\/wp\/v2\/product"}],"about":[{"href":"https:\/\/dispear-records.com\/index.php\/wp-json\/wp\/v2\/types\/product"}],"wp:featuredmedia":[{"embeddable":true,"href":"https:\/\/dispear-records.com\/index.php\/wp-json\/wp\/v2\/media\/551"}],"wp:attachment":[{"href":"https:\/\/dispear-records.com\/index.php\/wp-json\/wp\/v2\/media?parent=548"}],"wp:term":[{"taxonomy":"product_brand","embeddable":true,"href":"https:\/\/dispear-records.com\/index.php\/wp-json\/wp\/v2\/product_brand?post=548"},{"taxonomy":"product_cat","embeddable":true,"href":"https:\/\/dispear-records.com\/index.php\/wp-json\/wp\/v2\/product_cat?post=548"},{"taxonomy":"product_tag","embeddable":true,"href":"https:\/\/dispear-records.com\/index.php\/wp-json\/wp\/v2\/product_tag?post=548"}],"curies":[{"name":"wp","href":"https:\/\/api.w.org\/{rel}","templated":true}]}}