{"id":561,"date":"2023-05-23T10:54:17","date_gmt":"2023-05-23T08:54:17","guid":{"rendered":"https:\/\/dispear-records.com\/?post_type=product&#038;p=561"},"modified":"2023-11-11T13:28:25","modified_gmt":"2023-11-11T12:28:25","slug":"cassette-la-k7-pourrie-de-quelques-pauvres-merdes-de-la-f2d2ration-internationale-de-poesie-zero","status":"publish","type":"product","link":"https:\/\/dispear-records.com\/index.php\/produit\/cassette-la-k7-pourrie-de-quelques-pauvres-merdes-de-la-f2d2ration-internationale-de-poesie-zero\/","title":{"rendered":"SOLD OUT &#8211; [Cassette] LA K7 POURRIE DE QUELQUES PAUVRES MERDES DE LA F2D2RATION INTERNATIONALE DE POESIE ZERO"},"content":{"rendered":"<p>Tout est dit dans le titre, non ? Mais au cas o\u00f9 : c&rsquo;est une k7 avec un morceau de POESIE ZERO (tu sais les nantais qui insultent tout le monde en majuscules), et plein d&rsquo;autres morceaux de mecs qui ont pris un peu trop au s\u00e9rieux les paroles de la chanson F2D2RATION INTERNATIONALE DE POESIE ZERO. Du coup ils ont mont\u00e9 des f\u00e9d\u00e9rations locales de POESIE ZERO un peu partout pour faire leur propre POESIE ZERO \u00e0 base de remix des chansons de POESIE ZERO, ou carr\u00e9ment des compos originales dans le style de POESIE ZERO. Puisque ce sont eux aussi des POESIE ZERO. Voila.<\/p>\n<p>100 exemplaires ! Oue on en a pas fait assez, on sait&#8230;<\/p>\n<p>Si tu veux savoir \u00e0 quoi \u00e7a ressemble, tu peux aller \u00e9couter <a href=\"https:\/\/poesiezero.bandcamp.com\/\" target=\"_blank\" rel=\"noopener\">les albums de POESIE ZERO<\/a> parce qu&rsquo;on a la flemme de faire un Bandcamp juste pour cette cassette. Mais on est sympa alors on te met la tracklist :<br \/>\nPOESIE ZERO &#8211; F2D2RATION INTERNATIONALE DE POESIE ZERO<br \/>\nPOESIE ZERO TOULOUSE &#8211; MAIRIE DE DROITE<br \/>\nPOESIE ZERO PONTIVY &#8211; POESIE ROZE INVINCIBLE<br \/>\nPOESIE ZERO BORDEAUX &#8211; MANIFS DE FLICS<br \/>\nPOESIE ZERO NANTES &#8211; BLACK BLOCK DANS L4GABBER<br \/>\nPOESIE ZERO CALAIS &#8211; IL FAUT VOLER<br \/>\nPOESIE ZERO GRENOBLE &#8211; L4ALBUM BLOUGE<br \/>\nPOESIE ZERO SUR YVETTE &#8211; IL FAUT CHASSER<br \/>\nPOESIE ZERO BASTIA &#8211; GROUPE DE PUNK B2N2VOLE<br \/>\nPOESIE ZERO GRANDCHAMPS &#8211; VA NIQUER TA MERE NAWAK COVER<br \/>\nPOESIE ZERO KINGSTON &#8211; C4EST NOUS LES PUNKS<br \/>\nPOESIE ZERO LILLE RAVE MACHINE &#8211; IL Y A DES FLICS PARTOUT<br \/>\nPOESIE ZERO RUEIL MALMAISON &#8211; ON SAIT PAS<br \/>\nPOESIE ZERO BETHUNE &#8211; CHAR D4ASSAUT RENAULT<br \/>\nPOESIE ZERO TOURS &#8211; BLACK SUNDAY<br \/>\nPOESIE ZERO DIJON &#8211; TON PAYS C4EST DE LA MERDE REMIX<\/p>\n","protected":false},"excerpt":{"rendered":"<p><strong>LA K7 POURRIE DE QUELQUES PAUVRES MERDES DE LA F2D2RATION INTERNATIONALE DE POESIE ZERO<\/strong><br \/>\n2023 \/\/ 16 tracks<br \/>\nPunk rock<\/p>\n","protected":false},"featured_media":563,"template":"","meta":[],"product_brand":[],"product_cat":[19,43],"product_tag":[28],"class_list":{"0":"post-561","1":"product","2":"type-product","3":"status-publish","4":"has-post-thumbnail","6":"product_cat-cassettes","7":"product_cat-poesie-zero","8":"product_tag-punk-rock","10":"first","11":"outofstock","12":"shipping-taxable","13":"purchasable","14":"product-type-simple"},"yoast_head":"<!-- This site is optimized with the Yoast SEO plugin v27.5 - https:\/\/yoast.com\/product\/yoast-seo-wordpress\/ -->\n<title>SOLD OUT - [Cassette] LA K7 POURRIE DE QUELQUES PAUVRES MERDES DE LA F2D2RATION INTERNATIONALE DE POESIE ZERO - Dispear Records<\/title>\n<meta name=\"description\" content=\"Cette k7 c&#039;est l&#039;histoire de types qui ont pris un peu trop au s\u00e9rieux les paroles de la chanson F2D2RATION INTERNATIONALE DE POESIE ZERO...\" \/>\n<meta name=\"robots\" content=\"index, follow, max-snippet:-1, max-image-preview:large, max-video-preview:-1\" \/>\n<link rel=\"canonical\" href=\"https:\/\/dispear-records.com\/index.php\/produit\/cassette-la-k7-pourrie-de-quelques-pauvres-merdes-de-la-f2d2ration-internationale-de-poesie-zero\/\" \/>\n<meta property=\"og:locale\" content=\"fr_FR\" \/>\n<meta property=\"og:type\" content=\"article\" \/>\n<meta property=\"og:title\" content=\"SOLD OUT - [Cassette] LA K7 POURRIE DE QUELQUES PAUVRES MERDES DE LA F2D2RATION INTERNATIONALE DE POESIE ZERO - Dispear Records\" \/>\n<meta property=\"og:description\" content=\"Cette k7 c&#039;est l&#039;histoire de types qui ont pris un peu trop au s\u00e9rieux les paroles de la chanson F2D2RATION INTERNATIONALE DE POESIE ZERO...\" \/>\n<meta property=\"og:url\" content=\"https:\/\/dispear-records.com\/index.php\/produit\/cassette-la-k7-pourrie-de-quelques-pauvres-merdes-de-la-f2d2ration-internationale-de-poesie-zero\/\" \/>\n<meta property=\"og:site_name\" content=\"Dispear Records\" \/>\n<meta property=\"article:modified_time\" content=\"2023-11-11T12:28:25+00:00\" \/>\n<meta property=\"og:image\" content=\"https:\/\/dispear-records.com\/wp-content\/uploads\/2023\/05\/IMG_3586-800.jpg\" \/>\n\t<meta property=\"og:image:width\" content=\"800\" \/>\n\t<meta property=\"og:image:height\" content=\"800\" \/>\n\t<meta property=\"og:image:type\" content=\"image\/jpeg\" \/>\n<meta name=\"twitter:card\" content=\"summary_large_image\" \/>\n<meta name=\"twitter:label1\" content=\"Dur\u00e9e de lecture estim\u00e9e\" \/>\n\t<meta name=\"twitter:data1\" content=\"2 minutes\" \/>\n<script type=\"application\/ld+json\" class=\"yoast-schema-graph\">{\"@context\":\"https:\\\/\\\/schema.org\",\"@graph\":[{\"@type\":\"WebPage\",\"@id\":\"https:\\\/\\\/dispear-records.com\\\/index.php\\\/produit\\\/cassette-la-k7-pourrie-de-quelques-pauvres-merdes-de-la-f2d2ration-internationale-de-poesie-zero\\\/\",\"url\":\"https:\\\/\\\/dispear-records.com\\\/index.php\\\/produit\\\/cassette-la-k7-pourrie-de-quelques-pauvres-merdes-de-la-f2d2ration-internationale-de-poesie-zero\\\/\",\"name\":\"SOLD OUT - [Cassette] LA K7 POURRIE DE QUELQUES PAUVRES MERDES DE LA F2D2RATION INTERNATIONALE DE POESIE ZERO - Dispear Records\",\"isPartOf\":{\"@id\":\"https:\\\/\\\/dispear-records.com\\\/#website\"},\"primaryImageOfPage\":{\"@id\":\"https:\\\/\\\/dispear-records.com\\\/index.php\\\/produit\\\/cassette-la-k7-pourrie-de-quelques-pauvres-merdes-de-la-f2d2ration-internationale-de-poesie-zero\\\/#primaryimage\"},\"image\":{\"@id\":\"https:\\\/\\\/dispear-records.com\\\/index.php\\\/produit\\\/cassette-la-k7-pourrie-de-quelques-pauvres-merdes-de-la-f2d2ration-internationale-de-poesie-zero\\\/#primaryimage\"},\"thumbnailUrl\":\"https:\\\/\\\/dispear-records.com\\\/wp-content\\\/uploads\\\/2023\\\/05\\\/IMG_3586-800.jpg\",\"datePublished\":\"2023-05-23T08:54:17+00:00\",\"dateModified\":\"2023-11-11T12:28:25+00:00\",\"description\":\"Cette k7 c'est l'histoire de types qui ont pris un peu trop au s\u00e9rieux les paroles de la chanson F2D2RATION INTERNATIONALE DE POESIE ZERO...\",\"breadcrumb\":{\"@id\":\"https:\\\/\\\/dispear-records.com\\\/index.php\\\/produit\\\/cassette-la-k7-pourrie-de-quelques-pauvres-merdes-de-la-f2d2ration-internationale-de-poesie-zero\\\/#breadcrumb\"},\"inLanguage\":\"fr-FR\",\"potentialAction\":[{\"@type\":\"ReadAction\",\"target\":[\"https:\\\/\\\/dispear-records.com\\\/index.php\\\/produit\\\/cassette-la-k7-pourrie-de-quelques-pauvres-merdes-de-la-f2d2ration-internationale-de-poesie-zero\\\/\"]}]},{\"@type\":\"ImageObject\",\"inLanguage\":\"fr-FR\",\"@id\":\"https:\\\/\\\/dispear-records.com\\\/index.php\\\/produit\\\/cassette-la-k7-pourrie-de-quelques-pauvres-merdes-de-la-f2d2ration-internationale-de-poesie-zero\\\/#primaryimage\",\"url\":\"https:\\\/\\\/dispear-records.com\\\/wp-content\\\/uploads\\\/2023\\\/05\\\/IMG_3586-800.jpg\",\"contentUrl\":\"https:\\\/\\\/dispear-records.com\\\/wp-content\\\/uploads\\\/2023\\\/05\\\/IMG_3586-800.jpg\",\"width\":800,\"height\":800},{\"@type\":\"BreadcrumbList\",\"@id\":\"https:\\\/\\\/dispear-records.com\\\/index.php\\\/produit\\\/cassette-la-k7-pourrie-de-quelques-pauvres-merdes-de-la-f2d2ration-internationale-de-poesie-zero\\\/#breadcrumb\",\"itemListElement\":[{\"@type\":\"ListItem\",\"position\":1,\"name\":\"Accueil\",\"item\":\"https:\\\/\\\/dispear-records.com\\\/\"},{\"@type\":\"ListItem\",\"position\":2,\"name\":\"Boutique\",\"item\":\"https:\\\/\\\/dispear-records.com\\\/\"},{\"@type\":\"ListItem\",\"position\":3,\"name\":\"SOLD OUT &#8211; [Cassette] LA K7 POURRIE DE QUELQUES PAUVRES MERDES DE LA F2D2RATION INTERNATIONALE DE POESIE ZERO\"}]},{\"@type\":\"WebSite\",\"@id\":\"https:\\\/\\\/dispear-records.com\\\/#website\",\"url\":\"https:\\\/\\\/dispear-records.com\\\/\",\"name\":\"Dispear Records\",\"description\":\"DIY punk &amp; hardcore label\",\"publisher\":{\"@id\":\"https:\\\/\\\/dispear-records.com\\\/#organization\"},\"potentialAction\":[{\"@type\":\"SearchAction\",\"target\":{\"@type\":\"EntryPoint\",\"urlTemplate\":\"https:\\\/\\\/dispear-records.com\\\/?s={search_term_string}\"},\"query-input\":{\"@type\":\"PropertyValueSpecification\",\"valueRequired\":true,\"valueName\":\"search_term_string\"}}],\"inLanguage\":\"fr-FR\"},{\"@type\":\"Organization\",\"@id\":\"https:\\\/\\\/dispear-records.com\\\/#organization\",\"name\":\"Dispear Records\",\"url\":\"https:\\\/\\\/dispear-records.com\\\/\",\"logo\":{\"@type\":\"ImageObject\",\"inLanguage\":\"fr-FR\",\"@id\":\"https:\\\/\\\/dispear-records.com\\\/#\\\/schema\\\/logo\\\/image\\\/\",\"url\":\"https:\\\/\\\/dispear-records.com\\\/wp-content\\\/uploads\\\/2021\\\/06\\\/cropped-cropped-dispear.png\",\"contentUrl\":\"https:\\\/\\\/dispear-records.com\\\/wp-content\\\/uploads\\\/2021\\\/06\\\/cropped-cropped-dispear.png\",\"width\":2592,\"height\":709,\"caption\":\"Dispear Records\"},\"image\":{\"@id\":\"https:\\\/\\\/dispear-records.com\\\/#\\\/schema\\\/logo\\\/image\\\/\"}}]}<\/script>\n<!-- \/ Yoast SEO plugin. -->","yoast_head_json":{"title":"SOLD OUT - [Cassette] LA K7 POURRIE DE QUELQUES PAUVRES MERDES DE LA F2D2RATION INTERNATIONALE DE POESIE ZERO - Dispear Records","description":"Cette k7 c'est l'histoire de types qui ont pris un peu trop au s\u00e9rieux les paroles de la chanson F2D2RATION INTERNATIONALE DE POESIE ZERO...","robots":{"index":"index","follow":"follow","max-snippet":"max-snippet:-1","max-image-preview":"max-image-preview:large","max-video-preview":"max-video-preview:-1"},"canonical":"https:\/\/dispear-records.com\/index.php\/produit\/cassette-la-k7-pourrie-de-quelques-pauvres-merdes-de-la-f2d2ration-internationale-de-poesie-zero\/","og_locale":"fr_FR","og_type":"article","og_title":"SOLD OUT - [Cassette] LA K7 POURRIE DE QUELQUES PAUVRES MERDES DE LA F2D2RATION INTERNATIONALE DE POESIE ZERO - Dispear Records","og_description":"Cette k7 c'est l'histoire de types qui ont pris un peu trop au s\u00e9rieux les paroles de la chanson F2D2RATION INTERNATIONALE DE POESIE ZERO...","og_url":"https:\/\/dispear-records.com\/index.php\/produit\/cassette-la-k7-pourrie-de-quelques-pauvres-merdes-de-la-f2d2ration-internationale-de-poesie-zero\/","og_site_name":"Dispear Records","article_modified_time":"2023-11-11T12:28:25+00:00","og_image":[{"width":800,"height":800,"url":"https:\/\/dispear-records.com\/wp-content\/uploads\/2023\/05\/IMG_3586-800.jpg","type":"image\/jpeg"}],"twitter_card":"summary_large_image","twitter_misc":{"Dur\u00e9e de lecture estim\u00e9e":"2 minutes"},"schema":{"@context":"https:\/\/schema.org","@graph":[{"@type":"WebPage","@id":"https:\/\/dispear-records.com\/index.php\/produit\/cassette-la-k7-pourrie-de-quelques-pauvres-merdes-de-la-f2d2ration-internationale-de-poesie-zero\/","url":"https:\/\/dispear-records.com\/index.php\/produit\/cassette-la-k7-pourrie-de-quelques-pauvres-merdes-de-la-f2d2ration-internationale-de-poesie-zero\/","name":"SOLD OUT - [Cassette] LA K7 POURRIE DE QUELQUES PAUVRES MERDES DE LA F2D2RATION INTERNATIONALE DE POESIE ZERO - Dispear Records","isPartOf":{"@id":"https:\/\/dispear-records.com\/#website"},"primaryImageOfPage":{"@id":"https:\/\/dispear-records.com\/index.php\/produit\/cassette-la-k7-pourrie-de-quelques-pauvres-merdes-de-la-f2d2ration-internationale-de-poesie-zero\/#primaryimage"},"image":{"@id":"https:\/\/dispear-records.com\/index.php\/produit\/cassette-la-k7-pourrie-de-quelques-pauvres-merdes-de-la-f2d2ration-internationale-de-poesie-zero\/#primaryimage"},"thumbnailUrl":"https:\/\/dispear-records.com\/wp-content\/uploads\/2023\/05\/IMG_3586-800.jpg","datePublished":"2023-05-23T08:54:17+00:00","dateModified":"2023-11-11T12:28:25+00:00","description":"Cette k7 c'est l'histoire de types qui ont pris un peu trop au s\u00e9rieux les paroles de la chanson F2D2RATION INTERNATIONALE DE POESIE ZERO...","breadcrumb":{"@id":"https:\/\/dispear-records.com\/index.php\/produit\/cassette-la-k7-pourrie-de-quelques-pauvres-merdes-de-la-f2d2ration-internationale-de-poesie-zero\/#breadcrumb"},"inLanguage":"fr-FR","potentialAction":[{"@type":"ReadAction","target":["https:\/\/dispear-records.com\/index.php\/produit\/cassette-la-k7-pourrie-de-quelques-pauvres-merdes-de-la-f2d2ration-internationale-de-poesie-zero\/"]}]},{"@type":"ImageObject","inLanguage":"fr-FR","@id":"https:\/\/dispear-records.com\/index.php\/produit\/cassette-la-k7-pourrie-de-quelques-pauvres-merdes-de-la-f2d2ration-internationale-de-poesie-zero\/#primaryimage","url":"https:\/\/dispear-records.com\/wp-content\/uploads\/2023\/05\/IMG_3586-800.jpg","contentUrl":"https:\/\/dispear-records.com\/wp-content\/uploads\/2023\/05\/IMG_3586-800.jpg","width":800,"height":800},{"@type":"BreadcrumbList","@id":"https:\/\/dispear-records.com\/index.php\/produit\/cassette-la-k7-pourrie-de-quelques-pauvres-merdes-de-la-f2d2ration-internationale-de-poesie-zero\/#breadcrumb","itemListElement":[{"@type":"ListItem","position":1,"name":"Accueil","item":"https:\/\/dispear-records.com\/"},{"@type":"ListItem","position":2,"name":"Boutique","item":"https:\/\/dispear-records.com\/"},{"@type":"ListItem","position":3,"name":"SOLD OUT &#8211; [Cassette] LA K7 POURRIE DE QUELQUES PAUVRES MERDES DE LA F2D2RATION INTERNATIONALE DE POESIE ZERO"}]},{"@type":"WebSite","@id":"https:\/\/dispear-records.com\/#website","url":"https:\/\/dispear-records.com\/","name":"Dispear Records","description":"DIY punk &amp; hardcore label","publisher":{"@id":"https:\/\/dispear-records.com\/#organization"},"potentialAction":[{"@type":"SearchAction","target":{"@type":"EntryPoint","urlTemplate":"https:\/\/dispear-records.com\/?s={search_term_string}"},"query-input":{"@type":"PropertyValueSpecification","valueRequired":true,"valueName":"search_term_string"}}],"inLanguage":"fr-FR"},{"@type":"Organization","@id":"https:\/\/dispear-records.com\/#organization","name":"Dispear Records","url":"https:\/\/dispear-records.com\/","logo":{"@type":"ImageObject","inLanguage":"fr-FR","@id":"https:\/\/dispear-records.com\/#\/schema\/logo\/image\/","url":"https:\/\/dispear-records.com\/wp-content\/uploads\/2021\/06\/cropped-cropped-dispear.png","contentUrl":"https:\/\/dispear-records.com\/wp-content\/uploads\/2021\/06\/cropped-cropped-dispear.png","width":2592,"height":709,"caption":"Dispear Records"},"image":{"@id":"https:\/\/dispear-records.com\/#\/schema\/logo\/image\/"}}]}},"_links":{"self":[{"href":"https:\/\/dispear-records.com\/index.php\/wp-json\/wp\/v2\/product\/561","targetHints":{"allow":["GET"]}}],"collection":[{"href":"https:\/\/dispear-records.com\/index.php\/wp-json\/wp\/v2\/product"}],"about":[{"href":"https:\/\/dispear-records.com\/index.php\/wp-json\/wp\/v2\/types\/product"}],"wp:featuredmedia":[{"embeddable":true,"href":"https:\/\/dispear-records.com\/index.php\/wp-json\/wp\/v2\/media\/563"}],"wp:attachment":[{"href":"https:\/\/dispear-records.com\/index.php\/wp-json\/wp\/v2\/media?parent=561"}],"wp:term":[{"taxonomy":"product_brand","embeddable":true,"href":"https:\/\/dispear-records.com\/index.php\/wp-json\/wp\/v2\/product_brand?post=561"},{"taxonomy":"product_cat","embeddable":true,"href":"https:\/\/dispear-records.com\/index.php\/wp-json\/wp\/v2\/product_cat?post=561"},{"taxonomy":"product_tag","embeddable":true,"href":"https:\/\/dispear-records.com\/index.php\/wp-json\/wp\/v2\/product_tag?post=561"}],"curies":[{"name":"wp","href":"https:\/\/api.w.org\/{rel}","templated":true}]}}