{"id":603,"date":"2023-08-01T19:07:48","date_gmt":"2023-08-01T17:07:48","guid":{"rendered":"https:\/\/dispear-records.com\/?post_type=product&#038;p=603"},"modified":"2023-12-07T22:48:48","modified_gmt":"2023-12-07T21:48:48","slug":"vinyle-viceprez-tropical-connexion","status":"publish","type":"product","link":"https:\/\/dispear-records.com\/index.php\/produit\/vinyle-viceprez-tropical-connexion\/","title":{"rendered":"[Vinyle] Viceprez &#8211; Tropical Connexion"},"content":{"rendered":"<p>Viceprez continue sa croisade garage punk entam\u00e9e pendant le confinement avec un second album ! Ce nouvel opus se veut plus direct, en proposant des morceaux toujours aussi efficaces mais avec une tonalit\u00e9 bien plus orient\u00e9e punk ! On retrouve toujours un grosse louche de garage crasseux, et comme dans <a href=\"https:\/\/dispear-records.com\/index.php\/produit\/vinyle-viceprez-juger\/\">leur premier album Juger<\/a>, certains morceaux sonnent un peu plus noise ou punk hxc sauce 80\u2019s.<\/p>\n<p>Au final, Viceprez nous d\u00e9livre avec ce Tropical Connexion un disque qui r\u00e9sume tout ce qu\u2019on aime bien dans la sc\u00e8ne punk et rock ind\u00e9 des 80ies\/90ies ! Cependant, et contrairement \u00e0 Juger qui \u00e0 l\u2019instar de beaucoup de premiers albums regroupait de nombreuses influences, ce dernier semble plus abouti et \u00ab\u00a0directionnel\u00a0\u00bb. A la r\u00e9dac, cet album a \u00e9t\u00e9 \u00e9lu disque de chevet de l\u2019\u00e9t\u00e9 ! \u00c7a veut rien dire mais la formule est cool !<\/p>\n<p><span style=\"font-weight: 400;\">L\u00e0 aussi, le design est sign\u00e9 du <a href=\"https:\/\/www.youtube.com\/user\/VOMIstds\" target=\"_blank\" rel=\"noopener\">studio Imov<\/a>.<\/span><\/p>\n<p><iframe style=\"border: 0; width: 400px; height: 472px;\" src=\"https:\/\/bandcamp.com\/EmbeddedPlayer\/album=2145918199\/size=large\/bgcol=ffffff\/linkcol=333333\/artwork=small\/transparent=true\/\" seamless=\"\"><a href=\"https:\/\/viceprez.bandcamp.com\/album\/tropical-connexion\">Tropical Connexion de VICEPREZ<\/a><\/iframe><\/p>\n","protected":false},"excerpt":{"rendered":"<p><strong>Viceprez &#8211; Tropical Connexion<\/strong><br \/>\n2023 \/\/ 13 tracks<br \/>\nPunk 80ies<\/p>\n","protected":false},"featured_media":607,"template":"","meta":[],"product_brand":[],"product_cat":[45,41],"product_tag":[28],"class_list":{"0":"post-603","1":"product","2":"type-product","3":"status-publish","4":"has-post-thumbnail","6":"product_cat-viceprez","7":"product_cat-vinyles","8":"product_tag-punk-rock","10":"first","11":"instock","12":"shipping-taxable","13":"purchasable","14":"product-type-variable"},"yoast_head":"<!-- This site is optimized with the Yoast SEO plugin v27.4 - https:\/\/yoast.com\/product\/yoast-seo-wordpress\/ -->\n<title>[Vinyle] Viceprez - Tropical Connexion - Dispear Records<\/title>\n<meta name=\"description\" content=\"VICEPREZ, all star band de l&#039;Est de la France, pr\u00e9sente son second album &quot;Tropical Connexion&quot;, un condens\u00e9 de punk 80ies !\" \/>\n<meta name=\"robots\" content=\"index, follow, max-snippet:-1, max-image-preview:large, max-video-preview:-1\" \/>\n<link rel=\"canonical\" href=\"https:\/\/dispear-records.com\/index.php\/produit\/vinyle-viceprez-tropical-connexion\/\" \/>\n<meta property=\"og:locale\" content=\"fr_FR\" \/>\n<meta property=\"og:type\" content=\"article\" \/>\n<meta property=\"og:title\" content=\"[Vinyle] Viceprez - Tropical Connexion - Dispear Records\" \/>\n<meta property=\"og:description\" content=\"VICEPREZ, all star band de l&#039;Est de la France, pr\u00e9sente son second album &quot;Tropical Connexion&quot;, un condens\u00e9 de punk 80ies !\" \/>\n<meta property=\"og:url\" content=\"https:\/\/dispear-records.com\/index.php\/produit\/vinyle-viceprez-tropical-connexion\/\" \/>\n<meta property=\"og:site_name\" content=\"Dispear Records\" \/>\n<meta property=\"article:modified_time\" content=\"2023-12-07T21:48:48+00:00\" \/>\n<meta property=\"og:image\" content=\"https:\/\/dispear-records.com\/wp-content\/uploads\/2023\/08\/IMG_0128-800.jpg\" \/>\n\t<meta property=\"og:image:width\" content=\"800\" \/>\n\t<meta property=\"og:image:height\" content=\"800\" \/>\n\t<meta property=\"og:image:type\" content=\"image\/jpeg\" \/>\n<meta name=\"twitter:card\" content=\"summary_large_image\" \/>\n<meta name=\"twitter:label1\" content=\"Dur\u00e9e de lecture estim\u00e9e\" \/>\n\t<meta name=\"twitter:data1\" content=\"1 minute\" \/>\n<script type=\"application\/ld+json\" class=\"yoast-schema-graph\">{\"@context\":\"https:\\\/\\\/schema.org\",\"@graph\":[{\"@type\":\"WebPage\",\"@id\":\"https:\\\/\\\/dispear-records.com\\\/index.php\\\/produit\\\/vinyle-viceprez-tropical-connexion\\\/\",\"url\":\"https:\\\/\\\/dispear-records.com\\\/index.php\\\/produit\\\/vinyle-viceprez-tropical-connexion\\\/\",\"name\":\"[Vinyle] Viceprez - Tropical Connexion - Dispear Records\",\"isPartOf\":{\"@id\":\"https:\\\/\\\/dispear-records.com\\\/#website\"},\"primaryImageOfPage\":{\"@id\":\"https:\\\/\\\/dispear-records.com\\\/index.php\\\/produit\\\/vinyle-viceprez-tropical-connexion\\\/#primaryimage\"},\"image\":{\"@id\":\"https:\\\/\\\/dispear-records.com\\\/index.php\\\/produit\\\/vinyle-viceprez-tropical-connexion\\\/#primaryimage\"},\"thumbnailUrl\":\"https:\\\/\\\/dispear-records.com\\\/wp-content\\\/uploads\\\/2023\\\/08\\\/IMG_0128-800.jpg\",\"datePublished\":\"2023-08-01T17:07:48+00:00\",\"dateModified\":\"2023-12-07T21:48:48+00:00\",\"description\":\"VICEPREZ, all star band de l'Est de la France, pr\u00e9sente son second album \\\"Tropical Connexion\\\", un condens\u00e9 de punk 80ies !\",\"breadcrumb\":{\"@id\":\"https:\\\/\\\/dispear-records.com\\\/index.php\\\/produit\\\/vinyle-viceprez-tropical-connexion\\\/#breadcrumb\"},\"inLanguage\":\"fr-FR\",\"potentialAction\":[{\"@type\":\"ReadAction\",\"target\":[\"https:\\\/\\\/dispear-records.com\\\/index.php\\\/produit\\\/vinyle-viceprez-tropical-connexion\\\/\"]}]},{\"@type\":\"ImageObject\",\"inLanguage\":\"fr-FR\",\"@id\":\"https:\\\/\\\/dispear-records.com\\\/index.php\\\/produit\\\/vinyle-viceprez-tropical-connexion\\\/#primaryimage\",\"url\":\"https:\\\/\\\/dispear-records.com\\\/wp-content\\\/uploads\\\/2023\\\/08\\\/IMG_0128-800.jpg\",\"contentUrl\":\"https:\\\/\\\/dispear-records.com\\\/wp-content\\\/uploads\\\/2023\\\/08\\\/IMG_0128-800.jpg\",\"width\":800,\"height\":800},{\"@type\":\"BreadcrumbList\",\"@id\":\"https:\\\/\\\/dispear-records.com\\\/index.php\\\/produit\\\/vinyle-viceprez-tropical-connexion\\\/#breadcrumb\",\"itemListElement\":[{\"@type\":\"ListItem\",\"position\":1,\"name\":\"Accueil\",\"item\":\"https:\\\/\\\/dispear-records.com\\\/\"},{\"@type\":\"ListItem\",\"position\":2,\"name\":\"Boutique\",\"item\":\"https:\\\/\\\/dispear-records.com\\\/\"},{\"@type\":\"ListItem\",\"position\":3,\"name\":\"[Vinyle] Viceprez &#8211; Tropical Connexion\"}]},{\"@type\":\"WebSite\",\"@id\":\"https:\\\/\\\/dispear-records.com\\\/#website\",\"url\":\"https:\\\/\\\/dispear-records.com\\\/\",\"name\":\"Dispear Records\",\"description\":\"DIY punk &amp; hardcore label\",\"publisher\":{\"@id\":\"https:\\\/\\\/dispear-records.com\\\/#organization\"},\"potentialAction\":[{\"@type\":\"SearchAction\",\"target\":{\"@type\":\"EntryPoint\",\"urlTemplate\":\"https:\\\/\\\/dispear-records.com\\\/?s={search_term_string}\"},\"query-input\":{\"@type\":\"PropertyValueSpecification\",\"valueRequired\":true,\"valueName\":\"search_term_string\"}}],\"inLanguage\":\"fr-FR\"},{\"@type\":\"Organization\",\"@id\":\"https:\\\/\\\/dispear-records.com\\\/#organization\",\"name\":\"Dispear Records\",\"url\":\"https:\\\/\\\/dispear-records.com\\\/\",\"logo\":{\"@type\":\"ImageObject\",\"inLanguage\":\"fr-FR\",\"@id\":\"https:\\\/\\\/dispear-records.com\\\/#\\\/schema\\\/logo\\\/image\\\/\",\"url\":\"https:\\\/\\\/dispear-records.com\\\/wp-content\\\/uploads\\\/2021\\\/06\\\/cropped-cropped-dispear.png\",\"contentUrl\":\"https:\\\/\\\/dispear-records.com\\\/wp-content\\\/uploads\\\/2021\\\/06\\\/cropped-cropped-dispear.png\",\"width\":2592,\"height\":709,\"caption\":\"Dispear Records\"},\"image\":{\"@id\":\"https:\\\/\\\/dispear-records.com\\\/#\\\/schema\\\/logo\\\/image\\\/\"}}]}<\/script>\n<!-- \/ Yoast SEO plugin. -->","yoast_head_json":{"title":"[Vinyle] Viceprez - Tropical Connexion - Dispear Records","description":"VICEPREZ, all star band de l'Est de la France, pr\u00e9sente son second album \"Tropical Connexion\", un condens\u00e9 de punk 80ies !","robots":{"index":"index","follow":"follow","max-snippet":"max-snippet:-1","max-image-preview":"max-image-preview:large","max-video-preview":"max-video-preview:-1"},"canonical":"https:\/\/dispear-records.com\/index.php\/produit\/vinyle-viceprez-tropical-connexion\/","og_locale":"fr_FR","og_type":"article","og_title":"[Vinyle] Viceprez - Tropical Connexion - Dispear Records","og_description":"VICEPREZ, all star band de l'Est de la France, pr\u00e9sente son second album \"Tropical Connexion\", un condens\u00e9 de punk 80ies !","og_url":"https:\/\/dispear-records.com\/index.php\/produit\/vinyle-viceprez-tropical-connexion\/","og_site_name":"Dispear Records","article_modified_time":"2023-12-07T21:48:48+00:00","og_image":[{"width":800,"height":800,"url":"https:\/\/dispear-records.com\/wp-content\/uploads\/2023\/08\/IMG_0128-800.jpg","type":"image\/jpeg"}],"twitter_card":"summary_large_image","twitter_misc":{"Dur\u00e9e de lecture estim\u00e9e":"1 minute"},"schema":{"@context":"https:\/\/schema.org","@graph":[{"@type":"WebPage","@id":"https:\/\/dispear-records.com\/index.php\/produit\/vinyle-viceprez-tropical-connexion\/","url":"https:\/\/dispear-records.com\/index.php\/produit\/vinyle-viceprez-tropical-connexion\/","name":"[Vinyle] Viceprez - Tropical Connexion - Dispear Records","isPartOf":{"@id":"https:\/\/dispear-records.com\/#website"},"primaryImageOfPage":{"@id":"https:\/\/dispear-records.com\/index.php\/produit\/vinyle-viceprez-tropical-connexion\/#primaryimage"},"image":{"@id":"https:\/\/dispear-records.com\/index.php\/produit\/vinyle-viceprez-tropical-connexion\/#primaryimage"},"thumbnailUrl":"https:\/\/dispear-records.com\/wp-content\/uploads\/2023\/08\/IMG_0128-800.jpg","datePublished":"2023-08-01T17:07:48+00:00","dateModified":"2023-12-07T21:48:48+00:00","description":"VICEPREZ, all star band de l'Est de la France, pr\u00e9sente son second album \"Tropical Connexion\", un condens\u00e9 de punk 80ies !","breadcrumb":{"@id":"https:\/\/dispear-records.com\/index.php\/produit\/vinyle-viceprez-tropical-connexion\/#breadcrumb"},"inLanguage":"fr-FR","potentialAction":[{"@type":"ReadAction","target":["https:\/\/dispear-records.com\/index.php\/produit\/vinyle-viceprez-tropical-connexion\/"]}]},{"@type":"ImageObject","inLanguage":"fr-FR","@id":"https:\/\/dispear-records.com\/index.php\/produit\/vinyle-viceprez-tropical-connexion\/#primaryimage","url":"https:\/\/dispear-records.com\/wp-content\/uploads\/2023\/08\/IMG_0128-800.jpg","contentUrl":"https:\/\/dispear-records.com\/wp-content\/uploads\/2023\/08\/IMG_0128-800.jpg","width":800,"height":800},{"@type":"BreadcrumbList","@id":"https:\/\/dispear-records.com\/index.php\/produit\/vinyle-viceprez-tropical-connexion\/#breadcrumb","itemListElement":[{"@type":"ListItem","position":1,"name":"Accueil","item":"https:\/\/dispear-records.com\/"},{"@type":"ListItem","position":2,"name":"Boutique","item":"https:\/\/dispear-records.com\/"},{"@type":"ListItem","position":3,"name":"[Vinyle] Viceprez &#8211; Tropical Connexion"}]},{"@type":"WebSite","@id":"https:\/\/dispear-records.com\/#website","url":"https:\/\/dispear-records.com\/","name":"Dispear Records","description":"DIY punk &amp; hardcore label","publisher":{"@id":"https:\/\/dispear-records.com\/#organization"},"potentialAction":[{"@type":"SearchAction","target":{"@type":"EntryPoint","urlTemplate":"https:\/\/dispear-records.com\/?s={search_term_string}"},"query-input":{"@type":"PropertyValueSpecification","valueRequired":true,"valueName":"search_term_string"}}],"inLanguage":"fr-FR"},{"@type":"Organization","@id":"https:\/\/dispear-records.com\/#organization","name":"Dispear Records","url":"https:\/\/dispear-records.com\/","logo":{"@type":"ImageObject","inLanguage":"fr-FR","@id":"https:\/\/dispear-records.com\/#\/schema\/logo\/image\/","url":"https:\/\/dispear-records.com\/wp-content\/uploads\/2021\/06\/cropped-cropped-dispear.png","contentUrl":"https:\/\/dispear-records.com\/wp-content\/uploads\/2021\/06\/cropped-cropped-dispear.png","width":2592,"height":709,"caption":"Dispear Records"},"image":{"@id":"https:\/\/dispear-records.com\/#\/schema\/logo\/image\/"}}]}},"_links":{"self":[{"href":"https:\/\/dispear-records.com\/index.php\/wp-json\/wp\/v2\/product\/603","targetHints":{"allow":["GET"]}}],"collection":[{"href":"https:\/\/dispear-records.com\/index.php\/wp-json\/wp\/v2\/product"}],"about":[{"href":"https:\/\/dispear-records.com\/index.php\/wp-json\/wp\/v2\/types\/product"}],"wp:featuredmedia":[{"embeddable":true,"href":"https:\/\/dispear-records.com\/index.php\/wp-json\/wp\/v2\/media\/607"}],"wp:attachment":[{"href":"https:\/\/dispear-records.com\/index.php\/wp-json\/wp\/v2\/media?parent=603"}],"wp:term":[{"taxonomy":"product_brand","embeddable":true,"href":"https:\/\/dispear-records.com\/index.php\/wp-json\/wp\/v2\/product_brand?post=603"},{"taxonomy":"product_cat","embeddable":true,"href":"https:\/\/dispear-records.com\/index.php\/wp-json\/wp\/v2\/product_cat?post=603"},{"taxonomy":"product_tag","embeddable":true,"href":"https:\/\/dispear-records.com\/index.php\/wp-json\/wp\/v2\/product_tag?post=603"}],"curies":[{"name":"wp","href":"https:\/\/api.w.org\/{rel}","templated":true}]}}