{"id":638,"date":"2023-11-16T11:32:54","date_gmt":"2023-11-16T10:32:54","guid":{"rendered":"https:\/\/dispear-records.com\/?post_type=product&#038;p=638"},"modified":"2025-12-16T15:01:05","modified_gmt":"2025-12-16T14:01:05","slug":"vinyle-kuma-no-motor-baiona-zikina","status":"publish","type":"product","link":"https:\/\/dispear-records.com\/index.php\/produit\/vinyle-kuma-no-motor-baiona-zikina\/","title":{"rendered":"[Vinyle] Kuma No Motor &#8211; Baiona zikina"},"content":{"rendered":"<p>Les rues sombres de Bayonne ont enfant\u00e9 ce qui se fait de mieux dans la sc\u00e8ne punk hxc locale. C&rsquo;est en arpentant les rues glauques de la ville qu&rsquo;est n\u00e9 ce nouvel opus du trio Kuma No Motor. Apr\u00e8s plus de 10 ans d&rsquo;existence, Kuma sort un LP bien plus sombre et introspectif que les 2 derniers opus&#8230;<br \/>\nOfficiant toujours dans un punk hardcore 80&rsquo;s bien brutal, \u00e0 mi chemin entre un Total Chaos \/ The Varukers et un Disfear, Kuma a rajout\u00e9 dans la marmite quelques accents crust m\u00e9t\u00f4l et post hardcore. Le r\u00e9sultat est une bonne bastonnade bien grassouillette et sombre \u00e0 souhaits !<\/p>\n<p><em>Enregistrement et mixage par I\u00f1aki Plaa en mars 2023 au DZG (Akotz)<\/em><br \/>\n<em>Master par Ben Jones (Leeds)<\/em><\/p>\n<p><iframe style=\"border: 0; width: 400px; height: 472px;\" src=\"https:\/\/bandcamp.com\/EmbeddedPlayer\/album=2943915086\/size=large\/bgcol=ffffff\/linkcol=333333\/artwork=small\/transparent=true\/\" seamless=\"\"><a href=\"https:\/\/kumanomotor.bandcamp.com\/album\/baiona-zikina\">Baiona zikina de Kuma No Motor<\/a><\/iframe><\/p>\n","protected":false},"excerpt":{"rendered":"<p><strong>Kuma No Motor &#8211; Baiona zikina<\/strong><br \/>\n2023 \/\/ 10 tracks<br \/>\nHardcore punk<br \/>\nBayonne \/\/ Euskal Herria<\/p>\n","protected":false},"featured_media":640,"template":"","meta":[],"product_brand":[],"product_cat":[20,41],"product_tag":[23],"class_list":{"0":"post-638","1":"product","2":"type-product","3":"status-publish","4":"has-post-thumbnail","6":"product_cat-kuma-no-motor","7":"product_cat-vinyles","8":"product_tag-hardcore-punk","10":"first","11":"instock","12":"shipping-taxable","13":"purchasable","14":"product-type-simple"},"yoast_head":"<!-- This site is optimized with the Yoast SEO plugin v27.5 - https:\/\/yoast.com\/product\/yoast-seo-wordpress\/ -->\n<title>[Vinyle] Kuma No Motor - Baiona zikina - Dispear Records<\/title>\n<meta name=\"description\" content=\"Baiona zikina : 3e album des bayonnais de Kuma No Motor. 10 titres punk hardcore rapides, brutaux et intenses !! Vinyle et cassette sur Dispear Records !\" \/>\n<meta name=\"robots\" content=\"index, follow, max-snippet:-1, max-image-preview:large, max-video-preview:-1\" \/>\n<link rel=\"canonical\" href=\"https:\/\/dispear-records.com\/index.php\/produit\/vinyle-kuma-no-motor-baiona-zikina\/\" \/>\n<meta property=\"og:locale\" content=\"fr_FR\" \/>\n<meta property=\"og:type\" content=\"article\" \/>\n<meta property=\"og:title\" content=\"[Vinyle] Kuma No Motor - Baiona zikina - Dispear Records\" \/>\n<meta property=\"og:description\" content=\"Baiona zikina : 3e album des bayonnais de Kuma No Motor. 10 titres punk hardcore rapides, brutaux et intenses !! Vinyle et cassette sur Dispear Records !\" \/>\n<meta property=\"og:url\" content=\"https:\/\/dispear-records.com\/index.php\/produit\/vinyle-kuma-no-motor-baiona-zikina\/\" \/>\n<meta property=\"og:site_name\" content=\"Dispear Records\" \/>\n<meta property=\"article:modified_time\" content=\"2025-12-16T14:01:05+00:00\" \/>\n<meta property=\"og:image\" content=\"https:\/\/dispear-records.com\/wp-content\/uploads\/2023\/11\/IMG_0575-1000.jpg\" \/>\n\t<meta property=\"og:image:width\" content=\"1000\" \/>\n\t<meta property=\"og:image:height\" content=\"1000\" \/>\n\t<meta property=\"og:image:type\" content=\"image\/jpeg\" \/>\n<meta name=\"twitter:card\" content=\"summary_large_image\" \/>\n<meta name=\"twitter:label1\" content=\"Dur\u00e9e de lecture estim\u00e9e\" \/>\n\t<meta name=\"twitter:data1\" content=\"1 minute\" \/>\n<script type=\"application\/ld+json\" class=\"yoast-schema-graph\">{\"@context\":\"https:\\\/\\\/schema.org\",\"@graph\":[{\"@type\":\"WebPage\",\"@id\":\"https:\\\/\\\/dispear-records.com\\\/index.php\\\/produit\\\/vinyle-kuma-no-motor-baiona-zikina\\\/\",\"url\":\"https:\\\/\\\/dispear-records.com\\\/index.php\\\/produit\\\/vinyle-kuma-no-motor-baiona-zikina\\\/\",\"name\":\"[Vinyle] Kuma No Motor - Baiona zikina - Dispear Records\",\"isPartOf\":{\"@id\":\"https:\\\/\\\/dispear-records.com\\\/#website\"},\"primaryImageOfPage\":{\"@id\":\"https:\\\/\\\/dispear-records.com\\\/index.php\\\/produit\\\/vinyle-kuma-no-motor-baiona-zikina\\\/#primaryimage\"},\"image\":{\"@id\":\"https:\\\/\\\/dispear-records.com\\\/index.php\\\/produit\\\/vinyle-kuma-no-motor-baiona-zikina\\\/#primaryimage\"},\"thumbnailUrl\":\"https:\\\/\\\/dispear-records.com\\\/wp-content\\\/uploads\\\/2023\\\/11\\\/IMG_0575-1000.jpg\",\"datePublished\":\"2023-11-16T10:32:54+00:00\",\"dateModified\":\"2025-12-16T14:01:05+00:00\",\"description\":\"Baiona zikina : 3e album des bayonnais de Kuma No Motor. 10 titres punk hardcore rapides, brutaux et intenses !! Vinyle et cassette sur Dispear Records !\",\"breadcrumb\":{\"@id\":\"https:\\\/\\\/dispear-records.com\\\/index.php\\\/produit\\\/vinyle-kuma-no-motor-baiona-zikina\\\/#breadcrumb\"},\"inLanguage\":\"fr-FR\",\"potentialAction\":[{\"@type\":\"ReadAction\",\"target\":[\"https:\\\/\\\/dispear-records.com\\\/index.php\\\/produit\\\/vinyle-kuma-no-motor-baiona-zikina\\\/\"]}]},{\"@type\":\"ImageObject\",\"inLanguage\":\"fr-FR\",\"@id\":\"https:\\\/\\\/dispear-records.com\\\/index.php\\\/produit\\\/vinyle-kuma-no-motor-baiona-zikina\\\/#primaryimage\",\"url\":\"https:\\\/\\\/dispear-records.com\\\/wp-content\\\/uploads\\\/2023\\\/11\\\/IMG_0575-1000.jpg\",\"contentUrl\":\"https:\\\/\\\/dispear-records.com\\\/wp-content\\\/uploads\\\/2023\\\/11\\\/IMG_0575-1000.jpg\",\"width\":1000,\"height\":1000},{\"@type\":\"BreadcrumbList\",\"@id\":\"https:\\\/\\\/dispear-records.com\\\/index.php\\\/produit\\\/vinyle-kuma-no-motor-baiona-zikina\\\/#breadcrumb\",\"itemListElement\":[{\"@type\":\"ListItem\",\"position\":1,\"name\":\"Accueil\",\"item\":\"https:\\\/\\\/dispear-records.com\\\/\"},{\"@type\":\"ListItem\",\"position\":2,\"name\":\"Boutique\",\"item\":\"https:\\\/\\\/dispear-records.com\\\/\"},{\"@type\":\"ListItem\",\"position\":3,\"name\":\"[Vinyle] Kuma No Motor &#8211; Baiona zikina\"}]},{\"@type\":\"WebSite\",\"@id\":\"https:\\\/\\\/dispear-records.com\\\/#website\",\"url\":\"https:\\\/\\\/dispear-records.com\\\/\",\"name\":\"Dispear Records\",\"description\":\"DIY punk &amp; hardcore label\",\"publisher\":{\"@id\":\"https:\\\/\\\/dispear-records.com\\\/#organization\"},\"potentialAction\":[{\"@type\":\"SearchAction\",\"target\":{\"@type\":\"EntryPoint\",\"urlTemplate\":\"https:\\\/\\\/dispear-records.com\\\/?s={search_term_string}\"},\"query-input\":{\"@type\":\"PropertyValueSpecification\",\"valueRequired\":true,\"valueName\":\"search_term_string\"}}],\"inLanguage\":\"fr-FR\"},{\"@type\":\"Organization\",\"@id\":\"https:\\\/\\\/dispear-records.com\\\/#organization\",\"name\":\"Dispear Records\",\"url\":\"https:\\\/\\\/dispear-records.com\\\/\",\"logo\":{\"@type\":\"ImageObject\",\"inLanguage\":\"fr-FR\",\"@id\":\"https:\\\/\\\/dispear-records.com\\\/#\\\/schema\\\/logo\\\/image\\\/\",\"url\":\"https:\\\/\\\/dispear-records.com\\\/wp-content\\\/uploads\\\/2021\\\/06\\\/cropped-cropped-dispear.png\",\"contentUrl\":\"https:\\\/\\\/dispear-records.com\\\/wp-content\\\/uploads\\\/2021\\\/06\\\/cropped-cropped-dispear.png\",\"width\":2592,\"height\":709,\"caption\":\"Dispear Records\"},\"image\":{\"@id\":\"https:\\\/\\\/dispear-records.com\\\/#\\\/schema\\\/logo\\\/image\\\/\"}}]}<\/script>\n<!-- \/ Yoast SEO plugin. -->","yoast_head_json":{"title":"[Vinyle] Kuma No Motor - Baiona zikina - Dispear Records","description":"Baiona zikina : 3e album des bayonnais de Kuma No Motor. 10 titres punk hardcore rapides, brutaux et intenses !! Vinyle et cassette sur Dispear Records !","robots":{"index":"index","follow":"follow","max-snippet":"max-snippet:-1","max-image-preview":"max-image-preview:large","max-video-preview":"max-video-preview:-1"},"canonical":"https:\/\/dispear-records.com\/index.php\/produit\/vinyle-kuma-no-motor-baiona-zikina\/","og_locale":"fr_FR","og_type":"article","og_title":"[Vinyle] Kuma No Motor - Baiona zikina - Dispear Records","og_description":"Baiona zikina : 3e album des bayonnais de Kuma No Motor. 10 titres punk hardcore rapides, brutaux et intenses !! Vinyle et cassette sur Dispear Records !","og_url":"https:\/\/dispear-records.com\/index.php\/produit\/vinyle-kuma-no-motor-baiona-zikina\/","og_site_name":"Dispear Records","article_modified_time":"2025-12-16T14:01:05+00:00","og_image":[{"width":1000,"height":1000,"url":"https:\/\/dispear-records.com\/wp-content\/uploads\/2023\/11\/IMG_0575-1000.jpg","type":"image\/jpeg"}],"twitter_card":"summary_large_image","twitter_misc":{"Dur\u00e9e de lecture estim\u00e9e":"1 minute"},"schema":{"@context":"https:\/\/schema.org","@graph":[{"@type":"WebPage","@id":"https:\/\/dispear-records.com\/index.php\/produit\/vinyle-kuma-no-motor-baiona-zikina\/","url":"https:\/\/dispear-records.com\/index.php\/produit\/vinyle-kuma-no-motor-baiona-zikina\/","name":"[Vinyle] Kuma No Motor - Baiona zikina - Dispear Records","isPartOf":{"@id":"https:\/\/dispear-records.com\/#website"},"primaryImageOfPage":{"@id":"https:\/\/dispear-records.com\/index.php\/produit\/vinyle-kuma-no-motor-baiona-zikina\/#primaryimage"},"image":{"@id":"https:\/\/dispear-records.com\/index.php\/produit\/vinyle-kuma-no-motor-baiona-zikina\/#primaryimage"},"thumbnailUrl":"https:\/\/dispear-records.com\/wp-content\/uploads\/2023\/11\/IMG_0575-1000.jpg","datePublished":"2023-11-16T10:32:54+00:00","dateModified":"2025-12-16T14:01:05+00:00","description":"Baiona zikina : 3e album des bayonnais de Kuma No Motor. 10 titres punk hardcore rapides, brutaux et intenses !! Vinyle et cassette sur Dispear Records !","breadcrumb":{"@id":"https:\/\/dispear-records.com\/index.php\/produit\/vinyle-kuma-no-motor-baiona-zikina\/#breadcrumb"},"inLanguage":"fr-FR","potentialAction":[{"@type":"ReadAction","target":["https:\/\/dispear-records.com\/index.php\/produit\/vinyle-kuma-no-motor-baiona-zikina\/"]}]},{"@type":"ImageObject","inLanguage":"fr-FR","@id":"https:\/\/dispear-records.com\/index.php\/produit\/vinyle-kuma-no-motor-baiona-zikina\/#primaryimage","url":"https:\/\/dispear-records.com\/wp-content\/uploads\/2023\/11\/IMG_0575-1000.jpg","contentUrl":"https:\/\/dispear-records.com\/wp-content\/uploads\/2023\/11\/IMG_0575-1000.jpg","width":1000,"height":1000},{"@type":"BreadcrumbList","@id":"https:\/\/dispear-records.com\/index.php\/produit\/vinyle-kuma-no-motor-baiona-zikina\/#breadcrumb","itemListElement":[{"@type":"ListItem","position":1,"name":"Accueil","item":"https:\/\/dispear-records.com\/"},{"@type":"ListItem","position":2,"name":"Boutique","item":"https:\/\/dispear-records.com\/"},{"@type":"ListItem","position":3,"name":"[Vinyle] Kuma No Motor &#8211; Baiona zikina"}]},{"@type":"WebSite","@id":"https:\/\/dispear-records.com\/#website","url":"https:\/\/dispear-records.com\/","name":"Dispear Records","description":"DIY punk &amp; hardcore label","publisher":{"@id":"https:\/\/dispear-records.com\/#organization"},"potentialAction":[{"@type":"SearchAction","target":{"@type":"EntryPoint","urlTemplate":"https:\/\/dispear-records.com\/?s={search_term_string}"},"query-input":{"@type":"PropertyValueSpecification","valueRequired":true,"valueName":"search_term_string"}}],"inLanguage":"fr-FR"},{"@type":"Organization","@id":"https:\/\/dispear-records.com\/#organization","name":"Dispear Records","url":"https:\/\/dispear-records.com\/","logo":{"@type":"ImageObject","inLanguage":"fr-FR","@id":"https:\/\/dispear-records.com\/#\/schema\/logo\/image\/","url":"https:\/\/dispear-records.com\/wp-content\/uploads\/2021\/06\/cropped-cropped-dispear.png","contentUrl":"https:\/\/dispear-records.com\/wp-content\/uploads\/2021\/06\/cropped-cropped-dispear.png","width":2592,"height":709,"caption":"Dispear Records"},"image":{"@id":"https:\/\/dispear-records.com\/#\/schema\/logo\/image\/"}}]}},"_links":{"self":[{"href":"https:\/\/dispear-records.com\/index.php\/wp-json\/wp\/v2\/product\/638","targetHints":{"allow":["GET"]}}],"collection":[{"href":"https:\/\/dispear-records.com\/index.php\/wp-json\/wp\/v2\/product"}],"about":[{"href":"https:\/\/dispear-records.com\/index.php\/wp-json\/wp\/v2\/types\/product"}],"wp:featuredmedia":[{"embeddable":true,"href":"https:\/\/dispear-records.com\/index.php\/wp-json\/wp\/v2\/media\/640"}],"wp:attachment":[{"href":"https:\/\/dispear-records.com\/index.php\/wp-json\/wp\/v2\/media?parent=638"}],"wp:term":[{"taxonomy":"product_brand","embeddable":true,"href":"https:\/\/dispear-records.com\/index.php\/wp-json\/wp\/v2\/product_brand?post=638"},{"taxonomy":"product_cat","embeddable":true,"href":"https:\/\/dispear-records.com\/index.php\/wp-json\/wp\/v2\/product_cat?post=638"},{"taxonomy":"product_tag","embeddable":true,"href":"https:\/\/dispear-records.com\/index.php\/wp-json\/wp\/v2\/product_tag?post=638"}],"curies":[{"name":"wp","href":"https:\/\/api.w.org\/{rel}","templated":true}]}}