{"id":675,"date":"2024-03-19T08:35:47","date_gmt":"2024-03-19T07:35:47","guid":{"rendered":"https:\/\/dispear-records.com\/?post_type=product&#038;p=675"},"modified":"2025-05-22T18:19:06","modified_gmt":"2025-05-22T16:19:06","slug":"vinyle-the-playmatics-dive-in","status":"publish","type":"product","link":"https:\/\/dispear-records.com\/index.php\/produit\/vinyle-the-playmatics-dive-in\/","title":{"rendered":"[Vinyle] The Playmatics &#8211; Dive In"},"content":{"rendered":"<p><span style=\"font-weight: 400;\">\u201cDive In\u201d, ce sont 12 titres enregistr\u00e9s par les Rennais de The Playmatics, et qui composent ce magnifique vinyl, qu&rsquo;on peut dire indispensable \u00e0 ta vinyloth\u00e8que ! Des chansons courtes et efficaces, qui ne laissent que peu de place \u00e0 la fioriture. C&rsquo;est m\u00e9lodique, c&rsquo;est catchy as fuck, et \u00e7a s\u2019\u00e9coute en boucle dans l&rsquo;autoradio. Leur son assez organique se veut au plus proche de leur son live, comme \u00e7a z\u00e9ro d\u00e9ception quand tu les verras, sauf si bien entendu tu les vois dans un endroit o\u00f9 le sol et les murs sont faits de carrelage, mat\u00e9riau reconnu pour son acoustique \u00e0 chier. Mais je m&rsquo;\u00e9gare. Il ne te reste qu&rsquo;\u00e0 mettre un casque et cliquer sur le lien ci-dessous pour te faire prendre par le pop punk garage de The Playmatics !\u00a0<\/span><\/p>\n<p><iframe style=\"border: 0; width: 400px; height: 472px;\" src=\"https:\/\/bandcamp.com\/EmbeddedPlayer\/album=3956997767\/size=large\/bgcol=ffffff\/linkcol=de270f\/artwork=small\/transparent=true\/\" seamless=\"\"><a href=\"https:\/\/theplaymatics.bandcamp.com\/album\/dive-in\">DIVE IN de The Playmatics<\/a><\/iframe><\/p>\n","protected":false},"excerpt":{"rendered":"<p><strong>The Playmatics &#8211; Dive In<\/strong><br \/>\n2024 \/\/ 12 tracks<br \/>\nPop Punk Rock<br \/>\nRennes \/\/ Bretagne<\/p>\n","protected":false},"featured_media":677,"template":"","meta":[],"product_brand":[],"product_cat":[54,41],"product_tag":[28],"class_list":{"0":"post-675","1":"product","2":"type-product","3":"status-publish","4":"has-post-thumbnail","6":"product_cat-the-playmatics","7":"product_cat-vinyles","8":"product_tag-punk-rock","10":"first","11":"instock","12":"shipping-taxable","13":"purchasable","14":"product-type-simple"},"yoast_head":"<!-- This site is optimized with the Yoast SEO plugin v27.5 - https:\/\/yoast.com\/product\/yoast-seo-wordpress\/ -->\n<title>[Vinyle] The Playmatics - Dive In - Dispear Records<\/title>\n<meta name=\"description\" content=\"Dive In : premier album des Rennais de The Playmatics. Du pop punk \u00e0 la sauce garage, catchy m\u00e9lodique et efficace \u00e0 souhait !\" \/>\n<meta name=\"robots\" content=\"index, follow, max-snippet:-1, max-image-preview:large, max-video-preview:-1\" \/>\n<link rel=\"canonical\" href=\"https:\/\/dispear-records.com\/index.php\/produit\/vinyle-the-playmatics-dive-in\/\" \/>\n<meta property=\"og:locale\" content=\"fr_FR\" \/>\n<meta property=\"og:type\" content=\"article\" \/>\n<meta property=\"og:title\" content=\"[Vinyle] The Playmatics - Dive In - Dispear Records\" \/>\n<meta property=\"og:description\" content=\"Dive In : premier album des Rennais de The Playmatics. Du pop punk \u00e0 la sauce garage, catchy m\u00e9lodique et efficace \u00e0 souhait !\" \/>\n<meta property=\"og:url\" content=\"https:\/\/dispear-records.com\/index.php\/produit\/vinyle-the-playmatics-dive-in\/\" \/>\n<meta property=\"og:site_name\" content=\"Dispear Records\" \/>\n<meta property=\"article:modified_time\" content=\"2025-05-22T16:19:06+00:00\" \/>\n<meta property=\"og:image\" content=\"https:\/\/dispear-records.com\/wp-content\/uploads\/2024\/03\/IMG_1100-800.jpg\" \/>\n\t<meta property=\"og:image:width\" content=\"800\" \/>\n\t<meta property=\"og:image:height\" content=\"800\" \/>\n\t<meta property=\"og:image:type\" content=\"image\/jpeg\" \/>\n<meta name=\"twitter:card\" content=\"summary_large_image\" \/>\n<meta name=\"twitter:label1\" content=\"Dur\u00e9e de lecture estim\u00e9e\" \/>\n\t<meta name=\"twitter:data1\" content=\"1 minute\" \/>\n<script type=\"application\/ld+json\" class=\"yoast-schema-graph\">{\"@context\":\"https:\\\/\\\/schema.org\",\"@graph\":[{\"@type\":\"WebPage\",\"@id\":\"https:\\\/\\\/dispear-records.com\\\/index.php\\\/produit\\\/vinyle-the-playmatics-dive-in\\\/\",\"url\":\"https:\\\/\\\/dispear-records.com\\\/index.php\\\/produit\\\/vinyle-the-playmatics-dive-in\\\/\",\"name\":\"[Vinyle] The Playmatics - Dive In - Dispear Records\",\"isPartOf\":{\"@id\":\"https:\\\/\\\/dispear-records.com\\\/#website\"},\"primaryImageOfPage\":{\"@id\":\"https:\\\/\\\/dispear-records.com\\\/index.php\\\/produit\\\/vinyle-the-playmatics-dive-in\\\/#primaryimage\"},\"image\":{\"@id\":\"https:\\\/\\\/dispear-records.com\\\/index.php\\\/produit\\\/vinyle-the-playmatics-dive-in\\\/#primaryimage\"},\"thumbnailUrl\":\"https:\\\/\\\/dispear-records.com\\\/wp-content\\\/uploads\\\/2024\\\/03\\\/IMG_1100-800.jpg\",\"datePublished\":\"2024-03-19T07:35:47+00:00\",\"dateModified\":\"2025-05-22T16:19:06+00:00\",\"description\":\"Dive In : premier album des Rennais de The Playmatics. Du pop punk \u00e0 la sauce garage, catchy m\u00e9lodique et efficace \u00e0 souhait !\",\"breadcrumb\":{\"@id\":\"https:\\\/\\\/dispear-records.com\\\/index.php\\\/produit\\\/vinyle-the-playmatics-dive-in\\\/#breadcrumb\"},\"inLanguage\":\"fr-FR\",\"potentialAction\":[{\"@type\":\"ReadAction\",\"target\":[\"https:\\\/\\\/dispear-records.com\\\/index.php\\\/produit\\\/vinyle-the-playmatics-dive-in\\\/\"]}]},{\"@type\":\"ImageObject\",\"inLanguage\":\"fr-FR\",\"@id\":\"https:\\\/\\\/dispear-records.com\\\/index.php\\\/produit\\\/vinyle-the-playmatics-dive-in\\\/#primaryimage\",\"url\":\"https:\\\/\\\/dispear-records.com\\\/wp-content\\\/uploads\\\/2024\\\/03\\\/IMG_1100-800.jpg\",\"contentUrl\":\"https:\\\/\\\/dispear-records.com\\\/wp-content\\\/uploads\\\/2024\\\/03\\\/IMG_1100-800.jpg\",\"width\":800,\"height\":800},{\"@type\":\"BreadcrumbList\",\"@id\":\"https:\\\/\\\/dispear-records.com\\\/index.php\\\/produit\\\/vinyle-the-playmatics-dive-in\\\/#breadcrumb\",\"itemListElement\":[{\"@type\":\"ListItem\",\"position\":1,\"name\":\"Accueil\",\"item\":\"https:\\\/\\\/dispear-records.com\\\/\"},{\"@type\":\"ListItem\",\"position\":2,\"name\":\"Boutique\",\"item\":\"https:\\\/\\\/dispear-records.com\\\/\"},{\"@type\":\"ListItem\",\"position\":3,\"name\":\"[Vinyle] The Playmatics &#8211; Dive In\"}]},{\"@type\":\"WebSite\",\"@id\":\"https:\\\/\\\/dispear-records.com\\\/#website\",\"url\":\"https:\\\/\\\/dispear-records.com\\\/\",\"name\":\"Dispear Records\",\"description\":\"DIY punk &amp; hardcore label\",\"publisher\":{\"@id\":\"https:\\\/\\\/dispear-records.com\\\/#organization\"},\"potentialAction\":[{\"@type\":\"SearchAction\",\"target\":{\"@type\":\"EntryPoint\",\"urlTemplate\":\"https:\\\/\\\/dispear-records.com\\\/?s={search_term_string}\"},\"query-input\":{\"@type\":\"PropertyValueSpecification\",\"valueRequired\":true,\"valueName\":\"search_term_string\"}}],\"inLanguage\":\"fr-FR\"},{\"@type\":\"Organization\",\"@id\":\"https:\\\/\\\/dispear-records.com\\\/#organization\",\"name\":\"Dispear Records\",\"url\":\"https:\\\/\\\/dispear-records.com\\\/\",\"logo\":{\"@type\":\"ImageObject\",\"inLanguage\":\"fr-FR\",\"@id\":\"https:\\\/\\\/dispear-records.com\\\/#\\\/schema\\\/logo\\\/image\\\/\",\"url\":\"https:\\\/\\\/dispear-records.com\\\/wp-content\\\/uploads\\\/2021\\\/06\\\/cropped-cropped-dispear.png\",\"contentUrl\":\"https:\\\/\\\/dispear-records.com\\\/wp-content\\\/uploads\\\/2021\\\/06\\\/cropped-cropped-dispear.png\",\"width\":2592,\"height\":709,\"caption\":\"Dispear Records\"},\"image\":{\"@id\":\"https:\\\/\\\/dispear-records.com\\\/#\\\/schema\\\/logo\\\/image\\\/\"}}]}<\/script>\n<!-- \/ Yoast SEO plugin. -->","yoast_head_json":{"title":"[Vinyle] The Playmatics - Dive In - Dispear Records","description":"Dive In : premier album des Rennais de The Playmatics. Du pop punk \u00e0 la sauce garage, catchy m\u00e9lodique et efficace \u00e0 souhait !","robots":{"index":"index","follow":"follow","max-snippet":"max-snippet:-1","max-image-preview":"max-image-preview:large","max-video-preview":"max-video-preview:-1"},"canonical":"https:\/\/dispear-records.com\/index.php\/produit\/vinyle-the-playmatics-dive-in\/","og_locale":"fr_FR","og_type":"article","og_title":"[Vinyle] The Playmatics - Dive In - Dispear Records","og_description":"Dive In : premier album des Rennais de The Playmatics. Du pop punk \u00e0 la sauce garage, catchy m\u00e9lodique et efficace \u00e0 souhait !","og_url":"https:\/\/dispear-records.com\/index.php\/produit\/vinyle-the-playmatics-dive-in\/","og_site_name":"Dispear Records","article_modified_time":"2025-05-22T16:19:06+00:00","og_image":[{"width":800,"height":800,"url":"https:\/\/dispear-records.com\/wp-content\/uploads\/2024\/03\/IMG_1100-800.jpg","type":"image\/jpeg"}],"twitter_card":"summary_large_image","twitter_misc":{"Dur\u00e9e de lecture estim\u00e9e":"1 minute"},"schema":{"@context":"https:\/\/schema.org","@graph":[{"@type":"WebPage","@id":"https:\/\/dispear-records.com\/index.php\/produit\/vinyle-the-playmatics-dive-in\/","url":"https:\/\/dispear-records.com\/index.php\/produit\/vinyle-the-playmatics-dive-in\/","name":"[Vinyle] The Playmatics - Dive In - Dispear Records","isPartOf":{"@id":"https:\/\/dispear-records.com\/#website"},"primaryImageOfPage":{"@id":"https:\/\/dispear-records.com\/index.php\/produit\/vinyle-the-playmatics-dive-in\/#primaryimage"},"image":{"@id":"https:\/\/dispear-records.com\/index.php\/produit\/vinyle-the-playmatics-dive-in\/#primaryimage"},"thumbnailUrl":"https:\/\/dispear-records.com\/wp-content\/uploads\/2024\/03\/IMG_1100-800.jpg","datePublished":"2024-03-19T07:35:47+00:00","dateModified":"2025-05-22T16:19:06+00:00","description":"Dive In : premier album des Rennais de The Playmatics. Du pop punk \u00e0 la sauce garage, catchy m\u00e9lodique et efficace \u00e0 souhait !","breadcrumb":{"@id":"https:\/\/dispear-records.com\/index.php\/produit\/vinyle-the-playmatics-dive-in\/#breadcrumb"},"inLanguage":"fr-FR","potentialAction":[{"@type":"ReadAction","target":["https:\/\/dispear-records.com\/index.php\/produit\/vinyle-the-playmatics-dive-in\/"]}]},{"@type":"ImageObject","inLanguage":"fr-FR","@id":"https:\/\/dispear-records.com\/index.php\/produit\/vinyle-the-playmatics-dive-in\/#primaryimage","url":"https:\/\/dispear-records.com\/wp-content\/uploads\/2024\/03\/IMG_1100-800.jpg","contentUrl":"https:\/\/dispear-records.com\/wp-content\/uploads\/2024\/03\/IMG_1100-800.jpg","width":800,"height":800},{"@type":"BreadcrumbList","@id":"https:\/\/dispear-records.com\/index.php\/produit\/vinyle-the-playmatics-dive-in\/#breadcrumb","itemListElement":[{"@type":"ListItem","position":1,"name":"Accueil","item":"https:\/\/dispear-records.com\/"},{"@type":"ListItem","position":2,"name":"Boutique","item":"https:\/\/dispear-records.com\/"},{"@type":"ListItem","position":3,"name":"[Vinyle] The Playmatics &#8211; Dive In"}]},{"@type":"WebSite","@id":"https:\/\/dispear-records.com\/#website","url":"https:\/\/dispear-records.com\/","name":"Dispear Records","description":"DIY punk &amp; hardcore label","publisher":{"@id":"https:\/\/dispear-records.com\/#organization"},"potentialAction":[{"@type":"SearchAction","target":{"@type":"EntryPoint","urlTemplate":"https:\/\/dispear-records.com\/?s={search_term_string}"},"query-input":{"@type":"PropertyValueSpecification","valueRequired":true,"valueName":"search_term_string"}}],"inLanguage":"fr-FR"},{"@type":"Organization","@id":"https:\/\/dispear-records.com\/#organization","name":"Dispear Records","url":"https:\/\/dispear-records.com\/","logo":{"@type":"ImageObject","inLanguage":"fr-FR","@id":"https:\/\/dispear-records.com\/#\/schema\/logo\/image\/","url":"https:\/\/dispear-records.com\/wp-content\/uploads\/2021\/06\/cropped-cropped-dispear.png","contentUrl":"https:\/\/dispear-records.com\/wp-content\/uploads\/2021\/06\/cropped-cropped-dispear.png","width":2592,"height":709,"caption":"Dispear Records"},"image":{"@id":"https:\/\/dispear-records.com\/#\/schema\/logo\/image\/"}}]}},"_links":{"self":[{"href":"https:\/\/dispear-records.com\/index.php\/wp-json\/wp\/v2\/product\/675","targetHints":{"allow":["GET"]}}],"collection":[{"href":"https:\/\/dispear-records.com\/index.php\/wp-json\/wp\/v2\/product"}],"about":[{"href":"https:\/\/dispear-records.com\/index.php\/wp-json\/wp\/v2\/types\/product"}],"wp:featuredmedia":[{"embeddable":true,"href":"https:\/\/dispear-records.com\/index.php\/wp-json\/wp\/v2\/media\/677"}],"wp:attachment":[{"href":"https:\/\/dispear-records.com\/index.php\/wp-json\/wp\/v2\/media?parent=675"}],"wp:term":[{"taxonomy":"product_brand","embeddable":true,"href":"https:\/\/dispear-records.com\/index.php\/wp-json\/wp\/v2\/product_brand?post=675"},{"taxonomy":"product_cat","embeddable":true,"href":"https:\/\/dispear-records.com\/index.php\/wp-json\/wp\/v2\/product_cat?post=675"},{"taxonomy":"product_tag","embeddable":true,"href":"https:\/\/dispear-records.com\/index.php\/wp-json\/wp\/v2\/product_tag?post=675"}],"curies":[{"name":"wp","href":"https:\/\/api.w.org\/{rel}","templated":true}]}}