{"id":712,"date":"2024-04-10T15:07:42","date_gmt":"2024-04-10T13:07:42","guid":{"rendered":"https:\/\/dispear-records.com\/?post_type=product&#038;p=712"},"modified":"2025-06-03T12:35:01","modified_gmt":"2025-06-03T10:35:01","slug":"cassette-cold-stress-s-t","status":"publish","type":"product","link":"https:\/\/dispear-records.com\/index.php\/produit\/cassette-cold-stress-s-t\/","title":{"rendered":"SOLD OUT &#8211; [Cassette] Cold Stress &#8211; s\/t"},"content":{"rendered":"<p><span style=\"font-weight: 400;\">Cold Stress, c&rsquo;est un peu nos poulains. On les a vu se former fin 2022 et on les a fait jouer \u00e0 leurs tout d\u00e9buts : deuxi\u00e8me concert la boule au ventre avec POESIE ZERO et Vegan Piranha au Circus ! Et on les a surtout vu s&rsquo;affirmer en live, \u00e9toffer leur set et gagner en notori\u00e9t\u00e9 ! Alors quand les types ont d\u00e9cid\u00e9 d\u2019enregistrer leurs premiers morceaux et d\u2019en faire un EP, c&rsquo; est tout naturellement qu\u2019on leur a propos\u00e9 de mettre \u00e7a sur bande magn\u00e9tique !<br \/>\n<\/span><span style=\"font-weight: 400;\">Pour le registre, c&rsquo;est du punk hardcore frais et new school, dans la veine de groupe tels que Gel, Scowl ou Spy. C&rsquo;est crossover, \u00e7a lorgne sur le m\u00e9tal, le grunge, la fusion, le beat down, le crust, mais c&rsquo;est surtout d\u00e9finitivement punk HxC !<\/span><\/p>\n<p><iframe style=\"border: 0; width: 400px; height: 307px;\" src=\"https:\/\/bandcamp.com\/EmbeddedPlayer\/album=259374022\/size=large\/bgcol=ffffff\/linkcol=333333\/artwork=small\/transparent=true\/\" seamless=\"\"><a href=\"https:\/\/coldstress.bandcamp.com\/album\/cold-stress\">Cold Stress de Cold Stress<\/a><\/iframe><\/p>\n","protected":false},"excerpt":{"rendered":"<p><strong>Cold Stress &#8211; s\/t<\/strong><br \/>\n2023 \/\/ 5 tracks<br \/>\nPunk Hardcore<br \/>\nHossegor \/\/ France<\/p>\n","protected":false},"featured_media":716,"template":"","meta":[],"product_brand":[],"product_cat":[19,59],"product_tag":[23],"class_list":{"0":"post-712","1":"product","2":"type-product","3":"status-publish","4":"has-post-thumbnail","6":"product_cat-cassettes","7":"product_cat-cold-stress","8":"product_tag-hardcore-punk","10":"first","11":"outofstock","12":"shipping-taxable","13":"purchasable","14":"product-type-simple"},"yoast_head":"<!-- This site is optimized with the Yoast SEO plugin v27.4 - https:\/\/yoast.com\/product\/yoast-seo-wordpress\/ -->\n<title>SOLD OUT - [Cassette] Cold Stress - s\/t<\/title>\n<meta name=\"description\" content=\"Premier EP des landais de Cold Stress : une bonne cassette de punk hardcore frais et new school qui va bient\u00f4t faire parler de lui !\" \/>\n<meta name=\"robots\" content=\"index, follow, max-snippet:-1, max-image-preview:large, max-video-preview:-1\" \/>\n<link rel=\"canonical\" href=\"https:\/\/dispear-records.com\/index.php\/produit\/cassette-cold-stress-s-t\/\" \/>\n<meta property=\"og:locale\" content=\"fr_FR\" \/>\n<meta property=\"og:type\" content=\"article\" \/>\n<meta property=\"og:title\" content=\"SOLD OUT - [Cassette] Cold Stress - s\/t\" \/>\n<meta property=\"og:description\" content=\"Premier EP des landais de Cold Stress : une bonne cassette de punk hardcore frais et new school qui va bient\u00f4t faire parler de lui !\" \/>\n<meta property=\"og:url\" content=\"https:\/\/dispear-records.com\/index.php\/produit\/cassette-cold-stress-s-t\/\" \/>\n<meta property=\"og:site_name\" content=\"Dispear Records\" \/>\n<meta property=\"article:modified_time\" content=\"2025-06-03T10:35:01+00:00\" \/>\n<meta property=\"og:image\" content=\"https:\/\/dispear-records.com\/wp-content\/uploads\/2024\/04\/IMG_1096-800.jpg\" \/>\n\t<meta property=\"og:image:width\" content=\"800\" \/>\n\t<meta property=\"og:image:height\" content=\"800\" \/>\n\t<meta property=\"og:image:type\" content=\"image\/jpeg\" \/>\n<meta name=\"twitter:card\" content=\"summary_large_image\" \/>\n<meta name=\"twitter:label1\" content=\"Dur\u00e9e de lecture estim\u00e9e\" \/>\n\t<meta name=\"twitter:data1\" content=\"1 minute\" \/>\n<script type=\"application\/ld+json\" class=\"yoast-schema-graph\">{\"@context\":\"https:\\\/\\\/schema.org\",\"@graph\":[{\"@type\":\"WebPage\",\"@id\":\"https:\\\/\\\/dispear-records.com\\\/index.php\\\/produit\\\/cassette-cold-stress-s-t\\\/\",\"url\":\"https:\\\/\\\/dispear-records.com\\\/index.php\\\/produit\\\/cassette-cold-stress-s-t\\\/\",\"name\":\"SOLD OUT - [Cassette] Cold Stress - s\\\/t\",\"isPartOf\":{\"@id\":\"https:\\\/\\\/dispear-records.com\\\/#website\"},\"primaryImageOfPage\":{\"@id\":\"https:\\\/\\\/dispear-records.com\\\/index.php\\\/produit\\\/cassette-cold-stress-s-t\\\/#primaryimage\"},\"image\":{\"@id\":\"https:\\\/\\\/dispear-records.com\\\/index.php\\\/produit\\\/cassette-cold-stress-s-t\\\/#primaryimage\"},\"thumbnailUrl\":\"https:\\\/\\\/dispear-records.com\\\/wp-content\\\/uploads\\\/2024\\\/04\\\/IMG_1096-800.jpg\",\"datePublished\":\"2024-04-10T13:07:42+00:00\",\"dateModified\":\"2025-06-03T10:35:01+00:00\",\"description\":\"Premier EP des landais de Cold Stress : une bonne cassette de punk hardcore frais et new school qui va bient\u00f4t faire parler de lui !\",\"breadcrumb\":{\"@id\":\"https:\\\/\\\/dispear-records.com\\\/index.php\\\/produit\\\/cassette-cold-stress-s-t\\\/#breadcrumb\"},\"inLanguage\":\"fr-FR\",\"potentialAction\":[{\"@type\":\"ReadAction\",\"target\":[\"https:\\\/\\\/dispear-records.com\\\/index.php\\\/produit\\\/cassette-cold-stress-s-t\\\/\"]}]},{\"@type\":\"ImageObject\",\"inLanguage\":\"fr-FR\",\"@id\":\"https:\\\/\\\/dispear-records.com\\\/index.php\\\/produit\\\/cassette-cold-stress-s-t\\\/#primaryimage\",\"url\":\"https:\\\/\\\/dispear-records.com\\\/wp-content\\\/uploads\\\/2024\\\/04\\\/IMG_1096-800.jpg\",\"contentUrl\":\"https:\\\/\\\/dispear-records.com\\\/wp-content\\\/uploads\\\/2024\\\/04\\\/IMG_1096-800.jpg\",\"width\":800,\"height\":800},{\"@type\":\"BreadcrumbList\",\"@id\":\"https:\\\/\\\/dispear-records.com\\\/index.php\\\/produit\\\/cassette-cold-stress-s-t\\\/#breadcrumb\",\"itemListElement\":[{\"@type\":\"ListItem\",\"position\":1,\"name\":\"Accueil\",\"item\":\"https:\\\/\\\/dispear-records.com\\\/\"},{\"@type\":\"ListItem\",\"position\":2,\"name\":\"Boutique\",\"item\":\"https:\\\/\\\/dispear-records.com\\\/\"},{\"@type\":\"ListItem\",\"position\":3,\"name\":\"SOLD OUT &#8211; [Cassette] Cold Stress &#8211; s\\\/t\"}]},{\"@type\":\"WebSite\",\"@id\":\"https:\\\/\\\/dispear-records.com\\\/#website\",\"url\":\"https:\\\/\\\/dispear-records.com\\\/\",\"name\":\"Dispear Records\",\"description\":\"DIY punk &amp; hardcore label\",\"publisher\":{\"@id\":\"https:\\\/\\\/dispear-records.com\\\/#organization\"},\"potentialAction\":[{\"@type\":\"SearchAction\",\"target\":{\"@type\":\"EntryPoint\",\"urlTemplate\":\"https:\\\/\\\/dispear-records.com\\\/?s={search_term_string}\"},\"query-input\":{\"@type\":\"PropertyValueSpecification\",\"valueRequired\":true,\"valueName\":\"search_term_string\"}}],\"inLanguage\":\"fr-FR\"},{\"@type\":\"Organization\",\"@id\":\"https:\\\/\\\/dispear-records.com\\\/#organization\",\"name\":\"Dispear Records\",\"url\":\"https:\\\/\\\/dispear-records.com\\\/\",\"logo\":{\"@type\":\"ImageObject\",\"inLanguage\":\"fr-FR\",\"@id\":\"https:\\\/\\\/dispear-records.com\\\/#\\\/schema\\\/logo\\\/image\\\/\",\"url\":\"https:\\\/\\\/dispear-records.com\\\/wp-content\\\/uploads\\\/2021\\\/06\\\/cropped-cropped-dispear.png\",\"contentUrl\":\"https:\\\/\\\/dispear-records.com\\\/wp-content\\\/uploads\\\/2021\\\/06\\\/cropped-cropped-dispear.png\",\"width\":2592,\"height\":709,\"caption\":\"Dispear Records\"},\"image\":{\"@id\":\"https:\\\/\\\/dispear-records.com\\\/#\\\/schema\\\/logo\\\/image\\\/\"}}]}<\/script>\n<!-- \/ Yoast SEO plugin. -->","yoast_head_json":{"title":"SOLD OUT - [Cassette] Cold Stress - s\/t","description":"Premier EP des landais de Cold Stress : une bonne cassette de punk hardcore frais et new school qui va bient\u00f4t faire parler de lui !","robots":{"index":"index","follow":"follow","max-snippet":"max-snippet:-1","max-image-preview":"max-image-preview:large","max-video-preview":"max-video-preview:-1"},"canonical":"https:\/\/dispear-records.com\/index.php\/produit\/cassette-cold-stress-s-t\/","og_locale":"fr_FR","og_type":"article","og_title":"SOLD OUT - [Cassette] Cold Stress - s\/t","og_description":"Premier EP des landais de Cold Stress : une bonne cassette de punk hardcore frais et new school qui va bient\u00f4t faire parler de lui !","og_url":"https:\/\/dispear-records.com\/index.php\/produit\/cassette-cold-stress-s-t\/","og_site_name":"Dispear Records","article_modified_time":"2025-06-03T10:35:01+00:00","og_image":[{"width":800,"height":800,"url":"https:\/\/dispear-records.com\/wp-content\/uploads\/2024\/04\/IMG_1096-800.jpg","type":"image\/jpeg"}],"twitter_card":"summary_large_image","twitter_misc":{"Dur\u00e9e de lecture estim\u00e9e":"1 minute"},"schema":{"@context":"https:\/\/schema.org","@graph":[{"@type":"WebPage","@id":"https:\/\/dispear-records.com\/index.php\/produit\/cassette-cold-stress-s-t\/","url":"https:\/\/dispear-records.com\/index.php\/produit\/cassette-cold-stress-s-t\/","name":"SOLD OUT - [Cassette] Cold Stress - s\/t","isPartOf":{"@id":"https:\/\/dispear-records.com\/#website"},"primaryImageOfPage":{"@id":"https:\/\/dispear-records.com\/index.php\/produit\/cassette-cold-stress-s-t\/#primaryimage"},"image":{"@id":"https:\/\/dispear-records.com\/index.php\/produit\/cassette-cold-stress-s-t\/#primaryimage"},"thumbnailUrl":"https:\/\/dispear-records.com\/wp-content\/uploads\/2024\/04\/IMG_1096-800.jpg","datePublished":"2024-04-10T13:07:42+00:00","dateModified":"2025-06-03T10:35:01+00:00","description":"Premier EP des landais de Cold Stress : une bonne cassette de punk hardcore frais et new school qui va bient\u00f4t faire parler de lui !","breadcrumb":{"@id":"https:\/\/dispear-records.com\/index.php\/produit\/cassette-cold-stress-s-t\/#breadcrumb"},"inLanguage":"fr-FR","potentialAction":[{"@type":"ReadAction","target":["https:\/\/dispear-records.com\/index.php\/produit\/cassette-cold-stress-s-t\/"]}]},{"@type":"ImageObject","inLanguage":"fr-FR","@id":"https:\/\/dispear-records.com\/index.php\/produit\/cassette-cold-stress-s-t\/#primaryimage","url":"https:\/\/dispear-records.com\/wp-content\/uploads\/2024\/04\/IMG_1096-800.jpg","contentUrl":"https:\/\/dispear-records.com\/wp-content\/uploads\/2024\/04\/IMG_1096-800.jpg","width":800,"height":800},{"@type":"BreadcrumbList","@id":"https:\/\/dispear-records.com\/index.php\/produit\/cassette-cold-stress-s-t\/#breadcrumb","itemListElement":[{"@type":"ListItem","position":1,"name":"Accueil","item":"https:\/\/dispear-records.com\/"},{"@type":"ListItem","position":2,"name":"Boutique","item":"https:\/\/dispear-records.com\/"},{"@type":"ListItem","position":3,"name":"SOLD OUT &#8211; [Cassette] Cold Stress &#8211; s\/t"}]},{"@type":"WebSite","@id":"https:\/\/dispear-records.com\/#website","url":"https:\/\/dispear-records.com\/","name":"Dispear Records","description":"DIY punk &amp; hardcore label","publisher":{"@id":"https:\/\/dispear-records.com\/#organization"},"potentialAction":[{"@type":"SearchAction","target":{"@type":"EntryPoint","urlTemplate":"https:\/\/dispear-records.com\/?s={search_term_string}"},"query-input":{"@type":"PropertyValueSpecification","valueRequired":true,"valueName":"search_term_string"}}],"inLanguage":"fr-FR"},{"@type":"Organization","@id":"https:\/\/dispear-records.com\/#organization","name":"Dispear Records","url":"https:\/\/dispear-records.com\/","logo":{"@type":"ImageObject","inLanguage":"fr-FR","@id":"https:\/\/dispear-records.com\/#\/schema\/logo\/image\/","url":"https:\/\/dispear-records.com\/wp-content\/uploads\/2021\/06\/cropped-cropped-dispear.png","contentUrl":"https:\/\/dispear-records.com\/wp-content\/uploads\/2021\/06\/cropped-cropped-dispear.png","width":2592,"height":709,"caption":"Dispear Records"},"image":{"@id":"https:\/\/dispear-records.com\/#\/schema\/logo\/image\/"}}]}},"_links":{"self":[{"href":"https:\/\/dispear-records.com\/index.php\/wp-json\/wp\/v2\/product\/712","targetHints":{"allow":["GET"]}}],"collection":[{"href":"https:\/\/dispear-records.com\/index.php\/wp-json\/wp\/v2\/product"}],"about":[{"href":"https:\/\/dispear-records.com\/index.php\/wp-json\/wp\/v2\/types\/product"}],"wp:featuredmedia":[{"embeddable":true,"href":"https:\/\/dispear-records.com\/index.php\/wp-json\/wp\/v2\/media\/716"}],"wp:attachment":[{"href":"https:\/\/dispear-records.com\/index.php\/wp-json\/wp\/v2\/media?parent=712"}],"wp:term":[{"taxonomy":"product_brand","embeddable":true,"href":"https:\/\/dispear-records.com\/index.php\/wp-json\/wp\/v2\/product_brand?post=712"},{"taxonomy":"product_cat","embeddable":true,"href":"https:\/\/dispear-records.com\/index.php\/wp-json\/wp\/v2\/product_cat?post=712"},{"taxonomy":"product_tag","embeddable":true,"href":"https:\/\/dispear-records.com\/index.php\/wp-json\/wp\/v2\/product_tag?post=712"}],"curies":[{"name":"wp","href":"https:\/\/api.w.org\/{rel}","templated":true}]}}