{"id":745,"date":"2023-12-11T13:49:18","date_gmt":"2023-12-11T12:49:18","guid":{"rendered":"https:\/\/dispear-records.com\/?post_type=product&#038;p=745"},"modified":"2024-12-18T11:43:05","modified_gmt":"2024-12-18T10:43:05","slug":"vinyle-dirty-fonzy-full-speed-ahead","status":"publish","type":"product","link":"https:\/\/dispear-records.com\/index.php\/produit\/vinyle-dirty-fonzy-full-speed-ahead\/","title":{"rendered":"[Vinyle] Dirty Fonzy &#8211; Full Speed Ahead"},"content":{"rendered":"<p>Nouvel album pour les Dirty, et nouvelles prods chez la poire apr\u00e8s la r\u00e9\u00e9dit de <a href=\"https:\/\/dispear-records.com\/index.php\/produit\/cassette-dirty-fonzy-too-old-for-this-shit\/\">Too old for this shit<\/a> !\u00a0Et ouais les darons du punk \u00e0 roulette albigeois sont de retour avec Full Speed Ahead, pour f\u00eater leur presque 20 ans d\u2019existence ! Ce sera en 2024, et on me dit dans l&rsquo;oreillette que \u00e7a sent la grosse tourn\u00e9e&#8230;<br \/>\nRetour \u00e0 l&rsquo;album : si la formule a chang\u00e9 au fil des ans, la volont\u00e9 est toujours la m\u00eame qu\u2019au premier jour et le line up actuel n&rsquo;en est plus a son coup d\u2019essai. \u00c7a se sent dans la qualit\u00e9 d&rsquo;\u00e9criture et l&rsquo;efficacit\u00e9 des chansons, et justement les tubes s\u2019enchainent, faisant la part belles \u00e0 toutes les r\u00e9fs accumul\u00e9es au cours de leur longue et belle carri\u00e8re.<\/p>\n<p><iframe style=\"border: 0; width: 400px; height: 472px;\" src=\"https:\/\/bandcamp.com\/EmbeddedPlayer\/album=697430865\/size=large\/bgcol=ffffff\/linkcol=e99708\/artwork=small\/transparent=true\/\" seamless=\"\"><a href=\"https:\/\/kickingrecords.bandcamp.com\/album\/full-speed-ahead\">Full speed ahead de Dirty Fonzy<\/a><\/iframe><\/p>\n","protected":false},"excerpt":{"rendered":"<p><strong>Dirty Fonzy &#8211; Full Speed Ahead<\/strong><br \/>\n2023 \/\/ 13 tracks<br \/>\nPunk Rock<br \/>\nAlbi \/\/ France<\/p>\n","protected":false},"featured_media":747,"template":"","meta":[],"product_brand":[],"product_cat":[38,41],"product_tag":[28],"class_list":{"0":"post-745","1":"product","2":"type-product","3":"status-publish","4":"has-post-thumbnail","6":"product_cat-dirty-fonzy","7":"product_cat-vinyles","8":"product_tag-punk-rock","10":"first","11":"instock","12":"shipping-taxable","13":"purchasable","14":"product-type-simple"},"yoast_head":"<!-- This site is optimized with the Yoast SEO plugin v27.5 - https:\/\/yoast.com\/product\/yoast-seo-wordpress\/ -->\n<title>[Vinyle] Dirty Fonzy - Full Speed Ahead<\/title>\n<meta name=\"description\" content=\"Full Speed Ahead : le dernier album de Dirty Fonzy, les punkers albigeois aux 20 ans de carri\u00e8re !! Dispo en vinyle et cassette sur Dispear Records !\" \/>\n<meta name=\"robots\" content=\"index, follow, max-snippet:-1, max-image-preview:large, max-video-preview:-1\" \/>\n<link rel=\"canonical\" href=\"https:\/\/dispear-records.com\/index.php\/produit\/vinyle-dirty-fonzy-full-speed-ahead\/\" \/>\n<meta property=\"og:locale\" content=\"fr_FR\" \/>\n<meta property=\"og:type\" content=\"article\" \/>\n<meta property=\"og:title\" content=\"[Vinyle] Dirty Fonzy - Full Speed Ahead\" \/>\n<meta property=\"og:description\" content=\"Full Speed Ahead : le dernier album de Dirty Fonzy, les punkers albigeois aux 20 ans de carri\u00e8re !! Dispo en vinyle et cassette sur Dispear Records !\" \/>\n<meta property=\"og:url\" content=\"https:\/\/dispear-records.com\/index.php\/produit\/vinyle-dirty-fonzy-full-speed-ahead\/\" \/>\n<meta property=\"og:site_name\" content=\"Dispear Records\" \/>\n<meta property=\"article:modified_time\" content=\"2024-12-18T10:43:05+00:00\" \/>\n<meta property=\"og:image\" content=\"https:\/\/dispear-records.com\/wp-content\/uploads\/2024\/05\/IMG_1376-800.jpg\" \/>\n\t<meta property=\"og:image:width\" content=\"800\" \/>\n\t<meta property=\"og:image:height\" content=\"800\" \/>\n\t<meta property=\"og:image:type\" content=\"image\/jpeg\" \/>\n<meta name=\"twitter:card\" content=\"summary_large_image\" \/>\n<meta name=\"twitter:label1\" content=\"Dur\u00e9e de lecture estim\u00e9e\" \/>\n\t<meta name=\"twitter:data1\" content=\"1 minute\" \/>\n<script type=\"application\/ld+json\" class=\"yoast-schema-graph\">{\"@context\":\"https:\\\/\\\/schema.org\",\"@graph\":[{\"@type\":\"WebPage\",\"@id\":\"https:\\\/\\\/dispear-records.com\\\/index.php\\\/produit\\\/vinyle-dirty-fonzy-full-speed-ahead\\\/\",\"url\":\"https:\\\/\\\/dispear-records.com\\\/index.php\\\/produit\\\/vinyle-dirty-fonzy-full-speed-ahead\\\/\",\"name\":\"[Vinyle] Dirty Fonzy - Full Speed Ahead\",\"isPartOf\":{\"@id\":\"https:\\\/\\\/dispear-records.com\\\/#website\"},\"primaryImageOfPage\":{\"@id\":\"https:\\\/\\\/dispear-records.com\\\/index.php\\\/produit\\\/vinyle-dirty-fonzy-full-speed-ahead\\\/#primaryimage\"},\"image\":{\"@id\":\"https:\\\/\\\/dispear-records.com\\\/index.php\\\/produit\\\/vinyle-dirty-fonzy-full-speed-ahead\\\/#primaryimage\"},\"thumbnailUrl\":\"https:\\\/\\\/dispear-records.com\\\/wp-content\\\/uploads\\\/2024\\\/05\\\/IMG_1376-800.jpg\",\"datePublished\":\"2023-12-11T12:49:18+00:00\",\"dateModified\":\"2024-12-18T10:43:05+00:00\",\"description\":\"Full Speed Ahead : le dernier album de Dirty Fonzy, les punkers albigeois aux 20 ans de carri\u00e8re !! Dispo en vinyle et cassette sur Dispear Records !\",\"breadcrumb\":{\"@id\":\"https:\\\/\\\/dispear-records.com\\\/index.php\\\/produit\\\/vinyle-dirty-fonzy-full-speed-ahead\\\/#breadcrumb\"},\"inLanguage\":\"fr-FR\",\"potentialAction\":[{\"@type\":\"ReadAction\",\"target\":[\"https:\\\/\\\/dispear-records.com\\\/index.php\\\/produit\\\/vinyle-dirty-fonzy-full-speed-ahead\\\/\"]}]},{\"@type\":\"ImageObject\",\"inLanguage\":\"fr-FR\",\"@id\":\"https:\\\/\\\/dispear-records.com\\\/index.php\\\/produit\\\/vinyle-dirty-fonzy-full-speed-ahead\\\/#primaryimage\",\"url\":\"https:\\\/\\\/dispear-records.com\\\/wp-content\\\/uploads\\\/2024\\\/05\\\/IMG_1376-800.jpg\",\"contentUrl\":\"https:\\\/\\\/dispear-records.com\\\/wp-content\\\/uploads\\\/2024\\\/05\\\/IMG_1376-800.jpg\",\"width\":800,\"height\":800},{\"@type\":\"BreadcrumbList\",\"@id\":\"https:\\\/\\\/dispear-records.com\\\/index.php\\\/produit\\\/vinyle-dirty-fonzy-full-speed-ahead\\\/#breadcrumb\",\"itemListElement\":[{\"@type\":\"ListItem\",\"position\":1,\"name\":\"Accueil\",\"item\":\"https:\\\/\\\/dispear-records.com\\\/\"},{\"@type\":\"ListItem\",\"position\":2,\"name\":\"Boutique\",\"item\":\"https:\\\/\\\/dispear-records.com\\\/\"},{\"@type\":\"ListItem\",\"position\":3,\"name\":\"[Vinyle] Dirty Fonzy &#8211; Full Speed Ahead\"}]},{\"@type\":\"WebSite\",\"@id\":\"https:\\\/\\\/dispear-records.com\\\/#website\",\"url\":\"https:\\\/\\\/dispear-records.com\\\/\",\"name\":\"Dispear Records\",\"description\":\"DIY punk &amp; hardcore label\",\"publisher\":{\"@id\":\"https:\\\/\\\/dispear-records.com\\\/#organization\"},\"potentialAction\":[{\"@type\":\"SearchAction\",\"target\":{\"@type\":\"EntryPoint\",\"urlTemplate\":\"https:\\\/\\\/dispear-records.com\\\/?s={search_term_string}\"},\"query-input\":{\"@type\":\"PropertyValueSpecification\",\"valueRequired\":true,\"valueName\":\"search_term_string\"}}],\"inLanguage\":\"fr-FR\"},{\"@type\":\"Organization\",\"@id\":\"https:\\\/\\\/dispear-records.com\\\/#organization\",\"name\":\"Dispear Records\",\"url\":\"https:\\\/\\\/dispear-records.com\\\/\",\"logo\":{\"@type\":\"ImageObject\",\"inLanguage\":\"fr-FR\",\"@id\":\"https:\\\/\\\/dispear-records.com\\\/#\\\/schema\\\/logo\\\/image\\\/\",\"url\":\"https:\\\/\\\/dispear-records.com\\\/wp-content\\\/uploads\\\/2021\\\/06\\\/cropped-cropped-dispear.png\",\"contentUrl\":\"https:\\\/\\\/dispear-records.com\\\/wp-content\\\/uploads\\\/2021\\\/06\\\/cropped-cropped-dispear.png\",\"width\":2592,\"height\":709,\"caption\":\"Dispear Records\"},\"image\":{\"@id\":\"https:\\\/\\\/dispear-records.com\\\/#\\\/schema\\\/logo\\\/image\\\/\"}}]}<\/script>\n<!-- \/ Yoast SEO plugin. -->","yoast_head_json":{"title":"[Vinyle] Dirty Fonzy - Full Speed Ahead","description":"Full Speed Ahead : le dernier album de Dirty Fonzy, les punkers albigeois aux 20 ans de carri\u00e8re !! Dispo en vinyle et cassette sur Dispear Records !","robots":{"index":"index","follow":"follow","max-snippet":"max-snippet:-1","max-image-preview":"max-image-preview:large","max-video-preview":"max-video-preview:-1"},"canonical":"https:\/\/dispear-records.com\/index.php\/produit\/vinyle-dirty-fonzy-full-speed-ahead\/","og_locale":"fr_FR","og_type":"article","og_title":"[Vinyle] Dirty Fonzy - Full Speed Ahead","og_description":"Full Speed Ahead : le dernier album de Dirty Fonzy, les punkers albigeois aux 20 ans de carri\u00e8re !! Dispo en vinyle et cassette sur Dispear Records !","og_url":"https:\/\/dispear-records.com\/index.php\/produit\/vinyle-dirty-fonzy-full-speed-ahead\/","og_site_name":"Dispear Records","article_modified_time":"2024-12-18T10:43:05+00:00","og_image":[{"width":800,"height":800,"url":"https:\/\/dispear-records.com\/wp-content\/uploads\/2024\/05\/IMG_1376-800.jpg","type":"image\/jpeg"}],"twitter_card":"summary_large_image","twitter_misc":{"Dur\u00e9e de lecture estim\u00e9e":"1 minute"},"schema":{"@context":"https:\/\/schema.org","@graph":[{"@type":"WebPage","@id":"https:\/\/dispear-records.com\/index.php\/produit\/vinyle-dirty-fonzy-full-speed-ahead\/","url":"https:\/\/dispear-records.com\/index.php\/produit\/vinyle-dirty-fonzy-full-speed-ahead\/","name":"[Vinyle] Dirty Fonzy - Full Speed Ahead","isPartOf":{"@id":"https:\/\/dispear-records.com\/#website"},"primaryImageOfPage":{"@id":"https:\/\/dispear-records.com\/index.php\/produit\/vinyle-dirty-fonzy-full-speed-ahead\/#primaryimage"},"image":{"@id":"https:\/\/dispear-records.com\/index.php\/produit\/vinyle-dirty-fonzy-full-speed-ahead\/#primaryimage"},"thumbnailUrl":"https:\/\/dispear-records.com\/wp-content\/uploads\/2024\/05\/IMG_1376-800.jpg","datePublished":"2023-12-11T12:49:18+00:00","dateModified":"2024-12-18T10:43:05+00:00","description":"Full Speed Ahead : le dernier album de Dirty Fonzy, les punkers albigeois aux 20 ans de carri\u00e8re !! Dispo en vinyle et cassette sur Dispear Records !","breadcrumb":{"@id":"https:\/\/dispear-records.com\/index.php\/produit\/vinyle-dirty-fonzy-full-speed-ahead\/#breadcrumb"},"inLanguage":"fr-FR","potentialAction":[{"@type":"ReadAction","target":["https:\/\/dispear-records.com\/index.php\/produit\/vinyle-dirty-fonzy-full-speed-ahead\/"]}]},{"@type":"ImageObject","inLanguage":"fr-FR","@id":"https:\/\/dispear-records.com\/index.php\/produit\/vinyle-dirty-fonzy-full-speed-ahead\/#primaryimage","url":"https:\/\/dispear-records.com\/wp-content\/uploads\/2024\/05\/IMG_1376-800.jpg","contentUrl":"https:\/\/dispear-records.com\/wp-content\/uploads\/2024\/05\/IMG_1376-800.jpg","width":800,"height":800},{"@type":"BreadcrumbList","@id":"https:\/\/dispear-records.com\/index.php\/produit\/vinyle-dirty-fonzy-full-speed-ahead\/#breadcrumb","itemListElement":[{"@type":"ListItem","position":1,"name":"Accueil","item":"https:\/\/dispear-records.com\/"},{"@type":"ListItem","position":2,"name":"Boutique","item":"https:\/\/dispear-records.com\/"},{"@type":"ListItem","position":3,"name":"[Vinyle] Dirty Fonzy &#8211; Full Speed Ahead"}]},{"@type":"WebSite","@id":"https:\/\/dispear-records.com\/#website","url":"https:\/\/dispear-records.com\/","name":"Dispear Records","description":"DIY punk &amp; hardcore label","publisher":{"@id":"https:\/\/dispear-records.com\/#organization"},"potentialAction":[{"@type":"SearchAction","target":{"@type":"EntryPoint","urlTemplate":"https:\/\/dispear-records.com\/?s={search_term_string}"},"query-input":{"@type":"PropertyValueSpecification","valueRequired":true,"valueName":"search_term_string"}}],"inLanguage":"fr-FR"},{"@type":"Organization","@id":"https:\/\/dispear-records.com\/#organization","name":"Dispear Records","url":"https:\/\/dispear-records.com\/","logo":{"@type":"ImageObject","inLanguage":"fr-FR","@id":"https:\/\/dispear-records.com\/#\/schema\/logo\/image\/","url":"https:\/\/dispear-records.com\/wp-content\/uploads\/2021\/06\/cropped-cropped-dispear.png","contentUrl":"https:\/\/dispear-records.com\/wp-content\/uploads\/2021\/06\/cropped-cropped-dispear.png","width":2592,"height":709,"caption":"Dispear Records"},"image":{"@id":"https:\/\/dispear-records.com\/#\/schema\/logo\/image\/"}}]}},"_links":{"self":[{"href":"https:\/\/dispear-records.com\/index.php\/wp-json\/wp\/v2\/product\/745","targetHints":{"allow":["GET"]}}],"collection":[{"href":"https:\/\/dispear-records.com\/index.php\/wp-json\/wp\/v2\/product"}],"about":[{"href":"https:\/\/dispear-records.com\/index.php\/wp-json\/wp\/v2\/types\/product"}],"wp:featuredmedia":[{"embeddable":true,"href":"https:\/\/dispear-records.com\/index.php\/wp-json\/wp\/v2\/media\/747"}],"wp:attachment":[{"href":"https:\/\/dispear-records.com\/index.php\/wp-json\/wp\/v2\/media?parent=745"}],"wp:term":[{"taxonomy":"product_brand","embeddable":true,"href":"https:\/\/dispear-records.com\/index.php\/wp-json\/wp\/v2\/product_brand?post=745"},{"taxonomy":"product_cat","embeddable":true,"href":"https:\/\/dispear-records.com\/index.php\/wp-json\/wp\/v2\/product_cat?post=745"},{"taxonomy":"product_tag","embeddable":true,"href":"https:\/\/dispear-records.com\/index.php\/wp-json\/wp\/v2\/product_tag?post=745"}],"curies":[{"name":"wp","href":"https:\/\/api.w.org\/{rel}","templated":true}]}}