{"id":764,"date":"2024-07-24T11:02:04","date_gmt":"2024-07-24T09:02:04","guid":{"rendered":"https:\/\/dispear-records.com\/?post_type=product&#038;p=764"},"modified":"2025-09-23T22:45:55","modified_gmt":"2025-09-23T20:45:55","slug":"cassette-zikin-bala-galdua-zure-buru-galduan","status":"publish","type":"product","link":"https:\/\/dispear-records.com\/index.php\/produit\/cassette-zikin-bala-galdua-zure-buru-galduan\/","title":{"rendered":"SOLD OUT &#8211; [Cassette] Zikin &#8211; Bala galdua zure buru galduan"},"content":{"rendered":"<p><span style=\"font-weight: 400;\">Deuxi\u00e8me sortie du groupe de punk basque originaire de Lekeitio. \u201cBala Galdua Zure Buru Galduan\u201d (balle perdue dans ta t\u00eate perdue) fait suite \u00e0 leur premier 6 titres \u201cZementua Armosaten\u201d (du ciment au petit d\u00e9j) sorti en 2022. Vous l&rsquo;aurez compris, on est pas sur des paroles tr\u00e8s bisounours. Les textes en euskara sont toujours dans le constat d&rsquo;une triste r\u00e9alit\u00e9 post industrielle, qui impr\u00e8gne les consciences et la soci\u00e9t\u00e9.<\/span><\/p>\n<p><span style=\"font-weight: 400;\">Et quoi de mieux pour accompagner \u00e7a que de la fra\u00eecheur musicale ! Un punk hardcore tr\u00e8s old school \u00e0 la crois\u00e9e des chemins : les influences oi! croisent le punk hardcore 80ies, les riffs de gros rock, le punk 77 et les sonorit\u00e9s post punk, bref tout ce qui nous plait chez Dispear ! Les morceaux vibrent d&rsquo;une \u00e9nergie communicative qui nous tient en haleine, et avec des morceaux\u00a0 g\u00e9n\u00e9ralement sous les deux minutes, c\u2019est l\u2019urgence qui rythme cet album !<\/span><\/p>\n<p><iframe style=\"border: 0; width: 400px; height: 406px;\" src=\"https:\/\/bandcamp.com\/EmbeddedPlayer\/album=1046263275\/size=large\/bgcol=ffffff\/linkcol=0687f5\/artwork=small\/transparent=true\/\" seamless=\"\"><a href=\"https:\/\/zikin.bandcamp.com\/album\/bala-galdua-zure-buru-galduan\">Bala Galdua Zure Buru Galduan de Zikin<\/a><\/iframe><\/p>\n","protected":false},"excerpt":{"rendered":"<p><strong>Zikin &#8211; Bala Galdua Zure Buru Galduan<\/strong><br \/>\n2024 \/\/ 8 tracks<br \/>\nPunk Hardcore<br \/>\nLekeitio \/\/ Euskal Herria<\/p>\n","protected":false},"featured_media":767,"template":"","meta":[],"product_brand":[],"product_cat":[19,61],"product_tag":[23],"class_list":{"0":"post-764","1":"product","2":"type-product","3":"status-publish","4":"has-post-thumbnail","6":"product_cat-cassettes","7":"product_cat-zikin","8":"product_tag-hardcore-punk","10":"first","11":"outofstock","12":"shipping-taxable","13":"purchasable","14":"product-type-simple"},"yoast_head":"<!-- This site is optimized with the Yoast SEO plugin v27.5 - https:\/\/yoast.com\/product\/yoast-seo-wordpress\/ -->\n<title>SOLD OUT - [Cassette] Zikin - Bala galdua zure buru galduan<\/title>\n<meta name=\"description\" content=\"Deuxi\u00e8me album des basques de Lekeitio : Zikin. Du punk qui tend vers le post punk voire le rock, pour un ensemble frais et vibrant !\" \/>\n<meta name=\"robots\" content=\"index, follow, max-snippet:-1, max-image-preview:large, max-video-preview:-1\" \/>\n<link rel=\"canonical\" href=\"https:\/\/dispear-records.com\/index.php\/produit\/cassette-zikin-bala-galdua-zure-buru-galduan\/\" \/>\n<meta property=\"og:locale\" content=\"fr_FR\" \/>\n<meta property=\"og:type\" content=\"article\" \/>\n<meta property=\"og:title\" content=\"SOLD OUT - [Cassette] Zikin - Bala galdua zure buru galduan\" \/>\n<meta property=\"og:description\" content=\"Deuxi\u00e8me album des basques de Lekeitio : Zikin. Du punk qui tend vers le post punk voire le rock, pour un ensemble frais et vibrant !\" \/>\n<meta property=\"og:url\" content=\"https:\/\/dispear-records.com\/index.php\/produit\/cassette-zikin-bala-galdua-zure-buru-galduan\/\" \/>\n<meta property=\"og:site_name\" content=\"Dispear Records\" \/>\n<meta property=\"article:modified_time\" content=\"2025-09-23T20:45:55+00:00\" \/>\n<meta property=\"og:image\" content=\"https:\/\/dispear-records.com\/wp-content\/uploads\/2024\/07\/IMG_1731-800.jpg\" \/>\n\t<meta property=\"og:image:width\" content=\"800\" \/>\n\t<meta property=\"og:image:height\" content=\"800\" \/>\n\t<meta property=\"og:image:type\" content=\"image\/jpeg\" \/>\n<meta name=\"twitter:card\" content=\"summary_large_image\" \/>\n<meta name=\"twitter:label1\" content=\"Dur\u00e9e de lecture estim\u00e9e\" \/>\n\t<meta name=\"twitter:data1\" content=\"1 minute\" \/>\n<script type=\"application\/ld+json\" class=\"yoast-schema-graph\">{\"@context\":\"https:\\\/\\\/schema.org\",\"@graph\":[{\"@type\":\"WebPage\",\"@id\":\"https:\\\/\\\/dispear-records.com\\\/index.php\\\/produit\\\/cassette-zikin-bala-galdua-zure-buru-galduan\\\/\",\"url\":\"https:\\\/\\\/dispear-records.com\\\/index.php\\\/produit\\\/cassette-zikin-bala-galdua-zure-buru-galduan\\\/\",\"name\":\"SOLD OUT - [Cassette] Zikin - Bala galdua zure buru galduan\",\"isPartOf\":{\"@id\":\"https:\\\/\\\/dispear-records.com\\\/#website\"},\"primaryImageOfPage\":{\"@id\":\"https:\\\/\\\/dispear-records.com\\\/index.php\\\/produit\\\/cassette-zikin-bala-galdua-zure-buru-galduan\\\/#primaryimage\"},\"image\":{\"@id\":\"https:\\\/\\\/dispear-records.com\\\/index.php\\\/produit\\\/cassette-zikin-bala-galdua-zure-buru-galduan\\\/#primaryimage\"},\"thumbnailUrl\":\"https:\\\/\\\/dispear-records.com\\\/wp-content\\\/uploads\\\/2024\\\/07\\\/IMG_1731-800.jpg\",\"datePublished\":\"2024-07-24T09:02:04+00:00\",\"dateModified\":\"2025-09-23T20:45:55+00:00\",\"description\":\"Deuxi\u00e8me album des basques de Lekeitio : Zikin. Du punk qui tend vers le post punk voire le rock, pour un ensemble frais et vibrant !\",\"breadcrumb\":{\"@id\":\"https:\\\/\\\/dispear-records.com\\\/index.php\\\/produit\\\/cassette-zikin-bala-galdua-zure-buru-galduan\\\/#breadcrumb\"},\"inLanguage\":\"fr-FR\",\"potentialAction\":[{\"@type\":\"ReadAction\",\"target\":[\"https:\\\/\\\/dispear-records.com\\\/index.php\\\/produit\\\/cassette-zikin-bala-galdua-zure-buru-galduan\\\/\"]}]},{\"@type\":\"ImageObject\",\"inLanguage\":\"fr-FR\",\"@id\":\"https:\\\/\\\/dispear-records.com\\\/index.php\\\/produit\\\/cassette-zikin-bala-galdua-zure-buru-galduan\\\/#primaryimage\",\"url\":\"https:\\\/\\\/dispear-records.com\\\/wp-content\\\/uploads\\\/2024\\\/07\\\/IMG_1731-800.jpg\",\"contentUrl\":\"https:\\\/\\\/dispear-records.com\\\/wp-content\\\/uploads\\\/2024\\\/07\\\/IMG_1731-800.jpg\",\"width\":800,\"height\":800},{\"@type\":\"BreadcrumbList\",\"@id\":\"https:\\\/\\\/dispear-records.com\\\/index.php\\\/produit\\\/cassette-zikin-bala-galdua-zure-buru-galduan\\\/#breadcrumb\",\"itemListElement\":[{\"@type\":\"ListItem\",\"position\":1,\"name\":\"Accueil\",\"item\":\"https:\\\/\\\/dispear-records.com\\\/\"},{\"@type\":\"ListItem\",\"position\":2,\"name\":\"Boutique\",\"item\":\"https:\\\/\\\/dispear-records.com\\\/\"},{\"@type\":\"ListItem\",\"position\":3,\"name\":\"SOLD OUT &#8211; [Cassette] Zikin &#8211; Bala galdua zure buru galduan\"}]},{\"@type\":\"WebSite\",\"@id\":\"https:\\\/\\\/dispear-records.com\\\/#website\",\"url\":\"https:\\\/\\\/dispear-records.com\\\/\",\"name\":\"Dispear Records\",\"description\":\"DIY punk &amp; hardcore label\",\"publisher\":{\"@id\":\"https:\\\/\\\/dispear-records.com\\\/#organization\"},\"potentialAction\":[{\"@type\":\"SearchAction\",\"target\":{\"@type\":\"EntryPoint\",\"urlTemplate\":\"https:\\\/\\\/dispear-records.com\\\/?s={search_term_string}\"},\"query-input\":{\"@type\":\"PropertyValueSpecification\",\"valueRequired\":true,\"valueName\":\"search_term_string\"}}],\"inLanguage\":\"fr-FR\"},{\"@type\":\"Organization\",\"@id\":\"https:\\\/\\\/dispear-records.com\\\/#organization\",\"name\":\"Dispear Records\",\"url\":\"https:\\\/\\\/dispear-records.com\\\/\",\"logo\":{\"@type\":\"ImageObject\",\"inLanguage\":\"fr-FR\",\"@id\":\"https:\\\/\\\/dispear-records.com\\\/#\\\/schema\\\/logo\\\/image\\\/\",\"url\":\"https:\\\/\\\/dispear-records.com\\\/wp-content\\\/uploads\\\/2021\\\/06\\\/cropped-cropped-dispear.png\",\"contentUrl\":\"https:\\\/\\\/dispear-records.com\\\/wp-content\\\/uploads\\\/2021\\\/06\\\/cropped-cropped-dispear.png\",\"width\":2592,\"height\":709,\"caption\":\"Dispear Records\"},\"image\":{\"@id\":\"https:\\\/\\\/dispear-records.com\\\/#\\\/schema\\\/logo\\\/image\\\/\"}}]}<\/script>\n<!-- \/ Yoast SEO plugin. -->","yoast_head_json":{"title":"SOLD OUT - [Cassette] Zikin - Bala galdua zure buru galduan","description":"Deuxi\u00e8me album des basques de Lekeitio : Zikin. Du punk qui tend vers le post punk voire le rock, pour un ensemble frais et vibrant !","robots":{"index":"index","follow":"follow","max-snippet":"max-snippet:-1","max-image-preview":"max-image-preview:large","max-video-preview":"max-video-preview:-1"},"canonical":"https:\/\/dispear-records.com\/index.php\/produit\/cassette-zikin-bala-galdua-zure-buru-galduan\/","og_locale":"fr_FR","og_type":"article","og_title":"SOLD OUT - [Cassette] Zikin - Bala galdua zure buru galduan","og_description":"Deuxi\u00e8me album des basques de Lekeitio : Zikin. Du punk qui tend vers le post punk voire le rock, pour un ensemble frais et vibrant !","og_url":"https:\/\/dispear-records.com\/index.php\/produit\/cassette-zikin-bala-galdua-zure-buru-galduan\/","og_site_name":"Dispear Records","article_modified_time":"2025-09-23T20:45:55+00:00","og_image":[{"width":800,"height":800,"url":"https:\/\/dispear-records.com\/wp-content\/uploads\/2024\/07\/IMG_1731-800.jpg","type":"image\/jpeg"}],"twitter_card":"summary_large_image","twitter_misc":{"Dur\u00e9e de lecture estim\u00e9e":"1 minute"},"schema":{"@context":"https:\/\/schema.org","@graph":[{"@type":"WebPage","@id":"https:\/\/dispear-records.com\/index.php\/produit\/cassette-zikin-bala-galdua-zure-buru-galduan\/","url":"https:\/\/dispear-records.com\/index.php\/produit\/cassette-zikin-bala-galdua-zure-buru-galduan\/","name":"SOLD OUT - [Cassette] Zikin - Bala galdua zure buru galduan","isPartOf":{"@id":"https:\/\/dispear-records.com\/#website"},"primaryImageOfPage":{"@id":"https:\/\/dispear-records.com\/index.php\/produit\/cassette-zikin-bala-galdua-zure-buru-galduan\/#primaryimage"},"image":{"@id":"https:\/\/dispear-records.com\/index.php\/produit\/cassette-zikin-bala-galdua-zure-buru-galduan\/#primaryimage"},"thumbnailUrl":"https:\/\/dispear-records.com\/wp-content\/uploads\/2024\/07\/IMG_1731-800.jpg","datePublished":"2024-07-24T09:02:04+00:00","dateModified":"2025-09-23T20:45:55+00:00","description":"Deuxi\u00e8me album des basques de Lekeitio : Zikin. Du punk qui tend vers le post punk voire le rock, pour un ensemble frais et vibrant !","breadcrumb":{"@id":"https:\/\/dispear-records.com\/index.php\/produit\/cassette-zikin-bala-galdua-zure-buru-galduan\/#breadcrumb"},"inLanguage":"fr-FR","potentialAction":[{"@type":"ReadAction","target":["https:\/\/dispear-records.com\/index.php\/produit\/cassette-zikin-bala-galdua-zure-buru-galduan\/"]}]},{"@type":"ImageObject","inLanguage":"fr-FR","@id":"https:\/\/dispear-records.com\/index.php\/produit\/cassette-zikin-bala-galdua-zure-buru-galduan\/#primaryimage","url":"https:\/\/dispear-records.com\/wp-content\/uploads\/2024\/07\/IMG_1731-800.jpg","contentUrl":"https:\/\/dispear-records.com\/wp-content\/uploads\/2024\/07\/IMG_1731-800.jpg","width":800,"height":800},{"@type":"BreadcrumbList","@id":"https:\/\/dispear-records.com\/index.php\/produit\/cassette-zikin-bala-galdua-zure-buru-galduan\/#breadcrumb","itemListElement":[{"@type":"ListItem","position":1,"name":"Accueil","item":"https:\/\/dispear-records.com\/"},{"@type":"ListItem","position":2,"name":"Boutique","item":"https:\/\/dispear-records.com\/"},{"@type":"ListItem","position":3,"name":"SOLD OUT &#8211; [Cassette] Zikin &#8211; Bala galdua zure buru galduan"}]},{"@type":"WebSite","@id":"https:\/\/dispear-records.com\/#website","url":"https:\/\/dispear-records.com\/","name":"Dispear Records","description":"DIY punk &amp; hardcore label","publisher":{"@id":"https:\/\/dispear-records.com\/#organization"},"potentialAction":[{"@type":"SearchAction","target":{"@type":"EntryPoint","urlTemplate":"https:\/\/dispear-records.com\/?s={search_term_string}"},"query-input":{"@type":"PropertyValueSpecification","valueRequired":true,"valueName":"search_term_string"}}],"inLanguage":"fr-FR"},{"@type":"Organization","@id":"https:\/\/dispear-records.com\/#organization","name":"Dispear Records","url":"https:\/\/dispear-records.com\/","logo":{"@type":"ImageObject","inLanguage":"fr-FR","@id":"https:\/\/dispear-records.com\/#\/schema\/logo\/image\/","url":"https:\/\/dispear-records.com\/wp-content\/uploads\/2021\/06\/cropped-cropped-dispear.png","contentUrl":"https:\/\/dispear-records.com\/wp-content\/uploads\/2021\/06\/cropped-cropped-dispear.png","width":2592,"height":709,"caption":"Dispear Records"},"image":{"@id":"https:\/\/dispear-records.com\/#\/schema\/logo\/image\/"}}]}},"_links":{"self":[{"href":"https:\/\/dispear-records.com\/index.php\/wp-json\/wp\/v2\/product\/764","targetHints":{"allow":["GET"]}}],"collection":[{"href":"https:\/\/dispear-records.com\/index.php\/wp-json\/wp\/v2\/product"}],"about":[{"href":"https:\/\/dispear-records.com\/index.php\/wp-json\/wp\/v2\/types\/product"}],"wp:featuredmedia":[{"embeddable":true,"href":"https:\/\/dispear-records.com\/index.php\/wp-json\/wp\/v2\/media\/767"}],"wp:attachment":[{"href":"https:\/\/dispear-records.com\/index.php\/wp-json\/wp\/v2\/media?parent=764"}],"wp:term":[{"taxonomy":"product_brand","embeddable":true,"href":"https:\/\/dispear-records.com\/index.php\/wp-json\/wp\/v2\/product_brand?post=764"},{"taxonomy":"product_cat","embeddable":true,"href":"https:\/\/dispear-records.com\/index.php\/wp-json\/wp\/v2\/product_cat?post=764"},{"taxonomy":"product_tag","embeddable":true,"href":"https:\/\/dispear-records.com\/index.php\/wp-json\/wp\/v2\/product_tag?post=764"}],"curies":[{"name":"wp","href":"https:\/\/api.w.org\/{rel}","templated":true}]}}