{"id":769,"date":"2024-07-25T11:33:57","date_gmt":"2024-07-25T09:33:57","guid":{"rendered":"https:\/\/dispear-records.com\/?post_type=product&#038;p=769"},"modified":"2024-09-19T20:23:22","modified_gmt":"2024-09-19T18:23:22","slug":"vinyle-sproloquio-canzoni-oneste-quasi-fossero-unammissione-di-colpa","status":"publish","type":"product","link":"https:\/\/dispear-records.com\/index.php\/produit\/vinyle-sproloquio-canzoni-oneste-quasi-fossero-unammissione-di-colpa\/","title":{"rendered":"[Vinyle] Sproloquio &#8211; Canzoni oneste, quasi fossero un&rsquo;ammissione di colpa"},"content":{"rendered":"<p><span style=\"font-weight: 400;\">Les italiens de Sproloquio sortent ce deuxi\u00e8me album sobrement intitul\u00e9 \u00ab\u00a0Canzoni oneste, quasi fossero un\u2019ammissione di colpa\u00a0\u00bb, qu&rsquo;on pourrait traduire par \u00ab\u00a0Des chansons honn\u00eates, presque comme un aveu de culpabilit\u00e9\u00a0\u00bb. De leurs propres mots, cet album est comme une vieille malle contenant des souvenirs arriv\u00e9s l\u00e0 par hasard. 10 chansons qui tentent d&rsquo;exprimer un autre point de vue, loin des lieux communs et du brouhaha qui inonde notre quotidien. <\/span><\/p>\n<p><span style=\"font-weight: 400;\">Leur punk rock est largement ancr\u00e9 dans les ann\u00e9es 80, mais exit les paroles de teenagers, les riffs pop punk et les \u201cwoho\u201d f\u00e9d\u00e9rateurs. Sproloquio est plut\u00f4t sur une ambiance puissante \u00e0 la fois d\u00e9routante et r\u00e9confortante. Un punk rock \u00e0 tendance progressif et noise, qui se rapproche de groupes comme Leatherface, Husker Du, Naked Raygun ou encore Hot Snakes. L<\/span><span style=\"font-weight: 400;\">e tout dans un album \u00e0 la limite de l\u2019introspection, fait de m\u00e9lodies humbles, et chant\u00e9 dans la langue de Pavarotti.<\/span><\/p>\n<p><iframe style=\"border: 0; width: 100%; height: 120px;\" src=\"https:\/\/bandcamp.com\/EmbeddedPlayer\/album=2666849851\/size=large\/bgcol=ffffff\/linkcol=de270f\/tracklist=false\/artwork=small\/transparent=true\/\" seamless=\"\"><a href=\"https:\/\/annoyingrecords.bandcamp.com\/album\/canzoni-oneste-quasi-fossero-unammissione-di-colpa\">Canzoni oneste, quasi fossero un&rsquo;ammissione di colpa de Sproloquio<\/a><\/iframe><\/p>\n","protected":false},"excerpt":{"rendered":"<p><strong>Sproloquio &#8211; Canzoni oneste, quasi fossero un&rsquo;ammissione di colpa<\/strong><br \/>\n2024 \/\/ 10 tracks<br \/>\nPunk Rock<br \/>\nTrento \/\/ Italie<\/p>\n","protected":false},"featured_media":771,"template":"","meta":[],"product_brand":[],"product_cat":[62,41],"product_tag":[28],"class_list":{"0":"post-769","1":"product","2":"type-product","3":"status-publish","4":"has-post-thumbnail","6":"product_cat-sproloquio","7":"product_cat-vinyles","8":"product_tag-punk-rock","10":"first","11":"instock","12":"shipping-taxable","13":"purchasable","14":"product-type-simple"},"yoast_head":"<!-- This site is optimized with the Yoast SEO plugin v27.3 - https:\/\/yoast.com\/product\/yoast-seo-wordpress\/ -->\n<title>[Vinyle] Sproloquio - Canzoni oneste, quasi fossero un&#039;ammissione di colpa - Dispear Records<\/title>\n<meta name=\"description\" content=\"2e album des italiens de Sproloquio : du punk rock puissant \u00e0 la fois d\u00e9routant et r\u00e9confortant. FFO Leatherface, Husker Du, Hot Snakes\" \/>\n<meta name=\"robots\" content=\"index, follow, max-snippet:-1, max-image-preview:large, max-video-preview:-1\" \/>\n<link rel=\"canonical\" href=\"https:\/\/dispear-records.com\/index.php\/produit\/vinyle-sproloquio-canzoni-oneste-quasi-fossero-unammissione-di-colpa\/\" \/>\n<meta property=\"og:locale\" content=\"fr_FR\" \/>\n<meta property=\"og:type\" content=\"article\" \/>\n<meta property=\"og:title\" content=\"[Vinyle] Sproloquio - Canzoni oneste, quasi fossero un&#039;ammissione di colpa - Dispear Records\" \/>\n<meta property=\"og:description\" content=\"2e album des italiens de Sproloquio : du punk rock puissant \u00e0 la fois d\u00e9routant et r\u00e9confortant. FFO Leatherface, Husker Du, Hot Snakes\" \/>\n<meta property=\"og:url\" content=\"https:\/\/dispear-records.com\/index.php\/produit\/vinyle-sproloquio-canzoni-oneste-quasi-fossero-unammissione-di-colpa\/\" \/>\n<meta property=\"og:site_name\" content=\"Dispear Records\" \/>\n<meta property=\"article:modified_time\" content=\"2024-09-19T18:23:22+00:00\" \/>\n<meta property=\"og:image\" content=\"https:\/\/dispear-records.com\/wp-content\/uploads\/2024\/07\/IMG_1741-800.jpg\" \/>\n\t<meta property=\"og:image:width\" content=\"800\" \/>\n\t<meta property=\"og:image:height\" content=\"800\" \/>\n\t<meta property=\"og:image:type\" content=\"image\/jpeg\" \/>\n<meta name=\"twitter:card\" content=\"summary_large_image\" \/>\n<meta name=\"twitter:label1\" content=\"Dur\u00e9e de lecture estim\u00e9e\" \/>\n\t<meta name=\"twitter:data1\" content=\"2 minutes\" \/>\n<script type=\"application\/ld+json\" class=\"yoast-schema-graph\">{\"@context\":\"https:\\\/\\\/schema.org\",\"@graph\":[{\"@type\":\"WebPage\",\"@id\":\"https:\\\/\\\/dispear-records.com\\\/index.php\\\/produit\\\/vinyle-sproloquio-canzoni-oneste-quasi-fossero-unammissione-di-colpa\\\/\",\"url\":\"https:\\\/\\\/dispear-records.com\\\/index.php\\\/produit\\\/vinyle-sproloquio-canzoni-oneste-quasi-fossero-unammissione-di-colpa\\\/\",\"name\":\"[Vinyle] Sproloquio - Canzoni oneste, quasi fossero un'ammissione di colpa - Dispear Records\",\"isPartOf\":{\"@id\":\"https:\\\/\\\/dispear-records.com\\\/#website\"},\"primaryImageOfPage\":{\"@id\":\"https:\\\/\\\/dispear-records.com\\\/index.php\\\/produit\\\/vinyle-sproloquio-canzoni-oneste-quasi-fossero-unammissione-di-colpa\\\/#primaryimage\"},\"image\":{\"@id\":\"https:\\\/\\\/dispear-records.com\\\/index.php\\\/produit\\\/vinyle-sproloquio-canzoni-oneste-quasi-fossero-unammissione-di-colpa\\\/#primaryimage\"},\"thumbnailUrl\":\"https:\\\/\\\/dispear-records.com\\\/wp-content\\\/uploads\\\/2024\\\/07\\\/IMG_1741-800.jpg\",\"datePublished\":\"2024-07-25T09:33:57+00:00\",\"dateModified\":\"2024-09-19T18:23:22+00:00\",\"description\":\"2e album des italiens de Sproloquio : du punk rock puissant \u00e0 la fois d\u00e9routant et r\u00e9confortant. FFO Leatherface, Husker Du, Hot Snakes\",\"breadcrumb\":{\"@id\":\"https:\\\/\\\/dispear-records.com\\\/index.php\\\/produit\\\/vinyle-sproloquio-canzoni-oneste-quasi-fossero-unammissione-di-colpa\\\/#breadcrumb\"},\"inLanguage\":\"fr-FR\",\"potentialAction\":[{\"@type\":\"ReadAction\",\"target\":[\"https:\\\/\\\/dispear-records.com\\\/index.php\\\/produit\\\/vinyle-sproloquio-canzoni-oneste-quasi-fossero-unammissione-di-colpa\\\/\"]}]},{\"@type\":\"ImageObject\",\"inLanguage\":\"fr-FR\",\"@id\":\"https:\\\/\\\/dispear-records.com\\\/index.php\\\/produit\\\/vinyle-sproloquio-canzoni-oneste-quasi-fossero-unammissione-di-colpa\\\/#primaryimage\",\"url\":\"https:\\\/\\\/dispear-records.com\\\/wp-content\\\/uploads\\\/2024\\\/07\\\/IMG_1741-800.jpg\",\"contentUrl\":\"https:\\\/\\\/dispear-records.com\\\/wp-content\\\/uploads\\\/2024\\\/07\\\/IMG_1741-800.jpg\",\"width\":800,\"height\":800},{\"@type\":\"BreadcrumbList\",\"@id\":\"https:\\\/\\\/dispear-records.com\\\/index.php\\\/produit\\\/vinyle-sproloquio-canzoni-oneste-quasi-fossero-unammissione-di-colpa\\\/#breadcrumb\",\"itemListElement\":[{\"@type\":\"ListItem\",\"position\":1,\"name\":\"Accueil\",\"item\":\"https:\\\/\\\/dispear-records.com\\\/\"},{\"@type\":\"ListItem\",\"position\":2,\"name\":\"Boutique\",\"item\":\"https:\\\/\\\/dispear-records.com\\\/\"},{\"@type\":\"ListItem\",\"position\":3,\"name\":\"[Vinyle] Sproloquio &#8211; Canzoni oneste, quasi fossero un&#8217;ammissione di colpa\"}]},{\"@type\":\"WebSite\",\"@id\":\"https:\\\/\\\/dispear-records.com\\\/#website\",\"url\":\"https:\\\/\\\/dispear-records.com\\\/\",\"name\":\"Dispear Records\",\"description\":\"DIY punk &amp; hardcore label\",\"publisher\":{\"@id\":\"https:\\\/\\\/dispear-records.com\\\/#organization\"},\"potentialAction\":[{\"@type\":\"SearchAction\",\"target\":{\"@type\":\"EntryPoint\",\"urlTemplate\":\"https:\\\/\\\/dispear-records.com\\\/?s={search_term_string}\"},\"query-input\":{\"@type\":\"PropertyValueSpecification\",\"valueRequired\":true,\"valueName\":\"search_term_string\"}}],\"inLanguage\":\"fr-FR\"},{\"@type\":\"Organization\",\"@id\":\"https:\\\/\\\/dispear-records.com\\\/#organization\",\"name\":\"Dispear Records\",\"url\":\"https:\\\/\\\/dispear-records.com\\\/\",\"logo\":{\"@type\":\"ImageObject\",\"inLanguage\":\"fr-FR\",\"@id\":\"https:\\\/\\\/dispear-records.com\\\/#\\\/schema\\\/logo\\\/image\\\/\",\"url\":\"https:\\\/\\\/dispear-records.com\\\/wp-content\\\/uploads\\\/2021\\\/06\\\/cropped-cropped-dispear.png\",\"contentUrl\":\"https:\\\/\\\/dispear-records.com\\\/wp-content\\\/uploads\\\/2021\\\/06\\\/cropped-cropped-dispear.png\",\"width\":2592,\"height\":709,\"caption\":\"Dispear Records\"},\"image\":{\"@id\":\"https:\\\/\\\/dispear-records.com\\\/#\\\/schema\\\/logo\\\/image\\\/\"}}]}<\/script>\n<!-- \/ Yoast SEO plugin. -->","yoast_head_json":{"title":"[Vinyle] Sproloquio - Canzoni oneste, quasi fossero un'ammissione di colpa - Dispear Records","description":"2e album des italiens de Sproloquio : du punk rock puissant \u00e0 la fois d\u00e9routant et r\u00e9confortant. FFO Leatherface, Husker Du, Hot Snakes","robots":{"index":"index","follow":"follow","max-snippet":"max-snippet:-1","max-image-preview":"max-image-preview:large","max-video-preview":"max-video-preview:-1"},"canonical":"https:\/\/dispear-records.com\/index.php\/produit\/vinyle-sproloquio-canzoni-oneste-quasi-fossero-unammissione-di-colpa\/","og_locale":"fr_FR","og_type":"article","og_title":"[Vinyle] Sproloquio - Canzoni oneste, quasi fossero un'ammissione di colpa - Dispear Records","og_description":"2e album des italiens de Sproloquio : du punk rock puissant \u00e0 la fois d\u00e9routant et r\u00e9confortant. FFO Leatherface, Husker Du, Hot Snakes","og_url":"https:\/\/dispear-records.com\/index.php\/produit\/vinyle-sproloquio-canzoni-oneste-quasi-fossero-unammissione-di-colpa\/","og_site_name":"Dispear Records","article_modified_time":"2024-09-19T18:23:22+00:00","og_image":[{"width":800,"height":800,"url":"https:\/\/dispear-records.com\/wp-content\/uploads\/2024\/07\/IMG_1741-800.jpg","type":"image\/jpeg"}],"twitter_card":"summary_large_image","twitter_misc":{"Dur\u00e9e de lecture estim\u00e9e":"2 minutes"},"schema":{"@context":"https:\/\/schema.org","@graph":[{"@type":"WebPage","@id":"https:\/\/dispear-records.com\/index.php\/produit\/vinyle-sproloquio-canzoni-oneste-quasi-fossero-unammissione-di-colpa\/","url":"https:\/\/dispear-records.com\/index.php\/produit\/vinyle-sproloquio-canzoni-oneste-quasi-fossero-unammissione-di-colpa\/","name":"[Vinyle] Sproloquio - Canzoni oneste, quasi fossero un'ammissione di colpa - Dispear Records","isPartOf":{"@id":"https:\/\/dispear-records.com\/#website"},"primaryImageOfPage":{"@id":"https:\/\/dispear-records.com\/index.php\/produit\/vinyle-sproloquio-canzoni-oneste-quasi-fossero-unammissione-di-colpa\/#primaryimage"},"image":{"@id":"https:\/\/dispear-records.com\/index.php\/produit\/vinyle-sproloquio-canzoni-oneste-quasi-fossero-unammissione-di-colpa\/#primaryimage"},"thumbnailUrl":"https:\/\/dispear-records.com\/wp-content\/uploads\/2024\/07\/IMG_1741-800.jpg","datePublished":"2024-07-25T09:33:57+00:00","dateModified":"2024-09-19T18:23:22+00:00","description":"2e album des italiens de Sproloquio : du punk rock puissant \u00e0 la fois d\u00e9routant et r\u00e9confortant. FFO Leatherface, Husker Du, Hot Snakes","breadcrumb":{"@id":"https:\/\/dispear-records.com\/index.php\/produit\/vinyle-sproloquio-canzoni-oneste-quasi-fossero-unammissione-di-colpa\/#breadcrumb"},"inLanguage":"fr-FR","potentialAction":[{"@type":"ReadAction","target":["https:\/\/dispear-records.com\/index.php\/produit\/vinyle-sproloquio-canzoni-oneste-quasi-fossero-unammissione-di-colpa\/"]}]},{"@type":"ImageObject","inLanguage":"fr-FR","@id":"https:\/\/dispear-records.com\/index.php\/produit\/vinyle-sproloquio-canzoni-oneste-quasi-fossero-unammissione-di-colpa\/#primaryimage","url":"https:\/\/dispear-records.com\/wp-content\/uploads\/2024\/07\/IMG_1741-800.jpg","contentUrl":"https:\/\/dispear-records.com\/wp-content\/uploads\/2024\/07\/IMG_1741-800.jpg","width":800,"height":800},{"@type":"BreadcrumbList","@id":"https:\/\/dispear-records.com\/index.php\/produit\/vinyle-sproloquio-canzoni-oneste-quasi-fossero-unammissione-di-colpa\/#breadcrumb","itemListElement":[{"@type":"ListItem","position":1,"name":"Accueil","item":"https:\/\/dispear-records.com\/"},{"@type":"ListItem","position":2,"name":"Boutique","item":"https:\/\/dispear-records.com\/"},{"@type":"ListItem","position":3,"name":"[Vinyle] Sproloquio &#8211; Canzoni oneste, quasi fossero un&#8217;ammissione di colpa"}]},{"@type":"WebSite","@id":"https:\/\/dispear-records.com\/#website","url":"https:\/\/dispear-records.com\/","name":"Dispear Records","description":"DIY punk &amp; hardcore label","publisher":{"@id":"https:\/\/dispear-records.com\/#organization"},"potentialAction":[{"@type":"SearchAction","target":{"@type":"EntryPoint","urlTemplate":"https:\/\/dispear-records.com\/?s={search_term_string}"},"query-input":{"@type":"PropertyValueSpecification","valueRequired":true,"valueName":"search_term_string"}}],"inLanguage":"fr-FR"},{"@type":"Organization","@id":"https:\/\/dispear-records.com\/#organization","name":"Dispear Records","url":"https:\/\/dispear-records.com\/","logo":{"@type":"ImageObject","inLanguage":"fr-FR","@id":"https:\/\/dispear-records.com\/#\/schema\/logo\/image\/","url":"https:\/\/dispear-records.com\/wp-content\/uploads\/2021\/06\/cropped-cropped-dispear.png","contentUrl":"https:\/\/dispear-records.com\/wp-content\/uploads\/2021\/06\/cropped-cropped-dispear.png","width":2592,"height":709,"caption":"Dispear Records"},"image":{"@id":"https:\/\/dispear-records.com\/#\/schema\/logo\/image\/"}}]}},"_links":{"self":[{"href":"https:\/\/dispear-records.com\/index.php\/wp-json\/wp\/v2\/product\/769","targetHints":{"allow":["GET"]}}],"collection":[{"href":"https:\/\/dispear-records.com\/index.php\/wp-json\/wp\/v2\/product"}],"about":[{"href":"https:\/\/dispear-records.com\/index.php\/wp-json\/wp\/v2\/types\/product"}],"wp:featuredmedia":[{"embeddable":true,"href":"https:\/\/dispear-records.com\/index.php\/wp-json\/wp\/v2\/media\/771"}],"wp:attachment":[{"href":"https:\/\/dispear-records.com\/index.php\/wp-json\/wp\/v2\/media?parent=769"}],"wp:term":[{"taxonomy":"product_brand","embeddable":true,"href":"https:\/\/dispear-records.com\/index.php\/wp-json\/wp\/v2\/product_brand?post=769"},{"taxonomy":"product_cat","embeddable":true,"href":"https:\/\/dispear-records.com\/index.php\/wp-json\/wp\/v2\/product_cat?post=769"},{"taxonomy":"product_tag","embeddable":true,"href":"https:\/\/dispear-records.com\/index.php\/wp-json\/wp\/v2\/product_tag?post=769"}],"curies":[{"name":"wp","href":"https:\/\/api.w.org\/{rel}","templated":true}]}}