{"id":796,"date":"2024-09-04T16:55:18","date_gmt":"2024-09-04T14:55:18","guid":{"rendered":"https:\/\/dispear-records.com\/?post_type=product&#038;p=796"},"modified":"2025-12-15T20:36:50","modified_gmt":"2025-12-15T19:36:50","slug":"cassette-left-bank-message-in-the-bottle","status":"publish","type":"product","link":"https:\/\/dispear-records.com\/index.php\/produit\/cassette-left-bank-message-in-the-bottle\/","title":{"rendered":"[Cassette] Left Bank &#8211; Message in the bottle"},"content":{"rendered":"<p><span style=\"font-weight: 400;\">Left Bank nous sort un premier EP de bon fast punk rock m\u00e9lodique comme dans les ann\u00e9es 80\/90, disponible en vinyle et en cassette. Apr\u00e8s une premi\u00e8re d\u00e9mo \u00e9ponyme en octobre 2021, 100% DIY, le groupe est entr\u00e9 \u00e0 l&rsquo;automne 2023 au Rimshot Studio de Nantes pour y enregistrer ce 1er EP : \u00ab Message In A Bottle \u00bb. Il comprend 8 titres, 4 in\u00e9dits et 4 titres de la premi\u00e8re d\u00e9mo r\u00e9-enregistr\u00e9s. <\/span><span style=\"font-weight: 400;\">Taill\u00e9s pour la sc\u00e8ne, les titres du groupe prennent tout leur sens en live !<\/span><\/p>\n<p><iframe style=\"border: 0; width: 400px; height: 406px;\" src=\"https:\/\/bandcamp.com\/EmbeddedPlayer\/album=1869645498\/size=large\/bgcol=ffffff\/linkcol=333333\/artwork=small\/transparent=true\/\" seamless=\"\"><a href=\"https:\/\/leftbankpunkrock.bandcamp.com\/album\/message-in-the-bottle\">Message in the bottle de Left Bank<\/a><\/iframe><\/p>\n","protected":false},"excerpt":{"rendered":"<p><strong>Left Bank &#8211; Message in the bottle<\/strong><br \/>\n2024 \/\/ 8 tracks<br \/>\nPunk Rock<br \/>\nNantes \/\/ France<\/p>\n","protected":false},"featured_media":798,"template":"","meta":[],"product_brand":[],"product_cat":[19,63],"product_tag":[28],"class_list":{"0":"post-796","1":"product","2":"type-product","3":"status-publish","4":"has-post-thumbnail","6":"product_cat-cassettes","7":"product_cat-left-bank","8":"product_tag-punk-rock","10":"first","11":"instock","12":"shipping-taxable","13":"purchasable","14":"product-type-simple"},"yoast_head":"<!-- This site is optimized with the Yoast SEO plugin v27.5 - https:\/\/yoast.com\/product\/yoast-seo-wordpress\/ -->\n<title>[Cassette] Left Bank - Message in the bottle<\/title>\n<meta name=\"description\" content=\"Premier EP des nantais de Left Bank. 8 titres punk rock bien orient\u00e9s skate punk, \u00e0 la limite du punk hxc, mis en cassette par Dispear !\" \/>\n<meta name=\"robots\" content=\"index, follow, max-snippet:-1, max-image-preview:large, max-video-preview:-1\" \/>\n<link rel=\"canonical\" href=\"https:\/\/dispear-records.com\/index.php\/produit\/cassette-left-bank-message-in-the-bottle\/\" \/>\n<meta property=\"og:locale\" content=\"fr_FR\" \/>\n<meta property=\"og:type\" content=\"article\" \/>\n<meta property=\"og:title\" content=\"[Cassette] Left Bank - Message in the bottle\" \/>\n<meta property=\"og:description\" content=\"Premier EP des nantais de Left Bank. 8 titres punk rock bien orient\u00e9s skate punk, \u00e0 la limite du punk hxc, mis en cassette par Dispear !\" \/>\n<meta property=\"og:url\" content=\"https:\/\/dispear-records.com\/index.php\/produit\/cassette-left-bank-message-in-the-bottle\/\" \/>\n<meta property=\"og:site_name\" content=\"Dispear Records\" \/>\n<meta property=\"article:modified_time\" content=\"2025-12-15T19:36:50+00:00\" \/>\n<meta property=\"og:image\" content=\"https:\/\/dispear-records.com\/wp-content\/uploads\/2024\/09\/IMG_2050-copie-800.jpg\" \/>\n\t<meta property=\"og:image:width\" content=\"800\" \/>\n\t<meta property=\"og:image:height\" content=\"800\" \/>\n\t<meta property=\"og:image:type\" content=\"image\/jpeg\" \/>\n<meta name=\"twitter:card\" content=\"summary_large_image\" \/>\n<meta name=\"twitter:label1\" content=\"Dur\u00e9e de lecture estim\u00e9e\" \/>\n\t<meta name=\"twitter:data1\" content=\"1 minute\" \/>\n<script type=\"application\/ld+json\" class=\"yoast-schema-graph\">{\"@context\":\"https:\\\/\\\/schema.org\",\"@graph\":[{\"@type\":\"WebPage\",\"@id\":\"https:\\\/\\\/dispear-records.com\\\/index.php\\\/produit\\\/cassette-left-bank-message-in-the-bottle\\\/\",\"url\":\"https:\\\/\\\/dispear-records.com\\\/index.php\\\/produit\\\/cassette-left-bank-message-in-the-bottle\\\/\",\"name\":\"[Cassette] Left Bank - Message in the bottle\",\"isPartOf\":{\"@id\":\"https:\\\/\\\/dispear-records.com\\\/#website\"},\"primaryImageOfPage\":{\"@id\":\"https:\\\/\\\/dispear-records.com\\\/index.php\\\/produit\\\/cassette-left-bank-message-in-the-bottle\\\/#primaryimage\"},\"image\":{\"@id\":\"https:\\\/\\\/dispear-records.com\\\/index.php\\\/produit\\\/cassette-left-bank-message-in-the-bottle\\\/#primaryimage\"},\"thumbnailUrl\":\"https:\\\/\\\/dispear-records.com\\\/wp-content\\\/uploads\\\/2024\\\/09\\\/IMG_2050-copie-800.jpg\",\"datePublished\":\"2024-09-04T14:55:18+00:00\",\"dateModified\":\"2025-12-15T19:36:50+00:00\",\"description\":\"Premier EP des nantais de Left Bank. 8 titres punk rock bien orient\u00e9s skate punk, \u00e0 la limite du punk hxc, mis en cassette par Dispear !\",\"breadcrumb\":{\"@id\":\"https:\\\/\\\/dispear-records.com\\\/index.php\\\/produit\\\/cassette-left-bank-message-in-the-bottle\\\/#breadcrumb\"},\"inLanguage\":\"fr-FR\",\"potentialAction\":[{\"@type\":\"ReadAction\",\"target\":[\"https:\\\/\\\/dispear-records.com\\\/index.php\\\/produit\\\/cassette-left-bank-message-in-the-bottle\\\/\"]}]},{\"@type\":\"ImageObject\",\"inLanguage\":\"fr-FR\",\"@id\":\"https:\\\/\\\/dispear-records.com\\\/index.php\\\/produit\\\/cassette-left-bank-message-in-the-bottle\\\/#primaryimage\",\"url\":\"https:\\\/\\\/dispear-records.com\\\/wp-content\\\/uploads\\\/2024\\\/09\\\/IMG_2050-copie-800.jpg\",\"contentUrl\":\"https:\\\/\\\/dispear-records.com\\\/wp-content\\\/uploads\\\/2024\\\/09\\\/IMG_2050-copie-800.jpg\",\"width\":800,\"height\":800},{\"@type\":\"BreadcrumbList\",\"@id\":\"https:\\\/\\\/dispear-records.com\\\/index.php\\\/produit\\\/cassette-left-bank-message-in-the-bottle\\\/#breadcrumb\",\"itemListElement\":[{\"@type\":\"ListItem\",\"position\":1,\"name\":\"Accueil\",\"item\":\"https:\\\/\\\/dispear-records.com\\\/\"},{\"@type\":\"ListItem\",\"position\":2,\"name\":\"Boutique\",\"item\":\"https:\\\/\\\/dispear-records.com\\\/\"},{\"@type\":\"ListItem\",\"position\":3,\"name\":\"[Cassette] Left Bank &#8211; Message in the bottle\"}]},{\"@type\":\"WebSite\",\"@id\":\"https:\\\/\\\/dispear-records.com\\\/#website\",\"url\":\"https:\\\/\\\/dispear-records.com\\\/\",\"name\":\"Dispear Records\",\"description\":\"DIY punk &amp; hardcore label\",\"publisher\":{\"@id\":\"https:\\\/\\\/dispear-records.com\\\/#organization\"},\"potentialAction\":[{\"@type\":\"SearchAction\",\"target\":{\"@type\":\"EntryPoint\",\"urlTemplate\":\"https:\\\/\\\/dispear-records.com\\\/?s={search_term_string}\"},\"query-input\":{\"@type\":\"PropertyValueSpecification\",\"valueRequired\":true,\"valueName\":\"search_term_string\"}}],\"inLanguage\":\"fr-FR\"},{\"@type\":\"Organization\",\"@id\":\"https:\\\/\\\/dispear-records.com\\\/#organization\",\"name\":\"Dispear Records\",\"url\":\"https:\\\/\\\/dispear-records.com\\\/\",\"logo\":{\"@type\":\"ImageObject\",\"inLanguage\":\"fr-FR\",\"@id\":\"https:\\\/\\\/dispear-records.com\\\/#\\\/schema\\\/logo\\\/image\\\/\",\"url\":\"https:\\\/\\\/dispear-records.com\\\/wp-content\\\/uploads\\\/2021\\\/06\\\/cropped-cropped-dispear.png\",\"contentUrl\":\"https:\\\/\\\/dispear-records.com\\\/wp-content\\\/uploads\\\/2021\\\/06\\\/cropped-cropped-dispear.png\",\"width\":2592,\"height\":709,\"caption\":\"Dispear Records\"},\"image\":{\"@id\":\"https:\\\/\\\/dispear-records.com\\\/#\\\/schema\\\/logo\\\/image\\\/\"}}]}<\/script>\n<!-- \/ Yoast SEO plugin. -->","yoast_head_json":{"title":"[Cassette] Left Bank - Message in the bottle","description":"Premier EP des nantais de Left Bank. 8 titres punk rock bien orient\u00e9s skate punk, \u00e0 la limite du punk hxc, mis en cassette par Dispear !","robots":{"index":"index","follow":"follow","max-snippet":"max-snippet:-1","max-image-preview":"max-image-preview:large","max-video-preview":"max-video-preview:-1"},"canonical":"https:\/\/dispear-records.com\/index.php\/produit\/cassette-left-bank-message-in-the-bottle\/","og_locale":"fr_FR","og_type":"article","og_title":"[Cassette] Left Bank - Message in the bottle","og_description":"Premier EP des nantais de Left Bank. 8 titres punk rock bien orient\u00e9s skate punk, \u00e0 la limite du punk hxc, mis en cassette par Dispear !","og_url":"https:\/\/dispear-records.com\/index.php\/produit\/cassette-left-bank-message-in-the-bottle\/","og_site_name":"Dispear Records","article_modified_time":"2025-12-15T19:36:50+00:00","og_image":[{"width":800,"height":800,"url":"https:\/\/dispear-records.com\/wp-content\/uploads\/2024\/09\/IMG_2050-copie-800.jpg","type":"image\/jpeg"}],"twitter_card":"summary_large_image","twitter_misc":{"Dur\u00e9e de lecture estim\u00e9e":"1 minute"},"schema":{"@context":"https:\/\/schema.org","@graph":[{"@type":"WebPage","@id":"https:\/\/dispear-records.com\/index.php\/produit\/cassette-left-bank-message-in-the-bottle\/","url":"https:\/\/dispear-records.com\/index.php\/produit\/cassette-left-bank-message-in-the-bottle\/","name":"[Cassette] Left Bank - Message in the bottle","isPartOf":{"@id":"https:\/\/dispear-records.com\/#website"},"primaryImageOfPage":{"@id":"https:\/\/dispear-records.com\/index.php\/produit\/cassette-left-bank-message-in-the-bottle\/#primaryimage"},"image":{"@id":"https:\/\/dispear-records.com\/index.php\/produit\/cassette-left-bank-message-in-the-bottle\/#primaryimage"},"thumbnailUrl":"https:\/\/dispear-records.com\/wp-content\/uploads\/2024\/09\/IMG_2050-copie-800.jpg","datePublished":"2024-09-04T14:55:18+00:00","dateModified":"2025-12-15T19:36:50+00:00","description":"Premier EP des nantais de Left Bank. 8 titres punk rock bien orient\u00e9s skate punk, \u00e0 la limite du punk hxc, mis en cassette par Dispear !","breadcrumb":{"@id":"https:\/\/dispear-records.com\/index.php\/produit\/cassette-left-bank-message-in-the-bottle\/#breadcrumb"},"inLanguage":"fr-FR","potentialAction":[{"@type":"ReadAction","target":["https:\/\/dispear-records.com\/index.php\/produit\/cassette-left-bank-message-in-the-bottle\/"]}]},{"@type":"ImageObject","inLanguage":"fr-FR","@id":"https:\/\/dispear-records.com\/index.php\/produit\/cassette-left-bank-message-in-the-bottle\/#primaryimage","url":"https:\/\/dispear-records.com\/wp-content\/uploads\/2024\/09\/IMG_2050-copie-800.jpg","contentUrl":"https:\/\/dispear-records.com\/wp-content\/uploads\/2024\/09\/IMG_2050-copie-800.jpg","width":800,"height":800},{"@type":"BreadcrumbList","@id":"https:\/\/dispear-records.com\/index.php\/produit\/cassette-left-bank-message-in-the-bottle\/#breadcrumb","itemListElement":[{"@type":"ListItem","position":1,"name":"Accueil","item":"https:\/\/dispear-records.com\/"},{"@type":"ListItem","position":2,"name":"Boutique","item":"https:\/\/dispear-records.com\/"},{"@type":"ListItem","position":3,"name":"[Cassette] Left Bank &#8211; Message in the bottle"}]},{"@type":"WebSite","@id":"https:\/\/dispear-records.com\/#website","url":"https:\/\/dispear-records.com\/","name":"Dispear Records","description":"DIY punk &amp; hardcore label","publisher":{"@id":"https:\/\/dispear-records.com\/#organization"},"potentialAction":[{"@type":"SearchAction","target":{"@type":"EntryPoint","urlTemplate":"https:\/\/dispear-records.com\/?s={search_term_string}"},"query-input":{"@type":"PropertyValueSpecification","valueRequired":true,"valueName":"search_term_string"}}],"inLanguage":"fr-FR"},{"@type":"Organization","@id":"https:\/\/dispear-records.com\/#organization","name":"Dispear Records","url":"https:\/\/dispear-records.com\/","logo":{"@type":"ImageObject","inLanguage":"fr-FR","@id":"https:\/\/dispear-records.com\/#\/schema\/logo\/image\/","url":"https:\/\/dispear-records.com\/wp-content\/uploads\/2021\/06\/cropped-cropped-dispear.png","contentUrl":"https:\/\/dispear-records.com\/wp-content\/uploads\/2021\/06\/cropped-cropped-dispear.png","width":2592,"height":709,"caption":"Dispear Records"},"image":{"@id":"https:\/\/dispear-records.com\/#\/schema\/logo\/image\/"}}]}},"_links":{"self":[{"href":"https:\/\/dispear-records.com\/index.php\/wp-json\/wp\/v2\/product\/796","targetHints":{"allow":["GET"]}}],"collection":[{"href":"https:\/\/dispear-records.com\/index.php\/wp-json\/wp\/v2\/product"}],"about":[{"href":"https:\/\/dispear-records.com\/index.php\/wp-json\/wp\/v2\/types\/product"}],"wp:featuredmedia":[{"embeddable":true,"href":"https:\/\/dispear-records.com\/index.php\/wp-json\/wp\/v2\/media\/798"}],"wp:attachment":[{"href":"https:\/\/dispear-records.com\/index.php\/wp-json\/wp\/v2\/media?parent=796"}],"wp:term":[{"taxonomy":"product_brand","embeddable":true,"href":"https:\/\/dispear-records.com\/index.php\/wp-json\/wp\/v2\/product_brand?post=796"},{"taxonomy":"product_cat","embeddable":true,"href":"https:\/\/dispear-records.com\/index.php\/wp-json\/wp\/v2\/product_cat?post=796"},{"taxonomy":"product_tag","embeddable":true,"href":"https:\/\/dispear-records.com\/index.php\/wp-json\/wp\/v2\/product_tag?post=796"}],"curies":[{"name":"wp","href":"https:\/\/api.w.org\/{rel}","templated":true}]}}