{"id":817,"date":"2024-09-19T13:13:47","date_gmt":"2024-09-19T11:13:47","guid":{"rendered":"https:\/\/dispear-records.com\/?post_type=product&#038;p=817"},"modified":"2025-07-29T11:22:26","modified_gmt":"2025-07-29T09:22:26","slug":"cassette-the-sobers-dispears-prime-cuts","status":"publish","type":"product","link":"https:\/\/dispear-records.com\/index.php\/produit\/cassette-the-sobers-dispears-prime-cuts\/","title":{"rendered":"[Cassette] The Sobers &#8211; Dispears&rsquo; Prime Cuts"},"content":{"rendered":"<p><span style=\"font-weight: 400;\">Cette cassette, au design des plus originaux, est ce qu&rsquo;on appelle dans le game une cassette de beau gosse : 15 morceaux (dont un in\u00e9dit !) soigneusement s\u00e9lectionn\u00e9s dans la discographie des Sobers ! Une sorte de best of exclusif au format K7 ! Du pur skate punk de grande qualit\u00e9 \u00e0 la NOFX, Pennywise, Dag Nasty, mais aussi The Pookies ou Flyng Donuts ! Ya m\u00eame une cover trop cool et un morceau dub, parce que dans le punk m\u00e9lo c&rsquo;est souvent un gage de qualit\u00e9. Et l\u00e0, la qualit\u00e9 est plus qu\u2019au rendez vous !<\/span><\/p>\n<table>\n<tbody>\n<tr>\n<td><iframe style=\"border: 0; width: 400px; height: 274px;\" src=\"https:\/\/bandcamp.com\/EmbeddedPlayer\/album=3722783910\/size=large\/bgcol=ffffff\/linkcol=333333\/artwork=small\/transparent=true\/\" seamless=\"\"><a href=\"https:\/\/thesobers.bandcamp.com\/album\/the-sobers-iii-2\">The Sobers III de The Sobers<\/a><\/iframe><\/td>\n<td><iframe style=\"border: 0; width: 400px; height: 472px;\" src=\"https:\/\/bandcamp.com\/EmbeddedPlayer\/album=1278212498\/size=large\/bgcol=ffffff\/linkcol=de270f\/artwork=small\/transparent=true\/\" seamless=\"\"><a href=\"https:\/\/thesobers.bandcamp.com\/album\/the-sobers-iv\">The Sobers IV de The Sobers<\/a><\/iframe><\/td>\n<\/tr>\n<\/tbody>\n<\/table>\n","protected":false},"excerpt":{"rendered":"<p><b>The Sobers &#8211; Dispear&rsquo; Prime Cuts<br \/>\n<\/b>2024 \/\/ 15 tracks<br \/>\nPunk Rock<br \/>\nMarseille \/\/ France<\/p>\n","protected":false},"featured_media":818,"template":"","meta":[],"product_brand":[],"product_cat":[19,65],"product_tag":[28],"class_list":{"0":"post-817","1":"product","2":"type-product","3":"status-publish","4":"has-post-thumbnail","6":"product_cat-cassettes","7":"product_cat-the-sobers","8":"product_tag-punk-rock","10":"first","11":"instock","12":"shipping-taxable","13":"purchasable","14":"product-type-simple"},"yoast_head":"<!-- This site is optimized with the Yoast SEO plugin v27.5 - https:\/\/yoast.com\/product\/yoast-seo-wordpress\/ -->\n<title>[Cassette] The Sobers - Dispears&#039; Prime Cuts<\/title>\n<meta name=\"description\" content=\"The Sobers, c&#039;est du punk rock californien tout droit venu de Marseille ! Et leurs meilleurs tubes sont en cassette avec les morceaux choisis de la poire !\" \/>\n<meta name=\"robots\" content=\"index, follow, max-snippet:-1, max-image-preview:large, max-video-preview:-1\" \/>\n<link rel=\"canonical\" href=\"https:\/\/dispear-records.com\/index.php\/produit\/cassette-the-sobers-dispears-prime-cuts\/\" \/>\n<meta property=\"og:locale\" content=\"fr_FR\" \/>\n<meta property=\"og:type\" content=\"article\" \/>\n<meta property=\"og:title\" content=\"[Cassette] The Sobers - Dispears&#039; Prime Cuts\" \/>\n<meta property=\"og:description\" content=\"The Sobers, c&#039;est du punk rock californien tout droit venu de Marseille ! Et leurs meilleurs tubes sont en cassette avec les morceaux choisis de la poire !\" \/>\n<meta property=\"og:url\" content=\"https:\/\/dispear-records.com\/index.php\/produit\/cassette-the-sobers-dispears-prime-cuts\/\" \/>\n<meta property=\"og:site_name\" content=\"Dispear Records\" \/>\n<meta property=\"article:modified_time\" content=\"2025-07-29T09:22:26+00:00\" \/>\n<meta property=\"og:image\" content=\"https:\/\/dispear-records.com\/wp-content\/uploads\/2024\/09\/IMG_2117-copie-800.jpg\" \/>\n\t<meta property=\"og:image:width\" content=\"800\" \/>\n\t<meta property=\"og:image:height\" content=\"800\" \/>\n\t<meta property=\"og:image:type\" content=\"image\/jpeg\" \/>\n<meta name=\"twitter:card\" content=\"summary_large_image\" \/>\n<meta name=\"twitter:label1\" content=\"Dur\u00e9e de lecture estim\u00e9e\" \/>\n\t<meta name=\"twitter:data1\" content=\"1 minute\" \/>\n<script type=\"application\/ld+json\" class=\"yoast-schema-graph\">{\"@context\":\"https:\\\/\\\/schema.org\",\"@graph\":[{\"@type\":\"WebPage\",\"@id\":\"https:\\\/\\\/dispear-records.com\\\/index.php\\\/produit\\\/cassette-the-sobers-dispears-prime-cuts\\\/\",\"url\":\"https:\\\/\\\/dispear-records.com\\\/index.php\\\/produit\\\/cassette-the-sobers-dispears-prime-cuts\\\/\",\"name\":\"[Cassette] The Sobers - Dispears' Prime Cuts\",\"isPartOf\":{\"@id\":\"https:\\\/\\\/dispear-records.com\\\/#website\"},\"primaryImageOfPage\":{\"@id\":\"https:\\\/\\\/dispear-records.com\\\/index.php\\\/produit\\\/cassette-the-sobers-dispears-prime-cuts\\\/#primaryimage\"},\"image\":{\"@id\":\"https:\\\/\\\/dispear-records.com\\\/index.php\\\/produit\\\/cassette-the-sobers-dispears-prime-cuts\\\/#primaryimage\"},\"thumbnailUrl\":\"https:\\\/\\\/dispear-records.com\\\/wp-content\\\/uploads\\\/2024\\\/09\\\/IMG_2117-copie-800.jpg\",\"datePublished\":\"2024-09-19T11:13:47+00:00\",\"dateModified\":\"2025-07-29T09:22:26+00:00\",\"description\":\"The Sobers, c'est du punk rock californien tout droit venu de Marseille ! Et leurs meilleurs tubes sont en cassette avec les morceaux choisis de la poire !\",\"breadcrumb\":{\"@id\":\"https:\\\/\\\/dispear-records.com\\\/index.php\\\/produit\\\/cassette-the-sobers-dispears-prime-cuts\\\/#breadcrumb\"},\"inLanguage\":\"fr-FR\",\"potentialAction\":[{\"@type\":\"ReadAction\",\"target\":[\"https:\\\/\\\/dispear-records.com\\\/index.php\\\/produit\\\/cassette-the-sobers-dispears-prime-cuts\\\/\"]}]},{\"@type\":\"ImageObject\",\"inLanguage\":\"fr-FR\",\"@id\":\"https:\\\/\\\/dispear-records.com\\\/index.php\\\/produit\\\/cassette-the-sobers-dispears-prime-cuts\\\/#primaryimage\",\"url\":\"https:\\\/\\\/dispear-records.com\\\/wp-content\\\/uploads\\\/2024\\\/09\\\/IMG_2117-copie-800.jpg\",\"contentUrl\":\"https:\\\/\\\/dispear-records.com\\\/wp-content\\\/uploads\\\/2024\\\/09\\\/IMG_2117-copie-800.jpg\",\"width\":800,\"height\":800},{\"@type\":\"BreadcrumbList\",\"@id\":\"https:\\\/\\\/dispear-records.com\\\/index.php\\\/produit\\\/cassette-the-sobers-dispears-prime-cuts\\\/#breadcrumb\",\"itemListElement\":[{\"@type\":\"ListItem\",\"position\":1,\"name\":\"Accueil\",\"item\":\"https:\\\/\\\/dispear-records.com\\\/\"},{\"@type\":\"ListItem\",\"position\":2,\"name\":\"Boutique\",\"item\":\"https:\\\/\\\/dispear-records.com\\\/\"},{\"@type\":\"ListItem\",\"position\":3,\"name\":\"[Cassette] The Sobers &#8211; Dispears&rsquo; Prime Cuts\"}]},{\"@type\":\"WebSite\",\"@id\":\"https:\\\/\\\/dispear-records.com\\\/#website\",\"url\":\"https:\\\/\\\/dispear-records.com\\\/\",\"name\":\"Dispear Records\",\"description\":\"DIY punk &amp; hardcore label\",\"publisher\":{\"@id\":\"https:\\\/\\\/dispear-records.com\\\/#organization\"},\"potentialAction\":[{\"@type\":\"SearchAction\",\"target\":{\"@type\":\"EntryPoint\",\"urlTemplate\":\"https:\\\/\\\/dispear-records.com\\\/?s={search_term_string}\"},\"query-input\":{\"@type\":\"PropertyValueSpecification\",\"valueRequired\":true,\"valueName\":\"search_term_string\"}}],\"inLanguage\":\"fr-FR\"},{\"@type\":\"Organization\",\"@id\":\"https:\\\/\\\/dispear-records.com\\\/#organization\",\"name\":\"Dispear Records\",\"url\":\"https:\\\/\\\/dispear-records.com\\\/\",\"logo\":{\"@type\":\"ImageObject\",\"inLanguage\":\"fr-FR\",\"@id\":\"https:\\\/\\\/dispear-records.com\\\/#\\\/schema\\\/logo\\\/image\\\/\",\"url\":\"https:\\\/\\\/dispear-records.com\\\/wp-content\\\/uploads\\\/2021\\\/06\\\/cropped-cropped-dispear.png\",\"contentUrl\":\"https:\\\/\\\/dispear-records.com\\\/wp-content\\\/uploads\\\/2021\\\/06\\\/cropped-cropped-dispear.png\",\"width\":2592,\"height\":709,\"caption\":\"Dispear Records\"},\"image\":{\"@id\":\"https:\\\/\\\/dispear-records.com\\\/#\\\/schema\\\/logo\\\/image\\\/\"}}]}<\/script>\n<!-- \/ Yoast SEO plugin. -->","yoast_head_json":{"title":"[Cassette] The Sobers - Dispears' Prime Cuts","description":"The Sobers, c'est du punk rock californien tout droit venu de Marseille ! Et leurs meilleurs tubes sont en cassette avec les morceaux choisis de la poire !","robots":{"index":"index","follow":"follow","max-snippet":"max-snippet:-1","max-image-preview":"max-image-preview:large","max-video-preview":"max-video-preview:-1"},"canonical":"https:\/\/dispear-records.com\/index.php\/produit\/cassette-the-sobers-dispears-prime-cuts\/","og_locale":"fr_FR","og_type":"article","og_title":"[Cassette] The Sobers - Dispears' Prime Cuts","og_description":"The Sobers, c'est du punk rock californien tout droit venu de Marseille ! Et leurs meilleurs tubes sont en cassette avec les morceaux choisis de la poire !","og_url":"https:\/\/dispear-records.com\/index.php\/produit\/cassette-the-sobers-dispears-prime-cuts\/","og_site_name":"Dispear Records","article_modified_time":"2025-07-29T09:22:26+00:00","og_image":[{"width":800,"height":800,"url":"https:\/\/dispear-records.com\/wp-content\/uploads\/2024\/09\/IMG_2117-copie-800.jpg","type":"image\/jpeg"}],"twitter_card":"summary_large_image","twitter_misc":{"Dur\u00e9e de lecture estim\u00e9e":"1 minute"},"schema":{"@context":"https:\/\/schema.org","@graph":[{"@type":"WebPage","@id":"https:\/\/dispear-records.com\/index.php\/produit\/cassette-the-sobers-dispears-prime-cuts\/","url":"https:\/\/dispear-records.com\/index.php\/produit\/cassette-the-sobers-dispears-prime-cuts\/","name":"[Cassette] The Sobers - Dispears' Prime Cuts","isPartOf":{"@id":"https:\/\/dispear-records.com\/#website"},"primaryImageOfPage":{"@id":"https:\/\/dispear-records.com\/index.php\/produit\/cassette-the-sobers-dispears-prime-cuts\/#primaryimage"},"image":{"@id":"https:\/\/dispear-records.com\/index.php\/produit\/cassette-the-sobers-dispears-prime-cuts\/#primaryimage"},"thumbnailUrl":"https:\/\/dispear-records.com\/wp-content\/uploads\/2024\/09\/IMG_2117-copie-800.jpg","datePublished":"2024-09-19T11:13:47+00:00","dateModified":"2025-07-29T09:22:26+00:00","description":"The Sobers, c'est du punk rock californien tout droit venu de Marseille ! Et leurs meilleurs tubes sont en cassette avec les morceaux choisis de la poire !","breadcrumb":{"@id":"https:\/\/dispear-records.com\/index.php\/produit\/cassette-the-sobers-dispears-prime-cuts\/#breadcrumb"},"inLanguage":"fr-FR","potentialAction":[{"@type":"ReadAction","target":["https:\/\/dispear-records.com\/index.php\/produit\/cassette-the-sobers-dispears-prime-cuts\/"]}]},{"@type":"ImageObject","inLanguage":"fr-FR","@id":"https:\/\/dispear-records.com\/index.php\/produit\/cassette-the-sobers-dispears-prime-cuts\/#primaryimage","url":"https:\/\/dispear-records.com\/wp-content\/uploads\/2024\/09\/IMG_2117-copie-800.jpg","contentUrl":"https:\/\/dispear-records.com\/wp-content\/uploads\/2024\/09\/IMG_2117-copie-800.jpg","width":800,"height":800},{"@type":"BreadcrumbList","@id":"https:\/\/dispear-records.com\/index.php\/produit\/cassette-the-sobers-dispears-prime-cuts\/#breadcrumb","itemListElement":[{"@type":"ListItem","position":1,"name":"Accueil","item":"https:\/\/dispear-records.com\/"},{"@type":"ListItem","position":2,"name":"Boutique","item":"https:\/\/dispear-records.com\/"},{"@type":"ListItem","position":3,"name":"[Cassette] The Sobers &#8211; Dispears&rsquo; Prime Cuts"}]},{"@type":"WebSite","@id":"https:\/\/dispear-records.com\/#website","url":"https:\/\/dispear-records.com\/","name":"Dispear Records","description":"DIY punk &amp; hardcore label","publisher":{"@id":"https:\/\/dispear-records.com\/#organization"},"potentialAction":[{"@type":"SearchAction","target":{"@type":"EntryPoint","urlTemplate":"https:\/\/dispear-records.com\/?s={search_term_string}"},"query-input":{"@type":"PropertyValueSpecification","valueRequired":true,"valueName":"search_term_string"}}],"inLanguage":"fr-FR"},{"@type":"Organization","@id":"https:\/\/dispear-records.com\/#organization","name":"Dispear Records","url":"https:\/\/dispear-records.com\/","logo":{"@type":"ImageObject","inLanguage":"fr-FR","@id":"https:\/\/dispear-records.com\/#\/schema\/logo\/image\/","url":"https:\/\/dispear-records.com\/wp-content\/uploads\/2021\/06\/cropped-cropped-dispear.png","contentUrl":"https:\/\/dispear-records.com\/wp-content\/uploads\/2021\/06\/cropped-cropped-dispear.png","width":2592,"height":709,"caption":"Dispear Records"},"image":{"@id":"https:\/\/dispear-records.com\/#\/schema\/logo\/image\/"}}]}},"_links":{"self":[{"href":"https:\/\/dispear-records.com\/index.php\/wp-json\/wp\/v2\/product\/817","targetHints":{"allow":["GET"]}}],"collection":[{"href":"https:\/\/dispear-records.com\/index.php\/wp-json\/wp\/v2\/product"}],"about":[{"href":"https:\/\/dispear-records.com\/index.php\/wp-json\/wp\/v2\/types\/product"}],"wp:featuredmedia":[{"embeddable":true,"href":"https:\/\/dispear-records.com\/index.php\/wp-json\/wp\/v2\/media\/818"}],"wp:attachment":[{"href":"https:\/\/dispear-records.com\/index.php\/wp-json\/wp\/v2\/media?parent=817"}],"wp:term":[{"taxonomy":"product_brand","embeddable":true,"href":"https:\/\/dispear-records.com\/index.php\/wp-json\/wp\/v2\/product_brand?post=817"},{"taxonomy":"product_cat","embeddable":true,"href":"https:\/\/dispear-records.com\/index.php\/wp-json\/wp\/v2\/product_cat?post=817"},{"taxonomy":"product_tag","embeddable":true,"href":"https:\/\/dispear-records.com\/index.php\/wp-json\/wp\/v2\/product_tag?post=817"}],"curies":[{"name":"wp","href":"https:\/\/api.w.org\/{rel}","templated":true}]}}