{"id":822,"date":"2024-10-01T17:41:39","date_gmt":"2024-10-01T15:41:39","guid":{"rendered":"https:\/\/dispear-records.com\/?post_type=product&#038;p=822"},"modified":"2025-07-29T12:17:22","modified_gmt":"2025-07-29T10:17:22","slug":"t-shirt-dispear-records-poire-molotov-by-shora-tattoo","status":"publish","type":"product","link":"https:\/\/dispear-records.com\/index.php\/produit\/t-shirt-dispear-records-poire-molotov-by-shora-tattoo\/","title":{"rendered":"[T-shirt]\u00a0Dispear Records &#8211; Poire molotov by Shora Tattoo"},"content":{"rendered":"<p>Pour ce nouveau t-shirt Dispear Records, on a fait appel \u00e0 l&rsquo;ami J\u00e9r\u00f4me, qui plante ses aiguilles dans une sombre rue de Bayonne \u00e0 l&rsquo;\u00e9tage du Z\u00fcz\u00fcl\u00fc. Aussi connu sous le pseudonyme <a href=\"https:\/\/www.instagram.com\/shora.tattoo\/\" target=\"_blank\" rel=\"noopener\">Shora Tattoo<\/a>, le type<span style=\"font-weight: 400;\"> est \u00e9galement le chanteur de feu The Rodeo Idiot Engine, groupe de hardcore chaotique \u00e0 la Dillinger Escape Plan ayant gagn\u00e9 le statut de groupe culte au Pays Basque, et depuis peu il donne aussi de la voix dans The Void Experiment (hardcore post rock). <\/span><\/p>\n<p><span style=\"font-weight: 400;\">Pour ce t-shirt, il est parti sur une poire poch\u00e9e dans son alcool en bouteille, flamb\u00e9e sur le goulot. Une sorte de poire molotov en gros. Et si tu check bien y\u2019a m\u00eame un petit logo Black Flag, \u00e0 peine cach\u00e9, pour que les gens comprennent bien que c&rsquo;est un truc de punk, et qu\u2019on donne pas dans l\u2019eurodance !<\/span><\/p>\n<p>Textile Gildan Heavy Cotton 180g<\/p>\n","protected":false},"excerpt":{"rendered":"<p>L&rsquo;autre t-shirt Dispear Records officiel ! Couleur blanc, coupe unisexe.<br \/>\nMagnifiquement illustr\u00e9 par <a href=\"https:\/\/www.instagram.com\/shora.tattoo\/\" target=\"_blank\" rel=\"noopener\">Shora Tattoo<\/a>.<\/p>\n","protected":false},"featured_media":828,"template":"","meta":[],"product_brand":[],"product_cat":[32,31],"product_tag":[],"class_list":{"0":"post-822","1":"product","2":"type-product","3":"status-publish","4":"has-post-thumbnail","6":"product_cat-dispear","7":"product_cat-t-shirts","9":"first","10":"instock","11":"shipping-taxable","12":"purchasable","13":"product-type-variable"},"yoast_head":"<!-- This site is optimized with the Yoast SEO plugin v27.5 - https:\/\/yoast.com\/product\/yoast-seo-wordpress\/ -->\n<title>[T-shirt]\u00a0Dispear Records - Poire molotov by Shora Tattoo - Dispear Records<\/title>\n<meta name=\"description\" content=\"La poire poch\u00e9e dans sa bouteille d&#039;alcool flamb\u00e9e sur le goulot se porte \u00e0 merveille dans les pogos. Illustration sign\u00e9e Shora Tattoo\" \/>\n<meta name=\"robots\" content=\"index, follow, max-snippet:-1, max-image-preview:large, max-video-preview:-1\" \/>\n<link rel=\"canonical\" href=\"https:\/\/dispear-records.com\/index.php\/produit\/t-shirt-dispear-records-poire-molotov-by-shora-tattoo\/\" \/>\n<meta property=\"og:locale\" content=\"fr_FR\" \/>\n<meta property=\"og:type\" content=\"article\" \/>\n<meta property=\"og:title\" content=\"[T-shirt]\u00a0Dispear Records - Poire molotov by Shora Tattoo - Dispear Records\" \/>\n<meta property=\"og:description\" content=\"La poire poch\u00e9e dans sa bouteille d&#039;alcool flamb\u00e9e sur le goulot se porte \u00e0 merveille dans les pogos. Illustration sign\u00e9e Shora Tattoo\" \/>\n<meta property=\"og:url\" content=\"https:\/\/dispear-records.com\/index.php\/produit\/t-shirt-dispear-records-poire-molotov-by-shora-tattoo\/\" \/>\n<meta property=\"og:site_name\" content=\"Dispear Records\" \/>\n<meta property=\"article:modified_time\" content=\"2025-07-29T10:17:22+00:00\" \/>\n<meta property=\"og:image\" content=\"https:\/\/dispear-records.com\/wp-content\/uploads\/2024\/10\/IMG_4247-800.jpg\" \/>\n\t<meta property=\"og:image:width\" content=\"800\" \/>\n\t<meta property=\"og:image:height\" content=\"800\" \/>\n\t<meta property=\"og:image:type\" content=\"image\/jpeg\" \/>\n<meta name=\"twitter:card\" content=\"summary_large_image\" \/>\n<meta name=\"twitter:label1\" content=\"Dur\u00e9e de lecture estim\u00e9e\" \/>\n\t<meta name=\"twitter:data1\" content=\"1 minute\" \/>\n<script type=\"application\/ld+json\" class=\"yoast-schema-graph\">{\"@context\":\"https:\\\/\\\/schema.org\",\"@graph\":[{\"@type\":\"WebPage\",\"@id\":\"https:\\\/\\\/dispear-records.com\\\/index.php\\\/produit\\\/t-shirt-dispear-records-poire-molotov-by-shora-tattoo\\\/\",\"url\":\"https:\\\/\\\/dispear-records.com\\\/index.php\\\/produit\\\/t-shirt-dispear-records-poire-molotov-by-shora-tattoo\\\/\",\"name\":\"[T-shirt]\u00a0Dispear Records - Poire molotov by Shora Tattoo - Dispear Records\",\"isPartOf\":{\"@id\":\"https:\\\/\\\/dispear-records.com\\\/#website\"},\"primaryImageOfPage\":{\"@id\":\"https:\\\/\\\/dispear-records.com\\\/index.php\\\/produit\\\/t-shirt-dispear-records-poire-molotov-by-shora-tattoo\\\/#primaryimage\"},\"image\":{\"@id\":\"https:\\\/\\\/dispear-records.com\\\/index.php\\\/produit\\\/t-shirt-dispear-records-poire-molotov-by-shora-tattoo\\\/#primaryimage\"},\"thumbnailUrl\":\"https:\\\/\\\/dispear-records.com\\\/wp-content\\\/uploads\\\/2024\\\/10\\\/IMG_4247-800.jpg\",\"datePublished\":\"2024-10-01T15:41:39+00:00\",\"dateModified\":\"2025-07-29T10:17:22+00:00\",\"description\":\"La poire poch\u00e9e dans sa bouteille d'alcool flamb\u00e9e sur le goulot se porte \u00e0 merveille dans les pogos. Illustration sign\u00e9e Shora Tattoo\",\"breadcrumb\":{\"@id\":\"https:\\\/\\\/dispear-records.com\\\/index.php\\\/produit\\\/t-shirt-dispear-records-poire-molotov-by-shora-tattoo\\\/#breadcrumb\"},\"inLanguage\":\"fr-FR\",\"potentialAction\":[{\"@type\":\"ReadAction\",\"target\":[\"https:\\\/\\\/dispear-records.com\\\/index.php\\\/produit\\\/t-shirt-dispear-records-poire-molotov-by-shora-tattoo\\\/\"]}]},{\"@type\":\"ImageObject\",\"inLanguage\":\"fr-FR\",\"@id\":\"https:\\\/\\\/dispear-records.com\\\/index.php\\\/produit\\\/t-shirt-dispear-records-poire-molotov-by-shora-tattoo\\\/#primaryimage\",\"url\":\"https:\\\/\\\/dispear-records.com\\\/wp-content\\\/uploads\\\/2024\\\/10\\\/IMG_4247-800.jpg\",\"contentUrl\":\"https:\\\/\\\/dispear-records.com\\\/wp-content\\\/uploads\\\/2024\\\/10\\\/IMG_4247-800.jpg\",\"width\":800,\"height\":800},{\"@type\":\"BreadcrumbList\",\"@id\":\"https:\\\/\\\/dispear-records.com\\\/index.php\\\/produit\\\/t-shirt-dispear-records-poire-molotov-by-shora-tattoo\\\/#breadcrumb\",\"itemListElement\":[{\"@type\":\"ListItem\",\"position\":1,\"name\":\"Accueil\",\"item\":\"https:\\\/\\\/dispear-records.com\\\/\"},{\"@type\":\"ListItem\",\"position\":2,\"name\":\"Boutique\",\"item\":\"https:\\\/\\\/dispear-records.com\\\/\"},{\"@type\":\"ListItem\",\"position\":3,\"name\":\"[T-shirt]\u00a0Dispear Records &#8211; Poire molotov by Shora Tattoo\"}]},{\"@type\":\"WebSite\",\"@id\":\"https:\\\/\\\/dispear-records.com\\\/#website\",\"url\":\"https:\\\/\\\/dispear-records.com\\\/\",\"name\":\"Dispear Records\",\"description\":\"DIY punk &amp; hardcore label\",\"publisher\":{\"@id\":\"https:\\\/\\\/dispear-records.com\\\/#organization\"},\"potentialAction\":[{\"@type\":\"SearchAction\",\"target\":{\"@type\":\"EntryPoint\",\"urlTemplate\":\"https:\\\/\\\/dispear-records.com\\\/?s={search_term_string}\"},\"query-input\":{\"@type\":\"PropertyValueSpecification\",\"valueRequired\":true,\"valueName\":\"search_term_string\"}}],\"inLanguage\":\"fr-FR\"},{\"@type\":\"Organization\",\"@id\":\"https:\\\/\\\/dispear-records.com\\\/#organization\",\"name\":\"Dispear Records\",\"url\":\"https:\\\/\\\/dispear-records.com\\\/\",\"logo\":{\"@type\":\"ImageObject\",\"inLanguage\":\"fr-FR\",\"@id\":\"https:\\\/\\\/dispear-records.com\\\/#\\\/schema\\\/logo\\\/image\\\/\",\"url\":\"https:\\\/\\\/dispear-records.com\\\/wp-content\\\/uploads\\\/2021\\\/06\\\/cropped-cropped-dispear.png\",\"contentUrl\":\"https:\\\/\\\/dispear-records.com\\\/wp-content\\\/uploads\\\/2021\\\/06\\\/cropped-cropped-dispear.png\",\"width\":2592,\"height\":709,\"caption\":\"Dispear Records\"},\"image\":{\"@id\":\"https:\\\/\\\/dispear-records.com\\\/#\\\/schema\\\/logo\\\/image\\\/\"}}]}<\/script>\n<!-- \/ Yoast SEO plugin. -->","yoast_head_json":{"title":"[T-shirt]\u00a0Dispear Records - Poire molotov by Shora Tattoo - Dispear Records","description":"La poire poch\u00e9e dans sa bouteille d'alcool flamb\u00e9e sur le goulot se porte \u00e0 merveille dans les pogos. Illustration sign\u00e9e Shora Tattoo","robots":{"index":"index","follow":"follow","max-snippet":"max-snippet:-1","max-image-preview":"max-image-preview:large","max-video-preview":"max-video-preview:-1"},"canonical":"https:\/\/dispear-records.com\/index.php\/produit\/t-shirt-dispear-records-poire-molotov-by-shora-tattoo\/","og_locale":"fr_FR","og_type":"article","og_title":"[T-shirt]\u00a0Dispear Records - Poire molotov by Shora Tattoo - Dispear Records","og_description":"La poire poch\u00e9e dans sa bouteille d'alcool flamb\u00e9e sur le goulot se porte \u00e0 merveille dans les pogos. Illustration sign\u00e9e Shora Tattoo","og_url":"https:\/\/dispear-records.com\/index.php\/produit\/t-shirt-dispear-records-poire-molotov-by-shora-tattoo\/","og_site_name":"Dispear Records","article_modified_time":"2025-07-29T10:17:22+00:00","og_image":[{"width":800,"height":800,"url":"https:\/\/dispear-records.com\/wp-content\/uploads\/2024\/10\/IMG_4247-800.jpg","type":"image\/jpeg"}],"twitter_card":"summary_large_image","twitter_misc":{"Dur\u00e9e de lecture estim\u00e9e":"1 minute"},"schema":{"@context":"https:\/\/schema.org","@graph":[{"@type":"WebPage","@id":"https:\/\/dispear-records.com\/index.php\/produit\/t-shirt-dispear-records-poire-molotov-by-shora-tattoo\/","url":"https:\/\/dispear-records.com\/index.php\/produit\/t-shirt-dispear-records-poire-molotov-by-shora-tattoo\/","name":"[T-shirt]\u00a0Dispear Records - Poire molotov by Shora Tattoo - Dispear Records","isPartOf":{"@id":"https:\/\/dispear-records.com\/#website"},"primaryImageOfPage":{"@id":"https:\/\/dispear-records.com\/index.php\/produit\/t-shirt-dispear-records-poire-molotov-by-shora-tattoo\/#primaryimage"},"image":{"@id":"https:\/\/dispear-records.com\/index.php\/produit\/t-shirt-dispear-records-poire-molotov-by-shora-tattoo\/#primaryimage"},"thumbnailUrl":"https:\/\/dispear-records.com\/wp-content\/uploads\/2024\/10\/IMG_4247-800.jpg","datePublished":"2024-10-01T15:41:39+00:00","dateModified":"2025-07-29T10:17:22+00:00","description":"La poire poch\u00e9e dans sa bouteille d'alcool flamb\u00e9e sur le goulot se porte \u00e0 merveille dans les pogos. Illustration sign\u00e9e Shora Tattoo","breadcrumb":{"@id":"https:\/\/dispear-records.com\/index.php\/produit\/t-shirt-dispear-records-poire-molotov-by-shora-tattoo\/#breadcrumb"},"inLanguage":"fr-FR","potentialAction":[{"@type":"ReadAction","target":["https:\/\/dispear-records.com\/index.php\/produit\/t-shirt-dispear-records-poire-molotov-by-shora-tattoo\/"]}]},{"@type":"ImageObject","inLanguage":"fr-FR","@id":"https:\/\/dispear-records.com\/index.php\/produit\/t-shirt-dispear-records-poire-molotov-by-shora-tattoo\/#primaryimage","url":"https:\/\/dispear-records.com\/wp-content\/uploads\/2024\/10\/IMG_4247-800.jpg","contentUrl":"https:\/\/dispear-records.com\/wp-content\/uploads\/2024\/10\/IMG_4247-800.jpg","width":800,"height":800},{"@type":"BreadcrumbList","@id":"https:\/\/dispear-records.com\/index.php\/produit\/t-shirt-dispear-records-poire-molotov-by-shora-tattoo\/#breadcrumb","itemListElement":[{"@type":"ListItem","position":1,"name":"Accueil","item":"https:\/\/dispear-records.com\/"},{"@type":"ListItem","position":2,"name":"Boutique","item":"https:\/\/dispear-records.com\/"},{"@type":"ListItem","position":3,"name":"[T-shirt]\u00a0Dispear Records &#8211; Poire molotov by Shora Tattoo"}]},{"@type":"WebSite","@id":"https:\/\/dispear-records.com\/#website","url":"https:\/\/dispear-records.com\/","name":"Dispear Records","description":"DIY punk &amp; hardcore label","publisher":{"@id":"https:\/\/dispear-records.com\/#organization"},"potentialAction":[{"@type":"SearchAction","target":{"@type":"EntryPoint","urlTemplate":"https:\/\/dispear-records.com\/?s={search_term_string}"},"query-input":{"@type":"PropertyValueSpecification","valueRequired":true,"valueName":"search_term_string"}}],"inLanguage":"fr-FR"},{"@type":"Organization","@id":"https:\/\/dispear-records.com\/#organization","name":"Dispear Records","url":"https:\/\/dispear-records.com\/","logo":{"@type":"ImageObject","inLanguage":"fr-FR","@id":"https:\/\/dispear-records.com\/#\/schema\/logo\/image\/","url":"https:\/\/dispear-records.com\/wp-content\/uploads\/2021\/06\/cropped-cropped-dispear.png","contentUrl":"https:\/\/dispear-records.com\/wp-content\/uploads\/2021\/06\/cropped-cropped-dispear.png","width":2592,"height":709,"caption":"Dispear Records"},"image":{"@id":"https:\/\/dispear-records.com\/#\/schema\/logo\/image\/"}}]}},"_links":{"self":[{"href":"https:\/\/dispear-records.com\/index.php\/wp-json\/wp\/v2\/product\/822","targetHints":{"allow":["GET"]}}],"collection":[{"href":"https:\/\/dispear-records.com\/index.php\/wp-json\/wp\/v2\/product"}],"about":[{"href":"https:\/\/dispear-records.com\/index.php\/wp-json\/wp\/v2\/types\/product"}],"wp:featuredmedia":[{"embeddable":true,"href":"https:\/\/dispear-records.com\/index.php\/wp-json\/wp\/v2\/media\/828"}],"wp:attachment":[{"href":"https:\/\/dispear-records.com\/index.php\/wp-json\/wp\/v2\/media?parent=822"}],"wp:term":[{"taxonomy":"product_brand","embeddable":true,"href":"https:\/\/dispear-records.com\/index.php\/wp-json\/wp\/v2\/product_brand?post=822"},{"taxonomy":"product_cat","embeddable":true,"href":"https:\/\/dispear-records.com\/index.php\/wp-json\/wp\/v2\/product_cat?post=822"},{"taxonomy":"product_tag","embeddable":true,"href":"https:\/\/dispear-records.com\/index.php\/wp-json\/wp\/v2\/product_tag?post=822"}],"curies":[{"name":"wp","href":"https:\/\/api.w.org\/{rel}","templated":true}]}}